{"id":1728,"date":"2017-08-22T19:31:59","date_gmt":"2017-08-22T16:31:59","guid":{"rendered":"http:\/\/opesbaltic.lv\/product\/ccs3100\/"},"modified":"2018-02-14T10:33:31","modified_gmt":"2018-02-14T07:33:31","slug":"ccs3100","status":"publish","type":"product","link":"http:\/\/opesbaltic.lv\/ru\/product\/ccs3100\/","title":{"rendered":"CCS 3100"},"content":{"rendered":"<p><a class=\"et_pb_button et_pb_button_0 et_pb_module et_pb_bg_layout_light\" href=\"\/wp-content\/uploads\/catalogue\/ContinuosInkjetPrinters\/CCS3100\/CCS3100_Catalogue.pdf\" target=\"_blank\" rel=\"noopener\">\u041a\u0430\u0442\u0430\u043b\u043e\u0433<\/a><\/p>\n<p>&nbsp;<\/p>\n<table>\n<colgroup>\n<col width=\"325px\" \/>\n<col width=\"602px\" \/> <\/colgroup>\n<tbody>\n<tr>\n<th>\u0421\u0438\u0441\u0442\u0435\u043c\u0430 \u043f\u0435\u0447\u0430\u0442\u0438<\/th>\n<td>\u041d\u0435\u043f\u0440\u0435\u0440\u044b\u0432\u043d\u0430\u044f (\u0441\u0438\u0441\u0442\u0435\u043c\u0430 \u0443\u043f\u0440\u0430\u0432\u043b\u0435\u043d\u0438\u044f \u0437\u0430\u0440\u044f\u0434\u043a\u043e\u0439)<\/td>\n<\/tr>\n<tr>\n<th>\u0421\u043e\u043e\u0442\u0432\u0435\u0442\u0441\u0442\u0432\u0443\u044e\u0449\u0438\u0435 \u0447\u0435\u0440\u043d\u0438\u043b\u0430<\/th>\n<td>\u041a\u0440\u0430\u0441\u043a\u0438 \u0434\u043b\u044f \u043a\u0440\u0430\u0441\u043e\u043a \u0438 \u043f\u0438\u0433\u043c\u0435\u043d\u0442\u043d\u044b\u0435 \u0447\u0435\u0440\u043d\u0438\u043b\u0430<\/td>\n<\/tr>\n<tr>\n<th>\u041f\u044b\u043b\u0435\u0437\u0430\u0449\u0438\u0442\u043d\u044b\u0439 \u0432\u043e\u0434\u043e\u043d\u0435\u043f\u0440\u043e\u043d\u0438\u0446\u0430\u0435\u043c\u044b\u0439<\/th>\n<td>IP65<\/td>\n<\/tr>\n<tr>\n<th>RoHS<\/th>\n<td>\u041f\u043e\u0434\u0434\u0435\u0440\u0436\u043a\u0430<\/td>\n<\/tr>\n<tr>\n<th>\u0420\u0430\u0437\u043c\u0435\u0440 \u044d\u043a\u0440\u0430\u043d\u0430<\/th>\n<td>10,4 &#171;\u0446\u0432\u0435\u0442\u043d\u043e\u0439 \u0416\u041a-\u0434\u0438\u0441\u043f\u043b\u0435\u0439 \/ \u0441\u0435\u043d\u0441\u043e\u0440\u043d\u0430\u044f \u043f\u0430\u043d\u0435\u043b\u044c<\/td>\n<\/tr>\n<tr>\n<th>\u0421\u043e\u043e\u0442\u0432\u0435\u0442\u0441\u0442\u0432\u0443\u044e\u0449\u0438\u0435 \u043d\u0430\u0441\u0430\u0434\u043a\u0438<\/th>\n<td>40\u03bcm \/ 50\u03bcm \/ 60\u03bcm<\/td>\n<\/tr>\n<tr>\n<th>\u0412\u044b\u0441\u043e\u0442\u0430 \u0441\u0438\u043c\u0432\u043e\u043b\u0430<\/th>\n<td>0,8-5 \u043c\u043c (\u0441\u043e\u043f\u043b\u043e 40 \u043c\u043a\u043c), 1-10 \u043c\u043c (\u0441\u043e\u043f\u043b\u043e 50 \u043c\u043a\u043c), 2-10 \u043c\u043c (\u0441\u043e\u043f\u043b\u043e 60 \u043c\u043a\u043c)<\/td>\n<\/tr>\n<tr>\n<th>\u041c\u0430\u043a\u0441\u0438\u043c\u0430\u043b\u044c\u043d\u0430\u044f \u0441\u043a\u043e\u0440\u043e\u0441\u0442\u044c \u043f\u0435\u0447\u0430\u0442\u0438<br \/>\n[\u0421\u0438\u043c\u0432\u043e\u043b\u043e\u0432 \/ \u0441\u0435\u043a]<br \/>\n(5&#215;5 \u0442\u043e\u0447\u0435\u0447\u043d\u044b\u0445 \u0448\u0440\u0438\u0444\u0442\u043e\u0432 \u0438 1character \u043c\u0435\u0436\u0434\u0443)<\/th>\n<td>1780-3200 (\u043e\u043d \u0438\u0437\u043c\u0435\u043d\u044f\u0435\u0442\u0441\u044f \u0441 \u0442\u0438\u043f\u043e\u043c \u0441\u043e\u043f\u043b\u0430 \u0438 \u0442\u0438\u043f\u043e\u043c \u0447\u0435\u0440\u043d\u0438\u043b)<\/td>\n<\/tr>\n<tr>\n<th>\u0422\u0438\u043f \u0441\u0438\u043c\u0432\u043e\u043b\u0430<\/th>\n<td>\u0410\u043b\u0444\u0430\u0432\u0438\u0442 (\u0432\u0435\u0440\u0445\u043d\u0438\u0439 \u0440\u0435\u0433\u0438\u0441\u0442\u0440 \/ \u043d\u0438\u0436\u043d\u0438\u0439 \u0440\u0435\u0433\u0438\u0441\u0442\u0440), \u0446\u0438\u0444\u0440\u044b, \u0441\u0438\u043c\u0432\u043e\u043b\u044b, \u044f\u043f\u043e\u043d\u0441\u043a\u0438\u0439 \u0445\u0438\u0440\u0430\u0433\u0430\u043d\u0430, \u043a\u0430\u0442\u0430\u043a\u0430\u043d\u0430, kanji (JIS class 1 \u0438 2), \u0441\u0438\u043c\u0432\u043e\u043b\u044b \u043f\u043e\u043b\u044c\u0437\u043e\u0432\u0430\u0442\u0435\u043b\u044f<\/td>\n<\/tr>\n<tr>\n<th>\u041a\u043e\u043b\u0438\u0447\u0435\u0441\u0442\u0432\u043e \u043f\u0435\u0447\u0430\u0442\u043d\u044b\u0445 \u044d\u0442\u0430\u043f\u043e\u0432 \u0438<br \/>\n\u043f\u0440\u0438\u043c\u0435\u0440 \u043a\u043e\u043d\u0444\u0438\u0433\u0443\u0440\u0430\u0446\u0438\u0438 \u0442\u043e\u0447\u043a\u0438<br \/>\n(\u0434\u043b\u0438\u043d\u0430 \u00d7 \u0448\u0438\u0440\u0438\u043d\u0430)<\/th>\n<td>[1 ~ 6 \u0441\u0442\u0430\u0434\u0438\u0439] 5 \u00d7 5, 5 \u00d7 N<br \/>\n[1 ~ 4 \u0441\u0442\u0430\u0434\u0438\u0439] 7 \u00d7 5, 7 \u00d7 8, 7 \u00d7 N<br \/>\n[1 ~ 3 \u0441\u0442\u0430\u0434\u0438\u0439] 9 \u00d7 7, 9 \u00d7 9, 10 \u00d7 8, 12 \u00d7 10<br \/>\n[1 ~ 2 \u0441\u0442\u0430\u0434\u0438\u0439] 16 \u00d7 12, 16 \u00d7 16<br \/>\n[1-\u0439] 24 \u00d7 18, 24 \u00d7 24, 32 \u00d7 24 \u203b 32 \u00d7 32 \u203b<\/td>\n<\/tr>\n<tr>\n<th>\u041d\u043e\u043c\u0435\u0440 \u043d\u043e\u043c\u0435\u0440\u0430 \u0440\u0435\u0433\u0438\u0441\u0442\u0440\u0430\u0446\u0438\u0438 \u0441\u043e\u043e\u0431\u0449\u0435\u043d\u0438\u0439<\/th>\n<td>\u041c\u0430\u043a\u0441\u0438\u043c\u0443\u043c 4096 \u0441\u0438\u043c\u0432\u043e\u043b\u043e\u0432<\/td>\n<\/tr>\n<tr>\n<th>\u0420\u0435\u0433\u0438\u0441\u0442\u0440\u0430\u0446\u0438\u043e\u043d\u043d\u044b\u0439 \u043d\u043e\u043c\u0435\u0440 \u0441\u043e\u043e\u0431\u0449\u0435\u043d\u0438\u044f<\/th>\n<td>\u041c\u0430\u043a\u0441\u0438\u043c\u0430\u043b\u044c\u043d\u043e\u0435 \u0441\u043e\u043e\u0431\u0449\u0435\u043d\u0438\u0435 999<\/td>\n<\/tr>\n<tr>\n<th>\u0414\u0430\u0442\u0430 \u0412\u0440\u0435\u043c\u044f (\u0434\u0430\u0442\u0430 \u0438\u0441\u0442\u0435\u0447\u0435\u043d\u0438\u044f \u0441\u0440\u043e\u043a\u0430 \u0434\u0435\u0439\u0441\u0442\u0432\u0438\u044f)<br \/>\n\u0424\u0443\u043d\u043a\u0446\u0438\u044f \u043f\u0435\u0447\u0430\u0442\u0438<\/th>\n<td>\u0425\u0440\u0438\u0441\u0442\u0438\u0430\u043d\u0441\u043a\u0438\u0439 \u0433\u043e\u0434, \u0442\u0440\u0430\u0434\u0438\u0446\u0438\u043e\u043d\u043d\u044b\u0439 \u044f\u043f\u043e\u043d\u0441\u043a\u0438\u0439 \u043a\u0430\u043b\u0435\u043d\u0434\u0430\u0440\u044c, \u0433\u043e\u0434 \/ \u043c\u0435\u0441\u044f\u0446 \/ \u0434\u0435\u043d\u044c, \u0434\u0435\u043d\u044c \u043d\u0435\u0434\u0435\u043b\u0438, (\u0444\u043e\u0440\u043c\u0430\u0442 12 \/ 24H), \u044e\u043b\u0438\u0430\u043d\u0441\u043a\u0430\u044f \u0434\u0430\u0442\u0430, \u0441\u0435\u0440\u0438\u0439\u043d\u044b\u0439 \u043d\u043e\u043c\u0435\u0440 \u043d\u0435\u0434\u0435\u043b\u0438 \u0432 \u0433\u043e\u0434\u0443, \u0440\u0430\u043d\u043d\u0438\u0439 \/ \u0441\u0440\u0435\u0434\u043d\u0438\u0439 \/ \u043f\u043e\u0437\u0434\u043d\u0438\u0439 \u043f\u0435\u0440\u0438\u043e\u0434 \u043c\u0435\u0441\u044f\u0446\u0430 (\u043d\u0430\u0441\u0442\u0440\u043e\u0439\u043a\u0430 \u0438\u0437\u043c\u0435\u043d\u044f\u0435\u043c\u043e\u0433\u043e \u043f\u0435\u0440\u0438\u043e\u0434\u0430), AM \/ PM, \u043a\u043e\u0434 \u0441\u0434\u0432\u0438\u0433\u0430, \u043d\u0430\u0437\u043d\u0430\u0447\u0435\u043d\u0438\u0435 \u0441\u0438\u043c\u0432\u043e\u043b\u0430 (\u043d\u0430\u0437\u043d\u0430\u0447\u0438\u0442\u044c \u0433\u043e\u0434, \u043c\u0435\u0441\u044f\u0446, \u0434\u0435\u043d\u044c, \u0447\u0430\u0441, \u043c\u0438\u043d\u0443\u0442\u0443, \u0441\u0435\u043a\u0443\u043d\u0434\u0443, \u0434\u0435\u043d\u044c \u043d\u0435\u0434\u0435\u043b\u0438) \u043d\u0430 \u043c\u0430\u043a\u0441\u0438\u043c\u0430\u043b\u044c\u043d\u043e\u0435 \u0447\u0438\u0441\u043b\u043e \u043e\u0442 4 \u0434\u043e 15 \u0446\u0438\u0444\u0440 \u0434\u0440\u0443\u0433\u0438\u0445 \u0441\u0438\u043c\u0432\u043e\u043b\u043e\u0432.<\/td>\n<\/tr>\n<tr>\n<th>\u0424\u0443\u043d\u043a\u0446\u0438\u044f \u043d\u0443\u043c\u0435\u0440\u0430\u0446\u0438\u0438<\/th>\n<td>\u0414\u043e 10 \u0446\u0438\u0444\u0440, \u043b\u044e\u0431\u0430\u044f \u0443\u0441\u0442\u0430\u043d\u043e\u0432\u043a\u0430 \u043d\u0430\u0447\u0430\u043b\u044c\u043d\u043e\u0433\u043e \u0437\u043d\u0430\u0447\u0435\u043d\u0438\u044f, \u0432\u0432\u0435\u0440\u0445 \/ \u0432\u043d\u0438\u0437, \u043f\u0435\u0440\u0435\u043d\u043e\u0441 \u0446\u0438\u0444\u0440\u044b<br \/>\n(\u043c\u043e\u0436\u0435\u0442 \u0431\u044b\u0442\u044c \u0443\u0441\u0442\u0430\u043d\u043e\u0432\u043b\u0435\u043d\u043e 1 \u0441\u0447\u0435\u0442 \u0432 \u0440\u0430\u0431\u043e\u0447\u0435\u043c \u043d\u043e\u043c\u0435\u0440\u0435 \u043e\u0442 1 \u0434\u043e 9999), \u043d\u0443\u043b\u0435\u0432\u043e\u0435 \u043f\u043e\u0434\u0430\u0432\u043b\u0435\u043d\u0438\u0435 (\u0437\u0430\u043c\u0435\u043d\u044f\u044f \u043d\u0443\u043b\u044c \u0446\u0438\u0444\u0440 \u0432\u044b\u0441\u043e\u043a\u043e\u0433\u043e \u043f\u043e\u0440\u044f\u0434\u043a\u0430 \u043d\u0430 \u043f\u0440\u043e\u0431\u0435\u043b, \u0438\u043b\u0438 \u0434\u043b\u044f \u0435\u0433\u043e \u0443\u0441\u0442\u0440\u0430\u043d\u0435\u043d\u0438\u044f), \u043d\u0443\u043c\u0435\u0440\u0430\u0446\u0438\u044f \u0444\u0443\u043d\u043a\u0446\u0438\u0438 \u043f\u0440\u0438\u0441\u0432\u043e\u0435\u043d\u0438\u044f \u0441\u0438\u043c\u0432\u043e\u043b\u043e\u0432 (\u043c\u043e\u0436\u0435\u0442 \u0431\u044b\u0442\u044c \u043d\u0430\u0437\u043d\u0430\u0447\u0435\u043d\u0430 \u043d\u0435\u0447\u0438\u0441\u043b\u043e\u0432\u044b\u0435 \u0441\u0438\u043c\u0432\u043e\u043b\u044b), \u043f\u0440\u0435\u0434\u0432\u0430\u0440\u0438\u0442\u0435\u043b\u044c\u043d\u044b\u0435 \u043d\u043e\u043c\u0435\u0440\u0430 \u043d\u0430\u0441\u0442\u0440\u043e\u0435\u043a (\u043e\u0442 2 \u0434\u043e 36 \u0434\u0435\u0441\u044f\u0442\u0438\u0447\u043d\u044b\u0445 \u0437\u043d\u0430\u043a\u043e\u0432) \u043c\u043e\u0436\u043d\u043e \u0440\u0430\u0437\u0434\u0435\u043b\u0438\u0442\u044c (\u0432\u0441\u0442\u0430\u0432\u0438\u0442\u044c \u043b\u044e\u0431\u043e\u0439 \u0441\u0438\u043c\u0432\u043e\u043b \u043c\u0435\u0436\u0434\u0443 \u0446\u0438\u0444\u0440\u0430\u043c\u0438)<\/td>\n<\/tr>\n<tr>\n<th>\u0424\u0443\u043d\u043a\u0446\u0438\u044f \u0434\u0438\u0441\u0442\u0430\u043d\u0446\u0438\u043e\u043d\u043d\u043e\u0439 \u043f\u0435\u0447\u0430\u0442\u0438<\/th>\n<td>\u0414\u043e 10 \u0446\u0438\u0444\u0440 \u043c\u043e\u0436\u043d\u043e \u0440\u0430\u0437\u0434\u0435\u043b\u0438\u0442\u044c (\u0432\u0441\u0442\u0430\u0432\u0438\u0442\u044c \u043b\u044e\u0431\u043e\u0439 \u0441\u0438\u043c\u0432\u043e\u043b \u043c\u0435\u0436\u0434\u0443 \u0446\u0438\u0444\u0440\u0430\u043c\u0438)<\/td>\n<\/tr>\n<tr>\n<th>\u0424\u0443\u043d\u043a\u0446\u0438\u044f \u043f\u0435\u0447\u0430\u0442\u0438 \u0448\u0442\u0440\u0438\u0445-\u043a\u043e\u0434\u0430<\/th>\n<td>ITF, Code39, Code128, NW-7, JAN<\/td>\n<\/tr>\n<tr>\n<th>\u0424\u0443\u043d\u043a\u0446\u0438\u044f \u0434\u0432\u0443\u043c\u0435\u0440\u043d\u043e\u0433\u043e \u043a\u043e\u0434\u0438\u0440\u043e\u0432\u0430\u043d\u0438\u044f \u043a\u043e\u0434\u0430<\/th>\n<td>QR Code, \u043c\u0430\u0442\u0440\u0438\u0446\u0430 \u0434\u0430\u043d\u043d\u044b\u0445<\/td>\n<\/tr>\n<tr>\n<th>\u041f\u0440\u0435\u043e\u0431\u0440\u0430\u0437\u043e\u0432\u0430\u043d\u0438\u0435 \u041a\u0430\u043d\u0430-\u043a-\u043a\u0430\u043d\u0434\u0436\u0438<\/th>\n<td>\u0414\u0430<\/td>\n<\/tr>\n<tr>\n<th>\u0412\u043d\u0435\u0448\u043d\u0435\u0435 \u0441\u043e\u0435\u0434\u0438\u043d\u0435\u043d\u0438\u0435<\/th>\n<td>\u0412\u0432\u043e\u0434\u0430 \/ \u0432\u044b\u0432\u043e\u0434\u0430, \u0441\u0438\u0433\u043d\u0430\u043b\u044c\u043d\u0430\u044f \u043b\u0430\u043c\u043f\u0430, RS-232C, LAN, \u043a\u043e\u0434\u0435\u0440, \u0418\u0411\u041f, USB-\u043d\u0430\u043a\u043e\u043f\u0438\u0442\u0435\u043b\u044c<\/td>\n<\/tr>\n<tr>\n<th>\u0412\u0445\u043e\u0434 \u0434\u0430\u043d\u043d\u044b\u0445<\/th>\n<td>\u0421\u0435\u043d\u0441\u043e\u0440\u043d\u0430\u044f \u043f\u0430\u043d\u0435\u043b\u044c, \u0441\u0432\u044f\u0437\u044c RS-232C, Ethernet<\/td>\n<\/tr>\n<tr>\n<th>\u041a\u043e\u043c\u043c\u0443\u043d\u0438\u043a\u0430\u0446\u0438\u043e\u043d\u043d\u0430\u044f \u0444\u0443\u043d\u043a\u0446\u0438\u044f<\/th>\n<td>RS-232C 1CH \u043c\u0430\u043a\u0441\u0438\u043c\u0443\u043c 115,200 \u0431\u0438\u0442 \/ \u0441, Ethernet<\/td>\n<\/tr>\n<tr>\n<th>\u0414\u043b\u0438\u043d\u0430 \u043a\u0430\u0431\u0435\u043b\u044f \u0434\u043b\u044f \u0433\u043e\u043b\u043e\u0432\u044b<\/th>\n<td>3,5 \u043c<\/td>\n<\/tr>\n<tr>\n<th>\u041c\u043d\u043e\u0433\u043e\u043f\u043e\u043b\u044c\u0437\u043e\u0432\u0430\u0442\u0435\u043b\u044c\u0441\u043a\u0438\u0439 \u0440\u0435\u0436\u0438\u043c<\/th>\n<td>\u041c\u0430\u043a\u0441\u0438\u043c\u0430\u043b\u044c\u043d\u043e\u0435 \u0438\u0441\u043f\u043e\u043b\u044c\u0437\u043e\u0432\u0430\u043d\u0438\u0435 16 \u0431\u0435\u0441\u043f\u0440\u043e\u0432\u043e\u0434\u043d\u044b\u0445 \u0442\u0440\u0443\u0431 (\u043f\u043e\u0434\u0447\u0438\u043d\u0435\u043d\u043d\u043e\u0435) \u0432\u043e\u0437\u043c\u043e\u0436\u043d\u043e \u0441 \u043e\u0434\u043d\u0438\u043c \u043e\u0441\u043d\u043e\u0432\u043d\u044b\u043c (\u0432\u0435\u0434\u0443\u0449\u0438\u043c). [\u0423\u043f\u0440\u0430\u0432\u043b\u044f\u0435\u043c\u0430\u044f \u0444\u0443\u043d\u043a\u0446\u0438\u044f] \u0437\u0430\u043f\u0443\u0441\u043a \/ \u043e\u0441\u0442\u0430\u043d\u043e\u0432\u043a\u0430, \u0432\u044b\u043a\u043b\u044e\u0447\u0435\u043d\u0438\u0435 \u043f\u0438\u0442\u0430\u043d\u0438\u044f, \u0443\u0441\u0442\u0430\u043d\u043e\u0432\u043a\u0430 \u0441\u0438\u0441\u0442\u0435\u043c\u043d\u044b\u0445 \u0447\u0430\u0441\u043e\u0432, \u0432\u044b\u0431\u043e\u0440 \u0441\u043e\u043e\u0431\u0449\u0435\u043d\u0438\u0439, \u0440\u0435\u0434\u0430\u043a\u0442\u0438\u0440\u043e\u0432\u0430\u043d\u0438\u0435 \u0441\u043e\u0434\u0435\u0440\u0436\u0438\u043c\u043e\u0433\u043e \u043f\u0435\u0447\u0430\u0442\u0438, \u043d\u0443\u043c\u0435\u0440\u0430\u0446\u0438\u044f \u0442\u0435\u043a\u0443\u0449\u0435\u0433\u043e \u0437\u043d\u0430\u0447\u0435\u043d\u0438\u044f<\/td>\n<\/tr>\n<tr>\n<th>\u0418\u0441\u0442\u043e\u0447\u043d\u0438\u043a \u0441\u0443\u0445\u043e\u0433\u043e \u0432\u043e\u0437\u0434\u0443\u0445\u0430.<\/th>\n<td>\u0423\u0441\u0442\u0430\u043d\u043e\u0432\u0438\u0442\u0435 \u0444\u043e\u0440\u043c\u0443 \u0442\u0440\u0443\u0431\u044b: \u00f86 \u043c\u043c \u0438\u043b\u0438 8 \u043c\u043c.<br \/>\n\u0414\u0430\u0432\u043b\u0435\u043d\u0438\u0435 \u0432\u043e\u0437\u0434\u0443\u0445\u0430: 0,8 \u041c\u041f\u0430 \u0438\u043b\u0438 \u043c\u0435\u043d\u0435\u0435 (\u043a\u043e\u043c\u043f\u043b\u0435\u043a\u0442 \u0432\u0435\u043d\u0442\u0438\u043b\u044f\u0446\u0438\u0438, \u0432\u0445\u043e\u0434\u044f\u0449\u0438\u0439 \u0432 \u043a\u043e\u043c\u043f\u043b\u0435\u043a\u0442 \u043f\u043e\u0441\u0442\u0430\u0432\u043a\u0438)<br \/>\n\u0420\u0430\u0441\u0445\u043e\u0434 \u0432\u043e\u0437\u0434\u0443\u0445\u0430: \u043c\u0435\u043d\u0435\u0435 10 \u043b \/ \u043c\u0438\u043d (\u203b)<\/td>\n<\/tr>\n<tr>\n<th>\u041f\u043b\u043e\u0449\u0430\u0434\u044c \u0443\u0441\u0442\u0430\u043d\u043e\u0432\u043a\u0438 (\u0448\u0438\u0440\u0438\u043d\u0430 x \u0433\u043b\u0443\u0431\u0438\u043d\u0430 x \u0432\u044b\u0441\u043e\u0442\u0430)<\/th>\n<td>\u041e\u0441\u043d\u043e\u0432\u043d\u0430\u044f \u0447\u0430\u0441\u0442\u044c: 400Wx307Dx548H (\u0438\u0441\u043a\u043b\u044e\u0447\u0430\u044f \u043f\u0440\u043e\u0435\u043a\u0446\u0438\u044e) \u0413\u043e\u043b\u043e\u0432\u0430: \u00f849.2mmx197mm<\/td>\n<\/tr>\n<tr>\n<th>\u0418\u0441\u043f\u043e\u043b\u044c\u0437\u043e\u0432\u0430\u0442\u044c \u0441\u0440\u0435\u0434\u0443 (\u0442\u0435\u043c\u043f\u0435\u0440\u0430\u0442\u0443\u0440\u0430, \u0432\u043b\u0430\u0436\u043d\u043e\u0441\u0442\u044c)<\/th>\n<td>0-40 \u00b0 C (\u043e\u043d\u0430 \u0438\u0437\u043c\u0435\u043d\u044f\u0435\u0442\u0441\u044f \u0441 \u0438\u0441\u043f\u043e\u043b\u044c\u0437\u043e\u0432\u0430\u043d\u0438\u0435\u043c \u0442\u0438\u043f\u043e\u0432 \u0447\u0435\u0440\u043d\u0438\u043b), \u043e\u0442 10 \u0434\u043e 85% (\u043e\u0434\u043d\u0430\u043a\u043e, \u0431\u0435\u0437 \u043a\u043e\u043d\u0434\u0435\u043d\u0441\u0430\u0446\u0438\u0438)<\/td>\n<\/tr>\n<tr>\n<th>\u0418\u0441\u0442\u043e\u0447\u043d\u0438\u043a \u043f\u0438\u0442\u0430\u043d\u0438\u044f<\/th>\n<td>AC90-264V (47-63 \u0413\u0446), 80 \u0412\u0442<\/td>\n<\/tr>\n<tr>\n<th>\u041c\u0430\u0441\u0441\u0430<\/th>\n<td>25\u043a\u0433<\/td>\n<\/tr>\n<tr>\n<th>\u0417\u0430\u0437\u0435\u043c\u043b\u0435\u043d\u0438\u0435<\/th>\n<td>\u0422\u0438\u043f D \u0437\u0430\u0437\u0435\u043c\u043b\u0435\u043d\u0438\u044f<\/td>\n<\/tr>\n<\/tbody>\n<\/table>\n","protected":false},"excerpt":{"rendered":"<p>\u0421\u0442\u0430\u0431\u0438\u043b\u044c\u043d\u0430\u044f \u043f\u0435\u0447\u0430\u0442\u044c \u0441 \u043d\u0430\u0441\u0430\u0434\u043a\u043e\u0439, \u0443\u0441\u0442\u0430\u043d\u043e\u0432\u043b\u0435\u043d\u043d\u043e\u0439 \u043d\u0430 \u0444\u0442\u043e\u0440. \u041c\u0430\u043a\u0441\u0438\u043c\u0430\u043b\u044c\u043d\u044b\u0439 \u043c\u0443\u043b\u044c\u0442\u0438\u043a\u043e\u043d\u0442\u0440\u043e\u043b\u044c \u043c\u043e\u0436\u0435\u0442 \u0431\u044b\u0442\u044c \u0434\u043e 16 \u0435\u0434\u0438\u043d\u0438\u0446. \u041c\u0430\u043d\u0438\u043f\u0443\u043b\u0438\u0440\u043e\u0432\u0430\u0442\u044c \u043d\u0435\u0441\u043a\u043e\u043b\u044c\u043a\u0438\u043c\u0438 \u0435\u0434\u0438\u043d\u0438\u0446\u0430\u043c\u0438, \u0441\u043e\u043e\u0442\u0432\u0435\u0442\u0441\u0442\u0432\u0443\u044e\u0449\u0438\u043c\u0438 \u043e\u0434\u043d\u043e\u043c\u0443 \u043c\u0430\u0441\u0442\u0435\u0440\u0443 \u0434\u043b\u044f \u043c\u0443\u043b\u044c\u0442\u0438\u043a\u043e\u043d\u0442\u0440\u043e\u043b\u044f. \u041f\u0440\u043e\u0441\u0442\u043e\u0442\u0430 \u0432 \u044d\u043a\u0441\u043f\u043b\u0443\u0430\u0442\u0430\u0446\u0438\u0438 \u0441\u043e \u0441\u044a\u0435\u043c\u043d\u043e\u0439 10,4-\u0434\u044e\u0439\u043c\u043e\u0432\u043e\u0439 \u0446\u0432\u0435\u0442\u043d\u043e\u0439 \u0441\u0435\u043d\u0441\u043e\u0440\u043d\u043e\u0439 \u043f\u0430\u043d\u0435\u043b\u044c\u044e. \u041a\u0430\u0447\u0435\u0441\u0442\u0432\u043e \u043f\u0435\u0447\u0430\u0442\u0438 \u0441 \u043d\u043e\u0432\u043e\u0439 \u0433\u043e\u043b\u043e\u0432\u043a\u043e\u0439 \u0437\u043d\u0430\u0447\u0438\u0442\u0435\u043b\u044c\u043d\u043e \u0443\u043b\u0443\u0447\u0448\u0438\u043b\u043e\u0441\u044c. \u0422\u0430\u043a\u0438\u043c \u043e\u0431\u0440\u0430\u0437\u043e\u043c, \u043e\u043d \u0441\u043f\u043e\u0441\u043e\u0431\u0435\u043d \u043a \u0432\u044b\u0441\u043e\u043a\u043e\u0441\u043a\u043e\u0440\u043e\u0441\u0442\u043d\u043e\u0439 \u043b\u0438\u043d\u0438\u0438, \u0430 \u0442\u0430\u043a\u0436\u0435 \u043f\u0440\u043e\u0437\u0440\u0430\u0447\u043d\u043e\u0439 \u043f\u0435\u0447\u0430\u0442\u0438 \u0432 \u043c\u043d\u043e\u0433\u043e\u0441\u0442\u0443\u043f\u0435\u043d\u0447\u0430\u0442\u043e\u0439 \u043f\u0435\u0447\u0430\u0442\u0438. \u041f\u0440\u0438\u043d\u044f\u0432 \u0441\u043e\u043f\u043b\u043e \u0444\u0442\u043e\u0440\u0430, \u0440\u0435\u0430\u043b\u0438\u0437\u0443\u044f \u0441\u0442\u0430\u0431\u0438\u043b\u044c\u043d\u0443\u044e \u043f\u0435\u0447\u0430\u0442\u044c \u043f\u0440\u0430\u043a\u0442\u0438\u0447\u0435\u0441\u043a\u0438 \u0431\u0435\u0437 \u0433\u0440\u044f\u0437\u0438 \u0441\u043e\u043f\u043b\u0430. \u041c\u0443\u043b\u044c\u0442\u0438\u043a\u043e\u043d\u0442\u0440\u043e\u043b\u044c (\u043f\u043e\u0434\u0447\u0438\u043d\u0435\u043d\u043d\u0430\u044f \u0444\u0443\u043d\u043a\u0446\u0438\u044f) \u043c\u043e\u0436\u0435\u0442 \u0443\u043f\u0440\u0430\u0432\u043b\u044f\u0442\u044c \u0434\u043e 16 \u0435\u0434\u0438\u043d\u0438\u0446 \u043d\u0430 1 \u043c\u0430\u0441\u0442\u0435\u0440. (\u0422\u0435\u043c \u043d\u0435 \u043c\u0435\u043d\u0435\u0435, \u0441\u0443\u0449\u0435\u0441\u0442\u0432\u0443\u0435\u0442 \u043f\u0440\u0435\u0434\u0435\u043b \u0444\u0443\u043d\u043a\u0446\u0438\u0439).<\/p>\n","protected":false},"featured_media":224,"template":"","meta":[],"_links":{"self":[{"href":"http:\/\/opesbaltic.lv\/ru\/wp-json\/wp\/v2\/product\/1728"}],"collection":[{"href":"http:\/\/opesbaltic.lv\/ru\/wp-json\/wp\/v2\/product"}],"about":[{"href":"http:\/\/opesbaltic.lv\/ru\/wp-json\/wp\/v2\/types\/product"}],"wp:featuredmedia":[{"embeddable":true,"href":"http:\/\/opesbaltic.lv\/ru\/wp-json\/wp\/v2\/media\/224"}],"wp:attachment":[{"href":"http:\/\/opesbaltic.lv\/ru\/wp-json\/wp\/v2\/media?parent=1728"}],"curies":[{"name":"wp","href":"https:\/\/api.w.org\/{rel}","templated":true}]}}