{"id":1710,"date":"2017-09-18T19:36:00","date_gmt":"2017-09-18T16:36:00","guid":{"rendered":"http:\/\/opesbaltic.lv\/product\/ccs-r\/"},"modified":"2018-02-13T14:43:21","modified_gmt":"2018-02-13T11:43:21","slug":"ccs-r","status":"publish","type":"product","link":"http:\/\/opesbaltic.lv\/ru\/product\/ccs-r\/","title":{"rendered":"CCS &#8212; R"},"content":{"rendered":"<p><a class=\"et_pb_button et_pb_button_0 et_pb_module et_pb_bg_layout_light\" href=\"\/wp-content\/uploads\/catalogue\/ContinuosInkjetPrinters\/CCS-R\/CCS-R_Catalogue.pdf\" target=\"_blank\" rel=\"noopener\">\u041a\u0430\u0442\u0430\u043b\u043e\u0433<\/a><\/p>\n<p>&nbsp;<\/p>\n<table>\n<colgroup>\n<col width=\"325px\" \/>\n<col width=\"602px\" \/> <\/colgroup>\n<tbody>\n<tr>\n<th>\u0421\u0438\u0441\u0442\u0435\u043c\u0430 \u043f\u0435\u0447\u0430\u0442\u0438<\/th>\n<td>\u041d\u0435\u043f\u0440\u0435\u0440\u044b\u0432\u043d\u0430\u044f<\/td>\n<\/tr>\n<tr>\n<th>\u0421\u043e\u043e\u0442\u0432\u0435\u0442\u0441\u0442\u0432\u0443\u044e\u0449\u0438\u0435 \u043d\u0430\u0441\u0430\u0434\u043a\u0438<\/th>\n<td>40\u03bcm \/ 50\u03bcm \/ 60\u03bcm<\/td>\n<\/tr>\n<tr>\n<th>\u0412\u044b\u0441\u043e\u0442\u0430 \u0441\u0438\u043c\u0432\u043e\u043b\u0430<\/th>\n<td>0,8-5 \u043c\u043c (\u0441\u043e\u043f\u043b\u043e 40 \u043c\u043a\u043c), 1-10 \u043c\u043c (\u0441\u043e\u043f\u043b\u043e 50 \u043c\u043a\u043c), 2-10 \u043c\u043c (\u0441\u043e\u043f\u043b\u043e 60 \u043c\u043a\u043c)<\/td>\n<\/tr>\n<tr>\n<th>\u041c\u0430\u043a\u0441\u0438\u043c\u0430\u043b\u044c\u043d\u0430\u044f \u0441\u043a\u043e\u0440\u043e\u0441\u0442\u044c \u043f\u0435\u0447\u0430\u0442\u0438<br \/>\n[\u0421\u0438\u043c\u0432\u043e\u043b\u043e\u0432 \/ \u0441\u0435\u043a]<br \/>\n(5&#215;5 \u0442\u043e\u0447\u0435\u0447\u043d\u044b\u0445 \u0448\u0440\u0438\u0444\u0442\u043e\u0432 \u0438 1character \u043c\u0435\u0436\u0434\u0443 \u043d\u0438\u043c\u0438)<\/th>\n<td>2666 (\u0441\u043e\u043f\u043b\u043e 40 \u043c\u043a\u043c)<br \/>\n2041 (\u0441\u043e\u043f\u043b\u043e 50 \u043c\u043a\u043c)<br \/>\n1780 (\u0441\u043e\u043f\u043b\u043e 60 \u043c\u043a\u043c)<\/td>\n<\/tr>\n<tr>\n<th>\u041f\u043e\u043b\u0438\u0433\u0440\u0430\u0444\u0438\u0447\u0435\u0441\u043a\u0438\u0435 \u043e\u0431\u044a\u0435\u043a\u0442\u044b<\/th>\n<td>\u041c\u0435\u0442\u0430\u043b\u043b, \u0441\u0442\u0435\u043a\u043b\u043e, \u043f\u043b\u0430\u0441\u0442\u0438\u043a, \u043f\u043b\u0435\u043d\u043a\u0430, \u0440\u0435\u0437\u0438\u043d\u0430 \u0438 \u0442. \u0434.<\/td>\n<\/tr>\n<tr>\n<th>\u0427\u0435\u0440\u043d\u0438\u043b\u0430<\/th>\n<td>\u041a\u0440\u0430\u0441\u043a\u0430: \u0447\u0435\u0440\u043d\u044b\u0439, \u043a\u0440\u0430\u0441\u043d\u044b\u0439, \u0441\u0438\u043d\u0438\u0439 \u0438 \u0444\u043b\u0443\u043e\u0440\u0435\u0441\u0446\u0435\u043d\u0446\u0438\u044f (\u0441\u0442\u0435\u043b\u0441)<br \/>\n* \u0423 \u043d\u0430\u0441 \u0435\u0441\u0442\u044c \u044d\u043a\u0441\u043a\u043b\u044e\u0437\u0438\u0432\u043d\u044b\u0435 \u0440\u0430\u0437\u043b\u0438\u0447\u043d\u044b\u0435 \u0447\u0435\u0440\u043d\u0438\u043b\u0430 \u043d\u0430 \u0441\u043a\u043b\u0430\u0434\u0435, \u043f\u043e\u0436\u0430\u043b\u0443\u0439\u0441\u0442\u0430, \u043f\u0440\u043e\u043a\u043e\u043d\u0441\u0443\u043b\u044c\u0442\u0438\u0440\u0443\u0439\u0442\u0435\u0441\u044c.<\/td>\n<\/tr>\n<tr>\n<th>\u041a\u043e\u043b\u0438\u0447\u0435\u0441\u0442\u0432\u043e \u043f\u0435\u0447\u0430\u0442\u043d\u044b\u0445 \u044d\u0442\u0430\u043f\u043e\u0432 \u0438 \u0442\u043e\u0447\u043a\u0430<br \/>\n\u043f\u0440\u0438\u043c\u0435\u0440 \u043a\u043e\u043d\u0444\u0438\u0433\u0443\u0440\u0430\u0446\u0438\u0438 (\u0434\u043b\u0438\u043d\u0430 \u00d7 \u0448\u0438\u0440\u0438\u043d\u0430)<\/th>\n<td>[1 ~ 4 \u0441\u0442\u0443\u043f\u0435\u043d\u0438] 5 \u00d7 5<br \/>\n[1 ~ 3 \u0441\u0442\u0443\u043f\u0435\u043d\u0438] 7 \u00d7 5, 7 \u00d7 8<br \/>\n[1 ~ 2 \u0441\u0442\u0443\u043f\u0435\u043d\u0438] 9 \u00d7 7, 9 \u00d7 9, 10 \u00d7 8, 12 \u00d7 10<br \/>\n[1-\u044f] 16 \u00d7 12, 16 \u00d7 16, 24 \u00d7 18, 24 \u00d7 24<\/td>\n<\/tr>\n<tr>\n<th>\u041d\u043e\u043c\u0435\u0440 \u043d\u043e\u043c\u0435\u0440\u0430 \u0440\u0435\u0433\u0438\u0441\u0442\u0440\u0430\u0446\u0438\u0438 \u0441\u043e\u043e\u0431\u0449\u0435\u043d\u0438\u0439<\/th>\n<td>\u041c\u0430\u043a\u0441\u0438\u043c\u0443\u043c 512 \u0441\u0438\u043c\u0432\u043e\u043b\u043e\u0432<\/td>\n<\/tr>\n<tr>\n<th>\u0428\u0440\u0438\u0444\u0442<\/th>\n<td>Mincho, \u0433\u043e\u0442\u0438\u0447\u0435\u0441\u043a\u0438\u0439 \u0448\u0440\u0438\u0444\u0442<\/td>\n<\/tr>\n<tr>\n<th>\u0422\u0438\u043f \u0441\u0438\u043c\u0432\u043e\u043b\u0430<\/th>\n<td>\u0410\u043b\u0444\u0430\u0432\u0438\u0442 (\u0432\u0435\u0440\u0445\u043d\u0438\u0439 \u0440\u0435\u0433\u0438\u0441\u0442\u0440 \/ \u043d\u0438\u0436\u043d\u0438\u0439 \u0440\u0435\u0433\u0438\u0441\u0442\u0440), \u0446\u0438\u0444\u0440\u044b, \u0441\u0438\u043c\u0432\u043e\u043b\u044b, \u044f\u043f\u043e\u043d\u0441\u043a\u0438\u0439 \u0445\u0438\u0440\u0430\u0433\u0430\u043d\u0430, \u043a\u0430\u0442\u0430\u043a\u0430\u043d\u0430,<br \/>\n\u043a\u0430\u043d\u0434\u0437\u0438 (JIS \u043a\u043b\u0430\u0441\u0441 1 \u0438 2), \u0443\u043f\u0440\u043e\u0449\u0435\u043d\u043d\u044b\u0439 \u043a\u0438\u0442\u0430\u0439\u0441\u043a\u0438\u0439 (GB2312), \u043f\u043e\u043b\u044c\u0437\u043e\u0432\u0430\u0442\u0435\u043b\u044c\u0441\u043a\u0438\u0435 \u0441\u0438\u043c\u0432\u043e\u043b\u044b<\/td>\n<\/tr>\n<tr>\n<th>\u0414\u0430\u0442\u0430 (\u0434\u0430\u0442\u0430 \u0438\u0441\u0442\u0435\u0447\u0435\u043d\u0438\u044f \u0441\u0440\u043e\u043a\u0430 \u0434\u0435\u0439\u0441\u0442\u0432\u0438\u044f)<br \/>\n\u0424\u0443\u043d\u043a\u0446\u0438\u044f \u043f\u0435\u0447\u0430\u0442\u0438<\/th>\n<td>Chritian year, \u0442\u0440\u0430\u0434\u0438\u0446\u0438\u043e\u043d\u043d\u044b\u0439 \u044f\u043f\u043e\u043d\u0441\u043a\u0438\u0439 \u043a\u0430\u043b\u0435\u043d\u0434\u0430\u0440\u044c, \u0433\u043e\u0434 \/ \u043c\u0435\u0441\u044f\u0446 \/ \u0434\u0435\u043d\u044c, \u0434\u0435\u043d\u044c \u043d\u0435\u0434\u0435\u043b\u0438,<br \/>\n\u0432\u0440\u0435\u043c\u044f (\u0444\u043e\u0440\u043c\u0430\u0442 12 \/ 24H), \u044e\u043b\u0438\u0430\u043d\u0441\u043a\u0430\u044f \u0434\u0430\u0442\u0430, \u0441\u0435\u0440\u0438\u0439\u043d\u044b\u0439 \u043d\u043e\u043c\u0435\u0440 \u043d\u0435\u0434\u0435\u043b\u0438 \u0432 \u0433\u043e\u0434\u0443, \u0440\u0430\u043d\u043d\u0438\u0439 \/ \u0441\u0440\u0435\u0434\u043d\u0438\u0439 \/ \u043f\u043e\u0437\u0434\u043d\u0438\u0439 \u043f\u0435\u0440\u0438\u043e\u0434 \u043c\u0435\u0441\u044f\u0446\u0430 (\u043d\u0430\u0441\u0442\u0440\u043e\u0439\u043a\u0430 \u0438\u0437\u043c\u0435\u043d\u044f\u0435\u043c\u043e\u0433\u043e \u043f\u0435\u0440\u0438\u043e\u0434\u0430), AM \/ PM, \u043d\u0430\u0437\u043d\u0430\u0447\u0435\u043d\u0438\u0435 \u0441\u0438\u043c\u0432\u043e\u043b\u0430 \u0444\u0443\u043d\u043a\u0446\u0438\u044f (\u043d\u0430\u0437\u043d\u0430\u0447\u0438\u0442\u044c \u0433\u043e\u0434, \u043c\u0435\u0441\u044f\u0446, \u0434\u0435\u043d\u044c, \u0447\u0430\u0441, \u043c\u0438\u043d\u0443\u0442\u0443, \u0441\u0435\u043a\u0443\u043d\u0434\u0443 \u0434\u043b\u044f 1 \u0446\u0438\u0444\u0440\u044b \u0434\u0440\u0443\u0433\u0438\u0445 \u0441\u0438\u043c\u0432\u043e\u043b\u043e\u0432.<\/td>\n<\/tr>\n<tr>\n<th>\u0424\u0443\u043d\u043a\u0446\u0438\u044f \u043d\u0443\u043c\u0435\u0440\u0430\u0446\u0438\u0438<\/th>\n<td>\u0414\u043e 8 \u0446\u0438\u0444\u0440, \u043b\u044e\u0431\u0430\u044f \u0443\u0441\u0442\u0430\u043d\u043e\u0432\u043a\u0430 \u043d\u0430\u0447\u0430\u043b\u044c\u043d\u043e\u0433\u043e \u0437\u043d\u0430\u0447\u0435\u043d\u0438\u044f, \u0432\u0432\u0435\u0440\u0445 \/ \u0432\u043d\u0438\u0437, \u043f\u0435\u0440\u0435\u043d\u043e\u0441 \u0446\u0438\u0444\u0440\u044b<br \/>\n(\u043c\u043e\u0436\u0435\u0442 \u0431\u044b\u0442\u044c \u0443\u0441\u0442\u0430\u043d\u043e\u0432\u043b\u0435\u043d\u043e \u0437\u043d\u0430\u0447\u0435\u043d\u0438\u0435 1 \u0432 \u0440\u0430\u0431\u043e\u0447\u0435\u043c \u043d\u043e\u043c\u0435\u0440\u0435 \u043e\u0442 1 \u0434\u043e 9999),<br \/>\n\u043d\u0443\u043b\u0435\u0432\u043e\u0435 \u043f\u043e\u0434\u0430\u0432\u043b\u0435\u043d\u0438\u0435 (\u0437\u0430\u043c\u0435\u043d\u044f\u044f \u043d\u0443\u043b\u044c \u0446\u0438\u0444\u0440 \u0432\u044b\u0441\u043e\u043a\u043e\u0433\u043e \u043f\u043e\u0440\u044f\u0434\u043a\u0430 \u043d\u0430 \u043f\u0440\u043e\u0431\u0435\u043b),<br \/>\n\u043d\u0443\u043c\u0435\u0440\u0430\u0446\u0438\u044f \u0441\u0438\u043c\u0432\u043e\u043b\u043e\u0432 (\u043c\u043e\u0436\u0435\u0442 \u043d\u0430\u0437\u043d\u0430\u0447\u0430\u0442\u044c\u0441\u044f \u043d\u0435\u0447\u0438\u0441\u043b\u043e\u0432\u044b\u043c \u0441\u0438\u043c\u0432\u043e\u043b\u0430\u043c).<\/td>\n<\/tr>\n<tr>\n<th>\u0424\u0443\u043d\u043a\u0446\u0438\u044f \u043f\u0435\u0447\u0430\u0442\u0438 \u0448\u0442\u0440\u0438\u0445-\u043a\u043e\u0434\u0430<\/th>\n<td>ITF, Code39, NW-7, JAN, Code128<\/td>\n<\/tr>\n<tr>\n<th>\u0420\u0435\u0433\u0438\u0441\u0442\u0440\u0430\u0446\u0438\u043e\u043d\u043d\u044b\u0439 \u043d\u043e\u043c\u0435\u0440 \u0441\u043e\u043e\u0431\u0449\u0435\u043d\u0438\u044f<\/th>\n<td>\u041c\u0430\u043a\u0441\u0438\u043c\u0443\u043c 50 \u0441\u043e\u043e\u0431\u0449\u0435\u043d\u0438\u0439<\/td>\n<\/tr>\n<tr>\n<th>\u0424\u0443\u043d\u043a\u0446\u0438\u044f \u0441\u0432\u044f\u0437\u0438<\/th>\n<td>RS-232C 1CH \u043c\u0430\u043a\u0441\u0438\u043c\u0443\u043c 76,800 \u0431\u0438\u0442 \/ \u0441<\/td>\n<\/tr>\n<tr>\n<th>\u0414\u043b\u0438\u043d\u0430 \u043a\u0430\u0431\u0435\u043b\u044f \u0434\u043b\u044f \u0433\u043e\u043b\u043e\u0432\u044b<\/th>\n<td>3,5 \u043c<\/td>\n<\/tr>\n<tr>\n<th>\u0418\u0441\u043f\u043e\u043b\u044c\u0437\u043e\u0432\u0430\u0442\u044c \u0441\u0440\u0435\u0434\u0443 (\u0442\u0435\u043c\u043f\u0435\u0440\u0430\u0442\u0443\u0440\u0430, \u0432\u043b\u0430\u0436\u043d\u043e\u0441\u0442\u044c)<\/th>\n<td>0-40 \u00b0 C (\u043e\u043d\u0430 \u0438\u0437\u043c\u0435\u043d\u044f\u0435\u0442\u0441\u044f \u0441 \u0438\u0441\u043f\u043e\u043b\u044c\u0437\u043e\u0432\u0430\u043d\u0438\u0435\u043c \u0442\u0438\u043f\u043e\u0432 \u0447\u0435\u0440\u043d\u0438\u043b), \u043e\u0442 10 \u0434\u043e 85% (\u043e\u0434\u043d\u0430\u043a\u043e, \u0431\u0435\u0437 \u043a\u043e\u043d\u0434\u0435\u043d\u0441\u0430\u0446\u0438\u0438)<\/td>\n<\/tr>\n<tr>\n<th>\u0418\u0441\u0442\u043e\u0447\u043d\u0438\u043a \u043f\u0438\u0442\u0430\u043d\u0438\u044f \u0434\u043b\u044f<\/th>\n<td>\u0414\u043b\u044f 100V: AC100V 50 \/ 60Hz 60W (80VA) \u0417\u0430\u0437\u0435\u043c\u043b\u0435\u043d\u043d\u044b\u0439 \u0442\u0438\u043f 2 \u043f\u043e\u043b\u044e\u0441\u0430 \u0437\u0430\u0433\u043b\u0443\u0448\u043a\u0430<br \/>\n\u0414\u043b\u044f 220V: AC220V 50 \/ 60Hz 70W (100VA) GB \u0441\u043f\u0435\u0446\u0438\u0444\u0438\u043a\u0430\u0446\u0438\u044f \u0437\u0430\u0433\u043b\u0443\u0448\u043a\u0430<br \/>\n\u0414\u043b\u044f 230 \u0412: AC230V 50\/60 \u0413\u0446 70 \u0412\u0442 (100 \u0412\u0410)<\/td>\n<\/tr>\n<tr>\n<th>\u0418\u0441\u0442\u043e\u0447\u043d\u0438\u043a \u0441\u0443\u0445\u043e\u0433\u043e \u0432\u043e\u0437\u0434\u0443\u0445\u0430<br \/>\n(\u0414\u043b\u044f \u043f\u0440\u043e\u0434\u0443\u0432\u043a\u0438 \u0432\u043e\u0437\u0434\u0443\u0445\u043e\u043c \u0432 \u043f\u0435\u0447\u0430\u0442\u0430\u044e\u0449\u0435\u0439 \u0433\u043e\u043b\u043e\u0432\u043a\u0435)<\/th>\n<td>\u0414\u043b\u044f \u043f\u0440\u043e\u0434\u0443\u0432\u043a\u0438 \u0432\u043e\u0437\u0434\u0443\u0445\u043e\u043c \u0432 \u043f\u0435\u0447\u0430\u0442\u0430\u044e\u0449\u0435\u0439 \u0433\u043e\u043b\u043e\u0432\u043a\u0435<br \/>\n\u041f\u0440\u0438\u0433\u043e\u043d\u043a\u0430 \u0444\u043e\u0440\u043c\u044b \u0442\u0440\u0443\u0431\u044b: o6mm \u0438\u043b\u0438 8mm<br \/>\n\u0414\u0430\u0432\u043b\u0435\u043d\u0438\u0435 \u0432\u043e\u0437\u0434\u0443\u0445\u0430: 0,8 \u041c\u041f\u0430 \u0438\u043b\u0438 \u043c\u0435\u043d\u0435\u0435 (\u043a\u043e\u043c\u043f\u043b\u0435\u043a\u0442 \u0432\u0435\u043d\u0442\u0438\u043b\u044f\u0446\u0438\u0438, \u0432\u0445\u043e\u0434\u044f\u0449\u0438\u0439 \u0432 \u043a\u043e\u043c\u043f\u043b\u0435\u043a\u0442 \u043f\u043e\u0441\u0442\u0430\u0432\u043a\u0438)<br \/>\n\u0420\u0430\u0441\u0445\u043e\u0434 \u0432\u043e\u0437\u0434\u0443\u0445\u0430: \u043c\u0435\u043d\u0435\u0435 10 \u043b \/ \u043c\u0438\u043d<\/td>\n<\/tr>\n<tr>\n<th>\u041f\u043b\u043e\u0449\u0430\u0434\u044c \u0443\u0441\u0442\u0430\u043d\u043e\u0432\u043a\u0438 (\u0448\u0438\u0440\u0438\u043d\u0430 x \u0433\u043b\u0443\u0431\u0438\u043d\u0430 x \u0432\u044b\u0441\u043e\u0442\u0430)<\/th>\n<td>\u041e\u0441\u043d\u043e\u0432\u043d\u0430\u044f \u0447\u0430\u0441\u0442\u044c: 400Wx300Dx674H (\u0431\u0435\u0437 \u043f\u0440\u043e\u0435\u043a\u0446\u0438\u0438)<br \/>\n\u0413\u043e\u043b\u043e\u0432\u043a\u0430: 40Wx199Dx40H<\/td>\n<\/tr>\n<tr>\n<th>\u041c\u0430\u0441\u0441\u0430<\/th>\n<td>30 \u043a\u0433<\/td>\n<\/tr>\n<tr>\n<th>\u0417\u0430\u0437\u0435\u043c\u043b\u0435\u043d\u0438\u0435<\/th>\n<td>\u0422\u0438\u043f D \u0437\u0430\u0437\u0435\u043c\u043b\u0435\u043d\u0438\u044f<\/td>\n<\/tr>\n<\/tbody>\n<\/table>\n","protected":false},"excerpt":{"rendered":"<p>\u0421\u0442\u0440\u0443\u0439\u043d\u044b\u0439 \u043f\u0440\u0438\u043d\u0442\u0435\u0440 \u0441 \u0442\u0432\u0435\u0440\u0434\u044b\u043c \u043a\u043e\u0440\u043f\u0443\u0441\u043e\u043c \u0438\u0437 \u043d\u0435\u0440\u0436\u0430\u0432\u0435\u044e\u0449\u0435\u0439 \u0441\u0442\u0430\u043b\u0438. \u041a\u043e\u0440\u043f\u0443\u0441 \u0438\u0437 \u043d\u0435\u0440\u0436\u0430\u0432\u0435\u044e\u0449\u0435\u0439 \u0441\u0442\u0430\u043b\u0438 \u043c\u043e\u0436\u043d\u043e \u0438\u0441\u043f\u043e\u043b\u044c\u0437\u043e\u0432\u0430\u0442\u044c \u0431\u0435\u0437 \u0431\u0435\u0441\u043f\u043e\u043a\u043e\u0439\u0441\u0442\u0432\u0430 \u0434\u0430\u0436\u0435 \u0432\u043e\u043a\u0440\u0443\u0433 \u0432\u043e\u0434\u044b. \u041e\u0441\u043e\u0431\u0435\u043d\u043d\u043e\u0441\u0442\u0438: \u043f\u043e\u043b\u043d\u0430\u044f \u043a\u043b\u0430\u0432\u0438\u0430\u0442\u0443\u0440\u0430 \u0434\u043b\u044f \u0443\u0434\u043e\u0431\u0441\u0442\u0432\u0430 \u0438\u0441\u043f\u043e\u043b\u044c\u0437\u043e\u0432\u0430\u043d\u0438\u044f. \u041f\u0435\u0447\u0430\u0442\u044c \u043d\u0430 \u0448\u0438\u0440\u043e\u043a\u043e\u043c \u0441\u043f\u0435\u043a\u0442\u0440\u0435 \u043e\u0431\u044a\u0435\u043a\u0442\u043e\u0432 \u0440\u0430\u0437\u043b\u0438\u0447\u043d\u043e\u0439 \u0444\u043e\u0440\u043c\u044b.<\/p>\n","protected":false},"featured_media":222,"template":"","meta":[],"_links":{"self":[{"href":"http:\/\/opesbaltic.lv\/ru\/wp-json\/wp\/v2\/product\/1710"}],"collection":[{"href":"http:\/\/opesbaltic.lv\/ru\/wp-json\/wp\/v2\/product"}],"about":[{"href":"http:\/\/opesbaltic.lv\/ru\/wp-json\/wp\/v2\/types\/product"}],"wp:featuredmedia":[{"embeddable":true,"href":"http:\/\/opesbaltic.lv\/ru\/wp-json\/wp\/v2\/media\/222"}],"wp:attachment":[{"href":"http:\/\/opesbaltic.lv\/ru\/wp-json\/wp\/v2\/media?parent=1710"}],"curies":[{"name":"wp","href":"https:\/\/api.w.org\/{rel}","templated":true}]}}