{"id":990,"date":"2017-09-28T15:59:36","date_gmt":"2017-09-28T12:59:36","guid":{"rendered":"http:\/\/opesbaltic.lv\/lv\/product\/marte-manual-dispenser\/"},"modified":"2018-01-31T17:00:19","modified_gmt":"2018-01-31T14:00:19","slug":"marte-manual-dispenser","status":"publish","type":"product","link":"http:\/\/opesbaltic.lv\/lv\/product\/marte-manual-dispenser\/","title":{"rendered":"Marte manu\u0101lais izsmidzin\u0101t\u0101js"},"content":{"rendered":"<p>&nbsp;<\/p>\n<table>\n<colgroup>\n<col width=\"325px\" \/>\n<col width=\"602px\" \/> <\/colgroup>\n<tbody>\n<tr>\n<th>\u0100trums<\/th>\n<td>5 m\/min<\/td>\n<\/tr>\n<tr>\n<th>Maks. eti\u0137etes platums<\/th>\n<td>160 mm<\/td>\n<\/tr>\n<tr>\n<th>Min. eti\u0137etes platums<\/th>\n<td>10 mm<\/td>\n<\/tr>\n<tr>\n<th>Maks. eti\u0137etes garums<\/th>\n<td>150 mm (citi izm\u0113ri p\u0113c piepras\u012bjuma)<\/td>\n<\/tr>\n<tr>\n<th>Motora tips<\/th>\n<td>Solis\/solis<\/td>\n<\/tr>\n<tr>\n<th>P\u0113c izv\u0113les<\/th>\n<td>&#8211; digit\u0101lais pre\u010du skait\u012bt\u0101js,<br \/>\n&#8211; s\u0101kuma poga<br \/>\n&#8211; produktu pozicion\u0113\u0161anas sprauga,<br \/>\n&#8211; las\u012b\u0161ana ar optisko \u0161\u0137iedru<\/td>\n<\/tr>\n<\/tbody>\n<\/table>\n","protected":false},"excerpt":{"rendered":"<p>Ide\u0101ls manu\u0101ls s\u0101ls dozators, lai piel\u012bm\u0113tu pa\u0161l\u012bm\u0113jo\u0161as eti\u0137etes k\u0101rb\u0101. Pieejams ar maksim\u0101lo eti\u0137etes platumu 160 mm.<\/p>\n","protected":false},"featured_media":602,"template":"","meta":[],"_links":{"self":[{"href":"http:\/\/opesbaltic.lv\/lv\/wp-json\/wp\/v2\/product\/990"}],"collection":[{"href":"http:\/\/opesbaltic.lv\/lv\/wp-json\/wp\/v2\/product"}],"about":[{"href":"http:\/\/opesbaltic.lv\/lv\/wp-json\/wp\/v2\/types\/product"}],"wp:featuredmedia":[{"embeddable":true,"href":"http:\/\/opesbaltic.lv\/lv\/wp-json\/wp\/v2\/media\/602"}],"wp:attachment":[{"href":"http:\/\/opesbaltic.lv\/lv\/wp-json\/wp\/v2\/media?parent=990"}],"curies":[{"name":"wp","href":"https:\/\/api.w.org\/{rel}","templated":true}]}}