{"id":986,"date":"2017-09-28T16:08:17","date_gmt":"2017-09-28T13:08:17","guid":{"rendered":"http:\/\/opesbaltic.lv\/lv\/product\/marte-dispenser-for-rounded-shapes\/"},"modified":"2018-01-31T17:24:34","modified_gmt":"2018-01-31T14:24:34","slug":"marte-dispenser-for-rounded-shapes","status":"publish","type":"product","link":"http:\/\/opesbaltic.lv\/lv\/product\/marte-dispenser-for-rounded-shapes\/","title":{"rendered":"Marte izsmidzin\u0101t\u0101js &#8211; noapa\u013cotaj\u0101m form\u0101m"},"content":{"rendered":"<p>&nbsp;<\/p>\n<table>\n<colgroup>\n<col width=\"325px\" \/>\n<col width=\"602px\" \/> <\/colgroup>\n<tbody>\n<tr>\n<th>\u0100trums<\/th>\n<td>5 to 15 m\/min<\/td>\n<\/tr>\n<tr>\n<th>Maks. eti\u0137etes platums<\/th>\n<td>190 mm<\/td>\n<\/tr>\n<tr>\n<th>Min. eti\u0137etes platums<\/th>\n<td>10 mm<\/td>\n<\/tr>\n<tr>\n<th>Maks. eti\u0137etes garums<\/th>\n<td>300 mm (citi izm\u0113ri p\u0113c piepras\u012bjuma)<\/td>\n<\/tr>\n<tr>\n<th>Maks. trauka diametrs<\/th>\n<td>100 mm<\/td>\n<\/tr>\n<tr>\n<th>Min. konteinera diametrs<\/th>\n<td>20 mm<\/td>\n<\/tr>\n<tr>\n<th>Motora tips<\/th>\n<td>Solis\/solis<\/td>\n<\/tr>\n<tr>\n<th>Stop eti\u0137etes las\u012bt\u0101js<\/th>\n<td>Fotoelementu vai mikrosl\u0113dzi dak\u0161veida satv\u0113r\u0113js tikai p\u0101rredzam\u0101m eti\u0137et\u0113m<\/td>\n<\/tr>\n<tr>\n<th>Maks. eti\u0137etes rullis diametrs<\/th>\n<td>300 mm<\/td>\n<\/tr>\n<tr>\n<th>Eti\u0137etes k\u0101rbas diametrs<\/th>\n<td>no 38 mm l\u012bdz 76 mm<\/td>\n<\/tr>\n<tr>\n<th>Min. konteinera diametrs<\/th>\n<td>20 mm<\/td>\n<\/tr>\n<tr>\n<th>Eti\u0137e\u0161u pielaide pie maksim\u0101l\u0101 \u0101truma<\/th>\n<td>0.3 mm<\/td>\n<\/tr>\n<tr>\n<th>Ar mikroprocesoru kontrol\u0113ta elektronisk\u0101 digit\u0101l\u0101 vad\u012bbas ier\u012bce un displejs<\/th>\n<td>Tas \u013cauj \u0113rti piel\u0101got mar\u0137\u0113juma progres\u0113\u0161anu, neizmantojot fotoelementu meh\u0101nisk\u0101s kust\u012bbas<\/td>\n<\/tr>\n<tr>\n<th>Pieejamie korekcijas<\/th>\n<td>&#8211; \u0101truma doz\u0113\u0161ana,<br \/>\n&#8211; lietojuma kav\u0113\u0161an\u0101s;<br \/>\n&#8211; Velt\u0146a rot\u0101cijas \u0101trums<br \/>\n&#8211; rot\u0101cijas laika ru\u013c\u013ci<\/td>\n<\/tr>\n<tr>\n<th>Motora bloks<\/th>\n<td>Alum\u012bnija motora bloks ar 4 regul\u0113jam\u0101m k\u0101j\u0101m<\/td>\n<\/tr>\n<tr>\n<th>Svars<\/th>\n<td>apm. 20 kg<\/td>\n<\/tr>\n<tr>\n<th>Maks. izm\u0113ri<\/th>\n<td>850 mm x 500 mm x 210 mm<\/td>\n<\/tr>\n<tr>\n<th>Baro\u0161anas avots<\/th>\n<td>220 vai 110 V 50\/60 Hz<\/td>\n<\/tr>\n<tr>\n<th>Darba temperat\u016bra<\/th>\n<td>no + 40 \u00b0 C l\u012bdz 0 \u00b0 C<\/td>\n<\/tr>\n<tr>\n<th>P\u0113c izv\u0113les<\/th>\n<td>&#8211; karst\u0101 \/ saus\u0101 drukas grupa,<br \/>\n&#8211; Specifisks fotoelements p\u0101rredzam\u0101m eti\u0137et\u0113m<\/td>\n<\/tr>\n<\/tbody>\n<\/table>\n","protected":false},"excerpt":{"rendered":"<p>Pusautom\u0101tisk\u0101 sist\u0113ma, kas paredz\u0113tas iesai\u0146ojamo vai pusapvalku eti\u0137e\u0161u uzlik\u0161anai uz cilindriskiem izstr\u0101d\u0101jumiem. Pudele tiek ievietota manu\u0101li, un eti\u0137ete tiek autom\u0101tiski iedarbin\u0101ta, manu\u0101li iedarbinot.<\/p>\n","protected":false},"featured_media":601,"template":"","meta":[],"_links":{"self":[{"href":"http:\/\/opesbaltic.lv\/lv\/wp-json\/wp\/v2\/product\/986"}],"collection":[{"href":"http:\/\/opesbaltic.lv\/lv\/wp-json\/wp\/v2\/product"}],"about":[{"href":"http:\/\/opesbaltic.lv\/lv\/wp-json\/wp\/v2\/types\/product"}],"wp:featuredmedia":[{"embeddable":true,"href":"http:\/\/opesbaltic.lv\/lv\/wp-json\/wp\/v2\/media\/601"}],"wp:attachment":[{"href":"http:\/\/opesbaltic.lv\/lv\/wp-json\/wp\/v2\/media?parent=986"}],"curies":[{"name":"wp","href":"https:\/\/api.w.org\/{rel}","templated":true}]}}