{"id":982,"date":"2017-09-28T16:14:55","date_gmt":"2017-09-28T13:14:55","guid":{"rendered":"http:\/\/opesbaltic.lv\/lv\/product\/marte-pneumatic-dispenser\/"},"modified":"2018-01-31T16:32:31","modified_gmt":"2018-01-31T13:32:31","slug":"marte-pneumatic-dispenser","status":"publish","type":"product","link":"http:\/\/opesbaltic.lv\/lv\/product\/marte-pneumatic-dispenser\/","title":{"rendered":"Marte pneimatiskais izsmidzin\u0101t\u0101js"},"content":{"rendered":"<p>&nbsp;<\/p>\n<table>\n<colgroup>\n<col width=\"325px\" \/>\n<col width=\"602px\" \/> <\/colgroup>\n<tbody>\n<tr>\n<th>\u0100trums<\/th>\n<td>5 l\u012bdz 15 m \/ min<\/td>\n<\/tr>\n<tr>\n<th>Maks. eti\u0137etes platums<\/th>\n<td>100\/140 mm<\/td>\n<\/tr>\n<tr>\n<th>Min. eti\u0137etes platums<\/th>\n<td>10 mm<\/td>\n<\/tr>\n<tr>\n<th>Maks. eti\u0137etes garums<\/th>\n<td>\u00a0500 mm (citi izm\u0113ri p\u0113c piepras\u012bjuma)<\/td>\n<\/tr>\n<tr>\n<th>Maks. trauka diametrs<\/th>\n<td>100 mm<\/td>\n<\/tr>\n<tr>\n<th>Min. konteinera diametrs<\/th>\n<td>20 mm<\/td>\n<\/tr>\n<tr>\n<th>Motora tips<\/th>\n<td>Solis\/solis<\/td>\n<\/tr>\n<tr>\n<th>Stop eti\u0137etes las\u012bt\u0101js<\/th>\n<td>Fotoelementu vai mikrosl\u0113dzi dak\u0161veida satv\u0113r\u0113js tikai p\u0101rredzam\u0101m eti\u0137et\u0113m<\/td>\n<\/tr>\n<tr>\n<th>Maks. eti\u0137etes ru\u013c\u013ca diametrs<\/th>\n<td>300 mm<\/td>\n<\/tr>\n<tr>\n<th>Eti\u0137etes k\u0101rbas diametrs<\/th>\n<td>no 38 mm l\u012bdz 76 mm<\/td>\n<\/tr>\n<tr>\n<th>Eti\u0137e\u0161u pielaide pie maksim\u0101l\u0101 \u0101truma<\/th>\n<td>0.3 mm<\/td>\n<\/tr>\n<tr>\n<th>Ar mikroprocesoru kontrol\u0113ta elektronisk\u0101 digit\u0101l\u0101 vad\u012bbas ier\u012bce un displejs<\/th>\n<td>\u00a0Tas \u013cauj \u0113rti piel\u0101got mar\u0137\u0113juma progres\u0113\u0161anu, neizmantojot fotoelementu meh\u0101nisk\u0101s kust\u012bbas<\/td>\n<\/tr>\n<tr>\n<th>Pieejam\u0101 korekcija<\/th>\n<td>\u00a0&#8211; \u0101truma doz\u0113\u0161ana,<br \/>\n&#8211; lietojuma kav\u0113\u0161an\u0101s;<br \/>\n&#8211; eti\u0137etes gaisa p\u016b\u0161anas Xme korekcija,<br \/>\n&#8211; mar\u0137\u0113juma ies\u016bk\u0161anas laiks<\/td>\n<\/tr>\n<tr>\n<th>Motora bloks<\/th>\n<td>\u00a0Alum\u012bnija karteris ar 4 regul\u0113jam\u0101m k\u0101j\u0101m<\/td>\n<\/tr>\n<tr>\n<th>Svars<\/th>\n<td>apm. 20 kg<\/td>\n<\/tr>\n<tr>\n<th>Maks. izm\u0113ri<\/th>\n<td>\u00a0850 mm x 500 mm x 210 mm<\/td>\n<\/tr>\n<tr>\n<th>Baro\u0161anas avots<\/th>\n<td>\u00a0220 vai 110 V 50\/60 Hz<\/td>\n<\/tr>\n<tr>\n<th>Darba temperat\u016bra<\/th>\n<td>no + 40 \u00b0 C l\u012bdz 0 \u00b0 C<\/td>\n<\/tr>\n<tr>\n<th>P\u0113c izv\u0113les<\/th>\n<td>\u00a0&#8211; pa\u0161izm\u0113\u0123in\u0101juma sensors autom\u0101tiskai produkta izm\u0113ra nolas\u012b\u0161anai<br \/>\n&#8211; sensors eti\u0137etes noteik\u0161anai uz bufera,<br \/>\n&#8211; Papildu bufer\u0161\u0137\u012bdums<br \/>\n&#8211; papildu pozicion\u0113\u0161anas sprauga<br \/>\n&#8211; karst\u0101 \/ saus\u0101 drukas grupa,<br \/>\n&#8211; Specifisks fotoelements p\u0101rredzam\u0101m eti\u0137et\u0113m<\/td>\n<\/tr>\n<\/tbody>\n<\/table>\n","protected":false},"excerpt":{"rendered":"<p>Pusautom\u0101tisk\u0101 sist\u0113ma eti\u0137e\u0161u uzlik\u0161anai uz plakaniem vai ov\u0101liem izstr\u0101d\u0101jumiem. Sist\u0113ma ir ide\u0101li piem\u0113rota produktiem, kam nepiecie\u0161ama prec\u012bza pielieto\u0161ana. Pielietojums tiek veikts pneimatiskaj\u0101 cilindr\u0101 ar sucXon pl\u0101ksnes formu, lai mar\u0137\u0113tu izm\u0113ru pie pamatnes. Kad produkts ir ievietots \u0161ablon\u0101, eti\u0137ete tiek ies\u016bcta uz pl\u0101ksnes (caur vakuumu), manu\u0101li iedarbinot un ievietojot produktu cilindra palai\u0161anas gal\u0101.<\/p>\n","protected":false},"featured_media":600,"template":"","meta":[],"_links":{"self":[{"href":"http:\/\/opesbaltic.lv\/lv\/wp-json\/wp\/v2\/product\/982"}],"collection":[{"href":"http:\/\/opesbaltic.lv\/lv\/wp-json\/wp\/v2\/product"}],"about":[{"href":"http:\/\/opesbaltic.lv\/lv\/wp-json\/wp\/v2\/types\/product"}],"wp:featuredmedia":[{"embeddable":true,"href":"http:\/\/opesbaltic.lv\/lv\/wp-json\/wp\/v2\/media\/600"}],"wp:attachment":[{"href":"http:\/\/opesbaltic.lv\/lv\/wp-json\/wp\/v2\/media?parent=982"}],"curies":[{"name":"wp","href":"https:\/\/api.w.org\/{rel}","templated":true}]}}