{"id":978,"date":"2017-09-28T16:20:31","date_gmt":"2017-09-28T13:20:31","guid":{"rendered":"http:\/\/opesbaltic.lv\/lv\/product\/marte-manual-dispenser-150\/"},"modified":"2018-01-31T16:14:02","modified_gmt":"2018-01-31T13:14:02","slug":"marte-manual-dispenser-150","status":"publish","type":"product","link":"http:\/\/opesbaltic.lv\/lv\/product\/marte-manual-dispenser-150\/","title":{"rendered":"Marte manu\u0101lais izsmidzin\u0101t\u0101js\u2013 150"},"content":{"rendered":"<p>&nbsp;<\/p>\n<table>\n<colgroup>\n<col width=\"325px\" \/>\n<col width=\"602px\" \/> <\/colgroup>\n<tbody>\n<tr>\n<th>\u0100trums<\/th>\n<td>5 m \/ min<\/td>\n<\/tr>\n<tr>\n<th>Maks. eti\u0137etes platums<\/th>\n<td>150 mm<\/td>\n<\/tr>\n<tr>\n<th>Min. eti\u0137etes platums<\/th>\n<td>10 mm<\/td>\n<\/tr>\n<tr>\n<th>Motora tips<\/th>\n<td>Solis\/solis<\/td>\n<\/tr>\n<tr>\n<th>Stop eti\u0137etes las\u012bt\u0101js<\/th>\n<td>Fotoelementu dak\u0161as vai mikrosl\u0113dzis<\/td>\n<\/tr>\n<tr>\n<th>Maks. eti\u0137etes ru\u013c\u013ca diametrs<\/th>\n<td>300 mm<\/td>\n<\/tr>\n<tr>\n<th>Eti\u0137etes k\u0101rbas diametrs<\/th>\n<td>\u00a0no 38 mm l\u012bdz 76 mm<\/td>\n<\/tr>\n<tr>\n<th>Svars<\/th>\n<td>apm. 6 kg<\/td>\n<\/tr>\n<tr>\n<th>Maks. gabar\u012btu izm\u0113ri<\/th>\n<td>300 mm x 300 mm x 210 mm<\/td>\n<\/tr>\n<tr>\n<th>Baro\u0161anas avots<\/th>\n<td>220 vai 110 V 50\/60 Hz<\/td>\n<\/tr>\n<tr>\n<th>Darba temperat\u016bra<\/th>\n<td>no + 40 \u00b0 C l\u012bdz 0 \u00b0 C<\/td>\n<\/tr>\n<\/tbody>\n<\/table>\n","protected":false},"excerpt":{"rendered":"<p>Ide\u0101ls manu\u0101ls s\u0101ls dozators, lai piel\u012bm\u0113tu pa\u0161l\u012bm\u0113jo\u0161as eti\u0137etes k\u0101rb\u0101. Pieejams ar maksim\u0101lo eti\u0137etes platumu 150 mm (Marte-150)<\/p>\n","protected":false},"featured_media":599,"template":"","meta":[],"_links":{"self":[{"href":"http:\/\/opesbaltic.lv\/lv\/wp-json\/wp\/v2\/product\/978"}],"collection":[{"href":"http:\/\/opesbaltic.lv\/lv\/wp-json\/wp\/v2\/product"}],"about":[{"href":"http:\/\/opesbaltic.lv\/lv\/wp-json\/wp\/v2\/types\/product"}],"wp:featuredmedia":[{"embeddable":true,"href":"http:\/\/opesbaltic.lv\/lv\/wp-json\/wp\/v2\/media\/599"}],"wp:attachment":[{"href":"http:\/\/opesbaltic.lv\/lv\/wp-json\/wp\/v2\/media?parent=978"}],"curies":[{"name":"wp","href":"https:\/\/api.w.org\/{rel}","templated":true}]}}