{"id":962,"date":"2017-10-29T12:58:33","date_gmt":"2017-10-29T09:58:33","guid":{"rendered":"http:\/\/opesbaltic.lv\/lv\/product\/special-cij-inks\/"},"modified":"2018-01-19T12:50:25","modified_gmt":"2018-01-19T09:50:25","slug":"special-cij-inks","status":"publish","type":"product","link":"http:\/\/opesbaltic.lv\/lv\/product\/special-cij-inks\/","title":{"rendered":"Speci\u0101l\u0101s CIJ tintes"},"content":{"rendered":"","protected":false},"excerpt":{"rendered":"<p>Tintes virsm\u0101m, kur\u0101m vajadz\u012bgas \u012bpa\u0161as \u012bpa\u0161\u012bbas<\/p>\n<h3>Augsta sa\u0137ere ar CIJ tinti<\/h3>\n<p>Kr\u0101sojiet melnu tinti ar liel\u0101ku adh\u0113ziju un \u013coti labu \u017e\u016b\u0161anas laiku<\/p>\n<h3>CIJ tintes, lai mar\u0137\u0113tu uz silikona un gumijas<\/h3>\n<p>Pigment\u0113ta tinte, lai druk\u0101tu uz silikona un gumijas uz meln\u0101s un balt\u0101s virsmas<\/p>\n<h3>CIJ tinte stikla mar\u0137\u0113\u0161anai<\/h3>\n<p>Kr\u0101sojiet melnu tinti, lai mar\u0137\u0113tu uz stikla un notur\u0113tu mitrumu<\/p>\n<h3>CIJ tinte ir iztur\u012bga pret alkoholu<\/h3>\n<p>Kr\u0101sojiet melnu tinti, kas piem\u0113rota, lai apz\u012bm\u0113tu virsmas, kur\u0101m nepiecie\u0161ama iztur\u012bba pret alkoholu<\/p>\n<h3>CIJ e\u013c\u013cas caurlaid\u012bbas tinte<\/h3>\n<p>Kr\u0101sojiet melnu tinti, lai atz\u012bm\u0113tu e\u013c\u013cain\u0101s virsmas<\/p>\n<h3>CIJ tinte ir notur\u012bga pret sasal\u0161anu<\/h3>\n<p>Kr\u0101sojiet melnu tinti, kas piem\u0113rota, lai atz\u012bm\u0113tu uz virsm\u0101m, kuras ir sasald\u0113tas l\u012bdz -30 \u00b0 C<\/p>\n<h3>UV dro\u0161\u012bbas CIJ tinte ar zilu reakciju<\/h3>\n<p>Kr\u0101sojiet bezkr\u0101sainu tinti, kas padara to redzamu, apgaismojot UV gaismu<\/p>\n<h3>Kr\u0101su CIJ tinti ar mar\u0137ieri un salas\u0101m\u012bbu<\/h3>\n<p>Unik\u0101la tinte, kas nav viltojama<\/p>\n<p><strong>Pieejam\u0101s kr\u0101sas<\/strong>: melns, sarkans, zils, dzeltens un bezkr\u0101sains.<\/p>\n","protected":false},"featured_media":342,"template":"","meta":[],"_links":{"self":[{"href":"http:\/\/opesbaltic.lv\/lv\/wp-json\/wp\/v2\/product\/962"}],"collection":[{"href":"http:\/\/opesbaltic.lv\/lv\/wp-json\/wp\/v2\/product"}],"about":[{"href":"http:\/\/opesbaltic.lv\/lv\/wp-json\/wp\/v2\/types\/product"}],"wp:featuredmedia":[{"embeddable":true,"href":"http:\/\/opesbaltic.lv\/lv\/wp-json\/wp\/v2\/media\/342"}],"wp:attachment":[{"href":"http:\/\/opesbaltic.lv\/lv\/wp-json\/wp\/v2\/media?parent=962"}],"curies":[{"name":"wp","href":"https:\/\/api.w.org\/{rel}","templated":true}]}}