{"id":958,"date":"2017-10-29T12:59:27","date_gmt":"2017-10-29T09:59:27","guid":{"rendered":"http:\/\/opesbaltic.lv\/lv\/product\/cij-inks-for-pvc\/"},"modified":"2018-01-19T12:49:54","modified_gmt":"2018-01-19T09:49:54","slug":"cij-inks-for-pvc","status":"publish","type":"product","link":"http:\/\/opesbaltic.lv\/lv\/product\/cij-inks-for-pvc\/","title":{"rendered":"CIJ tintes PVC"},"content":{"rendered":"","protected":false},"excerpt":{"rendered":"<p>Tintes da\u017e\u0101diem PVC substr\u0101tiem, kuriem vajadz\u012bgas \u012bpa\u0161as \u012bpa\u0161\u012bbas<\/p>\n<h3>Kr\u0101sviela PVC CIJ tinte<\/h3>\n<p>Kr\u0101sas tinte uz da\u017eiem PVC materi\u0101liem<\/p>\n<h3>CIJ tinte uz PVC<\/h3>\n<p>Pigment\u0113ta tinte, lai apz\u012bm\u0113tu \u013coti da\u017e\u0101dus PVC materi\u0101lus<\/p>\n<p><strong>Pieejam\u0101s kr\u0101sas<\/strong>: melna, sarkana, zila, dzeltena un balta<\/p>\n","protected":false},"featured_media":342,"template":"","meta":[],"_links":{"self":[{"href":"http:\/\/opesbaltic.lv\/lv\/wp-json\/wp\/v2\/product\/958"}],"collection":[{"href":"http:\/\/opesbaltic.lv\/lv\/wp-json\/wp\/v2\/product"}],"about":[{"href":"http:\/\/opesbaltic.lv\/lv\/wp-json\/wp\/v2\/types\/product"}],"wp:featuredmedia":[{"embeddable":true,"href":"http:\/\/opesbaltic.lv\/lv\/wp-json\/wp\/v2\/media\/342"}],"wp:attachment":[{"href":"http:\/\/opesbaltic.lv\/lv\/wp-json\/wp\/v2\/media?parent=958"}],"curies":[{"name":"wp","href":"https:\/\/api.w.org\/{rel}","templated":true}]}}