{"id":954,"date":"2017-10-29T13:00:05","date_gmt":"2017-10-29T10:00:05","guid":{"rendered":"http:\/\/opesbaltic.lv\/lv\/product\/cij-inks-for-pp-and-pe\/"},"modified":"2018-01-19T12:49:32","modified_gmt":"2018-01-19T09:49:32","slug":"cij-inks-for-pp-and-pe","status":"publish","type":"product","link":"http:\/\/opesbaltic.lv\/lv\/product\/cij-inks-for-pp-and-pe\/","title":{"rendered":"CIJ tinte PP un PE"},"content":{"rendered":"","protected":false},"excerpt":{"rendered":"<p>Tintes da\u017e\u0101diem PP \/ PE substr\u0101tiem, kuriem nepiecie\u0161amas \u012bpa\u0161as \u012bpa\u0161\u012bbas<\/p>\n<h3>Kr\u0101sviela PE \/ PP CIJ tinte<\/h3>\n<p>Kr\u0101svielu tinte, lai uzz\u012bm\u0113tu pla\u0161u PP un PE virsmu kl\u0101stu ar iepriek\u0161\u0113jo apstr\u0101di<\/p>\n<h3>CIJ tinte PE \/ PP mar\u0137\u0113\u0161anai<\/h3>\n<p>Pigment\u0113ta tinte, lai to atz\u012bm\u0113tu uz da\u017e\u0101d\u0101m PP un PE virsm\u0101m bez iepriek\u0161\u0113jas apstr\u0101des<\/p>\n<p><strong>Pieejam\u0101s kr\u0101sas<\/strong>: melna, sarkana, zila, dzeltena un balta<\/p>\n","protected":false},"featured_media":342,"template":"","meta":[],"_links":{"self":[{"href":"http:\/\/opesbaltic.lv\/lv\/wp-json\/wp\/v2\/product\/954"}],"collection":[{"href":"http:\/\/opesbaltic.lv\/lv\/wp-json\/wp\/v2\/product"}],"about":[{"href":"http:\/\/opesbaltic.lv\/lv\/wp-json\/wp\/v2\/types\/product"}],"wp:featuredmedia":[{"embeddable":true,"href":"http:\/\/opesbaltic.lv\/lv\/wp-json\/wp\/v2\/media\/342"}],"wp:attachment":[{"href":"http:\/\/opesbaltic.lv\/lv\/wp-json\/wp\/v2\/media?parent=954"}],"curies":[{"name":"wp","href":"https:\/\/api.w.org\/{rel}","templated":true}]}}