{"id":950,"date":"2017-10-29T13:00:44","date_gmt":"2017-10-29T10:00:44","guid":{"rendered":"http:\/\/opesbaltic.lv\/lv\/product\/cij-white-pigmented-inks\/"},"modified":"2018-01-19T12:49:14","modified_gmt":"2018-01-19T09:49:14","slug":"cij-white-pigmented-inks","status":"publish","type":"product","link":"http:\/\/opesbaltic.lv\/lv\/product\/cij-white-pigmented-inks\/","title":{"rendered":"CIJ balt\u0101 pigmenta tintes"},"content":{"rendered":"","protected":false},"excerpt":{"rendered":"<p>Pigment\u0113tas kr\u0101sas, kas piem\u0113rotas da\u017e\u0101diem materi\u0101liem<\/p>\n<h3>Balta standarta CIJ tinte<\/h3>\n<p>Past\u0101v\u012bga tinte, lai atz\u012bm\u0113tu tum\u0161as virsmas<\/p>\n<h3>Balta CIJ tinte automobi\u013cu nozarei<\/h3>\n<p>Past\u0101v\u012bga tinte, lai mar\u0137\u0113tu uz tum\u0161as virsmas un var\u0113tu b\u016bt saskar\u0113 ar automa\u0161\u012bnu \u0161\u0137idrumiem<\/p>\n<h3>Balta CIJ tinte bez MEK<\/h3>\n<p>Past\u0101v\u012bga tinte, lai atz\u012bm\u0113tu tum\u0161as virsmas, neizmantojot MEK k\u0101 galveno \u0161\u0137\u012bdin\u0101t\u0101ju<\/p>\n<h3>Balta CIJ tinte bez halog\u0113niem<\/h3>\n<p>Past\u0101v\u012bga tinte, lai atz\u012bm\u0113tu uz tum\u0161\u0101m virsm\u0101m, kas piln\u012bgi nesatur halogen\u0113tu materi\u0101lu (flu\u012bds, hlors, broms un jods)<\/p>\n","protected":false},"featured_media":342,"template":"","meta":[],"_links":{"self":[{"href":"http:\/\/opesbaltic.lv\/lv\/wp-json\/wp\/v2\/product\/950"}],"collection":[{"href":"http:\/\/opesbaltic.lv\/lv\/wp-json\/wp\/v2\/product"}],"about":[{"href":"http:\/\/opesbaltic.lv\/lv\/wp-json\/wp\/v2\/types\/product"}],"wp:featuredmedia":[{"embeddable":true,"href":"http:\/\/opesbaltic.lv\/lv\/wp-json\/wp\/v2\/media\/342"}],"wp:attachment":[{"href":"http:\/\/opesbaltic.lv\/lv\/wp-json\/wp\/v2\/media?parent=950"}],"curies":[{"name":"wp","href":"https:\/\/api.w.org\/{rel}","templated":true}]}}