{"id":946,"date":"2017-10-29T13:01:28","date_gmt":"2017-10-29T10:01:28","guid":{"rendered":"http:\/\/opesbaltic.lv\/lv\/product\/cij-food-grade-inks\/"},"modified":"2018-01-19T12:48:42","modified_gmt":"2018-01-19T09:48:42","slug":"cij-food-grade-inks","status":"publish","type":"product","link":"http:\/\/opesbaltic.lv\/lv\/product\/cij-food-grade-inks\/","title":{"rendered":"CIJ p\u0101rtikas kvalit\u0101tes tintes"},"content":{"rendered":"","protected":false},"excerpt":{"rendered":"<p>P\u0101rtikas kr\u0101sas tintes, kas tie\u0161i saskaras ar p\u0101rtiku un iepakojuma mar\u0137\u0113jumu<\/p>\n<h3>CIJ tinte tie\u0161ai saskarei ar p\u0101rtiku, izmantojot FDA regul\u0113jumu<\/h3>\n<p>Kr\u0101sojiet uz \u016bdens b\u0101zes, etanolu un acetonu tintes, lai tas b\u016btu tie\u0161i pie p\u0101rtikas produkta ar FDA regul\u0113jumu<br \/>\n<strong>Pieejam\u0101s kr\u0101sas<\/strong>: gai\u0161i sarkan\u0101 un zil\u0101 kr\u0101s\u0101<\/p>\n<h3>CIJ tinte tie\u0161ai saskarei ar p\u0101rtiku ar Halal regul\u0113jumu<\/h3>\n<p>Kr\u0101sojiet \u016bdeni saturo\u0161u tinti tie\u0161ai saskarei ar p\u0101rtiku ar Halal regul\u0113jumu<br \/>\n<strong>Kr\u0101sas ir pieejamas<\/strong>: zil\u0101 kr\u0101s\u0101<\/p>\n<h3>CIJ tinte, lai nor\u0101d\u012btu uz p\u0101rtikas iepakojumiem<\/h3>\n<p>Kr\u0101sviela tinte, kas j\u0101iez\u012bm\u0113 p\u0101rtikas iepakojumos, kas nav piem\u0113rota tie\u0161i p\u0101rtikas produktam<br \/>\n<strong>Pieejam\u0101s kr\u0101sas<\/strong>: sarkana, zila, melna, dzeltena, za\u013ca, oran\u017ea, violeta un br\u016bna<\/p>\n","protected":false},"featured_media":342,"template":"","meta":[],"_links":{"self":[{"href":"http:\/\/opesbaltic.lv\/lv\/wp-json\/wp\/v2\/product\/946"}],"collection":[{"href":"http:\/\/opesbaltic.lv\/lv\/wp-json\/wp\/v2\/product"}],"about":[{"href":"http:\/\/opesbaltic.lv\/lv\/wp-json\/wp\/v2\/types\/product"}],"wp:featuredmedia":[{"embeddable":true,"href":"http:\/\/opesbaltic.lv\/lv\/wp-json\/wp\/v2\/media\/342"}],"wp:attachment":[{"href":"http:\/\/opesbaltic.lv\/lv\/wp-json\/wp\/v2\/media?parent=946"}],"curies":[{"name":"wp","href":"https:\/\/api.w.org\/{rel}","templated":true}]}}