{"id":942,"date":"2017-10-29T13:02:29","date_gmt":"2017-10-29T10:02:29","guid":{"rendered":"http:\/\/opesbaltic.lv\/lv\/product\/cij-ecological-inks\/"},"modified":"2018-01-19T12:48:20","modified_gmt":"2018-01-19T09:48:20","slug":"cij-ecological-inks","status":"publish","type":"product","link":"http:\/\/opesbaltic.lv\/lv\/product\/cij-ecological-inks\/","title":{"rendered":"CIJ ekolo\u0123isk\u0101s tintes"},"content":{"rendered":"","protected":false},"excerpt":{"rendered":"<p>Ekolo\u0123iski tintes, kas izgatavotas ar 96 \u00b0 C spirtu.<\/p>\n<p>Ekolo\u0123isk\u0101 kr\u0101su tinte ir piem\u0113rota tikai p\u0101rtikas produktu iepakojumiem<\/p>\n<p><strong>Pieejam\u0101s kr\u0101sas<\/strong>: melna, sarkana un zila.<\/p>\n","protected":false},"featured_media":342,"template":"","meta":[],"_links":{"self":[{"href":"http:\/\/opesbaltic.lv\/lv\/wp-json\/wp\/v2\/product\/942"}],"collection":[{"href":"http:\/\/opesbaltic.lv\/lv\/wp-json\/wp\/v2\/product"}],"about":[{"href":"http:\/\/opesbaltic.lv\/lv\/wp-json\/wp\/v2\/types\/product"}],"wp:featuredmedia":[{"embeddable":true,"href":"http:\/\/opesbaltic.lv\/lv\/wp-json\/wp\/v2\/media\/342"}],"wp:attachment":[{"href":"http:\/\/opesbaltic.lv\/lv\/wp-json\/wp\/v2\/media?parent=942"}],"curies":[{"name":"wp","href":"https:\/\/api.w.org\/{rel}","templated":true}]}}