{"id":938,"date":"2017-10-29T13:03:12","date_gmt":"2017-10-29T10:03:12","guid":{"rendered":"http:\/\/opesbaltic.lv\/lv\/product\/cij-autoclave-and-thermo-tropic-inks\/"},"modified":"2020-05-27T11:01:15","modified_gmt":"2020-05-27T08:01:15","slug":"avs-2","status":"publish","type":"product","link":"http:\/\/opesbaltic.lv\/lv\/product\/avs-2\/","title":{"rendered":"Automatiz\u0113t\u0101s Vadi\u012bbas Sist\u0113mas"},"content":{"rendered":"<p><span style=\"color: #800000;\"><span style=\"font-size: large;\"><i><b>AVS speci\u0101li risin\u0101jumi<\/b><\/i><\/span><\/span><\/p>\n<p><span style=\"color: #000000;\"><span style=\"font-size: medium;\">Visos AVS projektos tiek pielietots kibern\u0113tiskais modelis, par kuru vair\u0101k var izlas\u012bt\u00a0<a href=\"http:\/\/www.avs.lv\/CommonFiles\/Koncepcija.html\">\u0161eit<\/a>.<\/span><\/span><\/p>\n<p><span style=\"color: #6666ff;\"><span style=\"font-family: Arial, sans-serif;\"><span style=\"font-size: medium;\"><b>Saturs<\/b><\/span><\/span><\/span><\/p>\n<p><a href=\"http:\/\/avs.lv\/priekslikumi\/#sversana\"><span style=\"color: #6666ff;\"><span style=\"font-family: Arial, sans-serif;\"><span style=\"font-size: medium;\"><b>1. Sv\u0113r\u0161ana<\/b><\/span><\/span><\/span><\/a><\/p>\n<p><a href=\"http:\/\/avs.lv\/priekslikumi\/#ADV\"><span style=\"color: #6666ff;\"><span style=\"font-family: Arial, sans-serif;\"><span style=\"font-size: medium;\"><b>2. Ra\u017eo\u0161an\u0101<\/b><\/span><\/span><\/span><\/a><\/p>\n<p><a href=\"http:\/\/avs.lv\/priekslikumi\/#ADV\"><span style=\"color: #6666ff;\"><span style=\"font-family: Arial, sans-serif;\"><span style=\"font-size: medium;\"><b>2.0. Automatiz\u0113ta ra\u017eo\u0161anas Darba Vieta (ADV)<\/b><\/span><\/span><\/span><\/a><\/p>\n<p><a href=\"http:\/\/www.avs.lv\/priekslikumi\/kokapstrade.html\"><span style=\"color: #6666ff;\"><span style=\"font-family: Arial, sans-serif;\"><span style=\"font-size: medium;\"><b>2.1. Kokapstr\u0101de<\/b><\/span><\/span><\/span><\/a><\/p>\n<p><a href=\"http:\/\/www.avs.lv\/priekslikumi\/zivis.html\"><span style=\"color: #0066ff;\"><b>2.2. Zivis<\/b><\/span><\/a><\/p>\n<p><a href=\"http:\/\/www.avs.lv\/priekslikumi\/gala.html\"><span style=\"color: #6666ff;\"><span style=\"font-family: Arial, sans-serif;\"><span style=\"font-size: medium;\"><b>2.3. Ga\u013ca<\/b><\/span><\/span><\/span><\/a><\/p>\n<p><a href=\"http:\/\/www.avs.lv\/priekslikumi\/metals.html\"><span style=\"color: #6666ff;\"><span style=\"font-family: Arial, sans-serif;\"><span style=\"font-size: medium;\"><b>2.4. Met\u0101ls<\/b><\/span><\/span><\/span><\/a><\/p>\n<p><a href=\"http:\/\/www.avs.lv\/priekslikumi\/plastmasa.html\"><span style=\"color: #6666ff;\"><span style=\"font-family: Arial, sans-serif;\"><span style=\"font-size: medium;\"><b>2.5. Plastmasas<\/b><\/span><\/span><\/span><\/a><\/p>\n<p><a href=\"http:\/\/avs.lv\/priekslikumi\/#speciali\"><span style=\"color: #6666ff;\"><span style=\"font-family: Arial, sans-serif;\"><span style=\"font-size: medium;\"><b>3. Speci\u0101li tehniski risin\u0101jumi<\/b><\/span><\/span><\/span><\/a><\/p>\n<p><a name=\"sversana\"><\/a><span style=\"color: #800000;\"><span style=\"font-family: Arial, sans-serif;\"><b>1. Sv\u0113r\u0161ana<\/b><\/span><\/span><\/p>\n<p><a name=\"SversanaRFID\"><\/a><span style=\"color: #000000;\"><b>1.1. Automatiz\u0113ta automa\u0161\u012bnu svaru uzskaite ar RFID antenu pal\u012bdz\u012bbu<\/b><\/span><\/p>\n<p><img decoding=\"async\" loading=\"lazy\" src=\"http:\/\/avs.lv\/priekslikumi\/Index_html_5f693c7893ab0065.png\" width=\"757\" height=\"397\" name=\"Image2\" align=\"bottom\" border=\"0\" \/><\/p>\n<p>Vair\u0101k par to \u0161eit\u00a0<a href=\"http:\/\/www.avs.lv\/AutoSvaruAutomatika\/index.htm\">http:\/\/www.avs.lv\/AutoSvaruAutomatika\/index.htm<\/a><\/p>\n<p>Moderniz\u0113ts variants:<\/p>\n<p><img decoding=\"async\" loading=\"lazy\" src=\"http:\/\/avs.lv\/priekslikumi\/Index_html_2203eba192a0adfa.gif\" width=\"759\" height=\"491\" name=\"Image10\" align=\"bottom\" border=\"0\" \/><\/p>\n<p>Vair\u0101k par to var izlas\u012bt \u0161eit &#8211;\u00a0<a href=\"http:\/\/avs.lv\/SVARI\/index.htm\">http:\/\/avs.lv\/SVARI\/index.htm<\/a><\/p>\n<p><a name=\"SversanaAttalinata\"><\/a><b>1.2. Auto sv\u0113r\u0161ana att\u0101lin\u0101t\u0101 objekt\u0101<\/b><\/p>\n<p><img decoding=\"async\" loading=\"lazy\" src=\"http:\/\/avs.lv\/priekslikumi\/Index_html_2604e4e508a04cfb.png\" width=\"593\" height=\"317\" name=\"Image7\" align=\"bottom\" border=\"0\" \/><\/p>\n<p><b>1.3. Moderniz\u0113ti auto svari<\/b><\/p>\n<p><img decoding=\"async\" loading=\"lazy\" src=\"http:\/\/avs.lv\/priekslikumi\/Index_html_dab24afb1895a828.png\" width=\"543\" height=\"536\" name=\"Image18\" align=\"bottom\" border=\"0\" \/><\/p>\n<p><a name=\"MetalluznuIepirksana\"><\/a><b>1.4. Met\u0101ll\u016b\u017e\u0146u iepirkuma automatiz\u0101cija<\/b><\/p>\n<p><img decoding=\"async\" loading=\"lazy\" src=\"http:\/\/avs.lv\/priekslikumi\/Index_html_abd3dd2584ea7df6.gif\" width=\"834\" height=\"584\" name=\"Image3\" align=\"bottom\" border=\"0\" \/><\/p>\n<p><span style=\"font-size: small;\">Notiek met\u0101ll\u016b\u017e\u0146u iepirk\u0161ana \u010detr\u0101s Latvijas pils\u0113t\u0101s ar AVS Noliktavas programmas pal\u012bdz\u012bbu, kas piesl\u0113gta pie svariem. Ir atskaites, kas tiek piepras\u012btas no VID par met\u0101ll\u016b\u017e\u0146u iepirkumiem no juridisk\u0101m un fizisk\u0101m person\u0101m<\/span><\/p>\n<p><a name=\"GrauduKalte\"><\/a><b>1.7. Graudu kaltes uzskaites automatiz\u0101cija<\/b><\/p>\n<p><img decoding=\"async\" loading=\"lazy\" src=\"http:\/\/avs.lv\/priekslikumi\/Index_html_852fd18ce114a14b.png\" width=\"782\" height=\"444\" name=\"Image20\" align=\"bottom\" border=\"0\" \/><\/p>\n<p><a name=\"VagonuSversana\"><\/a><b>1.8. Speci\u0101la vagonu sv\u0113r\u0161anas programma<\/b><\/p>\n<p><img decoding=\"async\" loading=\"lazy\" src=\"http:\/\/avs.lv\/priekslikumi\/Index_html_38904a9b21af03f2.png\" width=\"965\" height=\"420\" name=\"Image25\" align=\"bottom\" border=\"0\" \/><\/p>\n<p><span style=\"font-size: small;\">Ar WEB kameru tiek noteikti vagonu numuri un fiks\u0113ts vagonu Bruto, Taras un Neto svari. Rezult\u0101t\u0101 ir automatiz\u0113ta sa\u0161\u0137idrin\u0101t\u0101s g\u0101zes ien\u0101k\u0161anas LR uzskaite.<\/span><\/p>\n<p><b>1.9. Sa\u0161\u0137idrin\u0101t\u0101s g\u0101zes automatiz\u0113ta sv\u0113r\u0161ana<\/b><\/p>\n<p><img decoding=\"async\" loading=\"lazy\" src=\"http:\/\/avs.lv\/priekslikumi\/Index_html_595024499e5f6493.gif\" width=\"879\" height=\"584\" name=\"Image4\" align=\"bottom\" border=\"0\" \/><\/p>\n<p><span style=\"font-size: small;\">Ir automatiz\u0113ta g\u0101zes p\u0101rdo\u0161anas LR un \u0101rzemju pirc\u0113jiem ar RFID un g\u0101zes bl\u012bvuma un temperat\u016bras autom\u0101tisku noteik\u0161anu.<\/span><\/p>\n<p><span style=\"font-size: medium;\"><b>1.10. Centraliz\u0113ta net\u012brumu sav\u0101k\u0161anas uzskaites sist\u0113ma fili\u0101l\u0113s<\/b><\/span><\/p>\n<p><img decoding=\"async\" loading=\"lazy\" src=\"http:\/\/avs.lv\/priekslikumi\/Index_html_519bf28203b1aedd.gif\" width=\"916\" height=\"486\" name=\"Image5\" align=\"bottom\" border=\"0\" \/><\/p>\n<p><span style=\"color: #000000;\"><span style=\"font-size: medium;\"><b>1.11. Svaru uzskaite ar auto apr\u012bko\u0161anu ar plan\u0161et\u0113m<\/b><\/span><\/span><\/p>\n<p><span style=\"color: #000000;\"><img decoding=\"async\" loading=\"lazy\" src=\"http:\/\/avs.lv\/priekslikumi\/Index_html_fd254ced2b359e94.gif\" width=\"941\" height=\"388\" name=\"Image32\" align=\"bottom\" border=\"0\" \/><\/span><\/p>\n<p><span style=\"font-size: small;\"><span style=\"color: #000000;\">Auto vad\u012bt\u0101js, atrodoties uz svariem, veido gr\u0101matved\u012bbas dokumentus (ieejo\u0161\u0101s, izejo\u0161\u0101s un iek\u0161\u0113j\u0101 p\u0101rvietojuma pavadz\u012bmes) esot On-line savienojum\u0101 ar uz\u0146\u0113muma serveri.<\/span><\/span><\/p>\n<p><span style=\"color: #000000;\"><span style=\"font-size: small;\"><b>1.12. Miner\u0101lm\u0113slu ra\u017eo\u0161ana, invertoru izmanto\u0161ana recept\u016bras iev\u0113ro\u0161anai<\/b><\/span><\/span><\/p>\n<p><span style=\"color: #cc3300;\"><img decoding=\"async\" loading=\"lazy\" src=\"http:\/\/avs.lv\/priekslikumi\/Index_html_8b17d7950557acba.gif\" width=\"788\" height=\"592\" name=\"Image34\" align=\"bottom\" border=\"0\" \/><\/span><\/p>\n<p><span style=\"color: #000000;\"><span style=\"font-size: small;\"><b>1.13. Miner\u0101lm\u0113sli fas\u0113\u0161ana<\/b><\/span><\/span><\/p>\n<p><span style=\"color: #cc3300;\"><img decoding=\"async\" loading=\"lazy\" src=\"http:\/\/avs.lv\/priekslikumi\/Index_html_1c8f3287616372fc.gif\" width=\"817\" height=\"565\" name=\"Image35\" align=\"bottom\" border=\"0\" \/><\/span><\/p>\n<p lang=\"ru-RU\"><span style=\"color: #000000;\"><span style=\"font-size: small;\"><b>1.<span lang=\"lv-LV\">13. Lopbar\u012bbas tvert\u0146u kontrole<\/span><\/b><\/span><\/span><\/p>\n<p lang=\"ru-RU\"><span style=\"color: #000000;\"><img decoding=\"async\" loading=\"lazy\" src=\"http:\/\/avs.lv\/priekslikumi\/Index_html_a51670d0f1ffe6a4.jpg\" width=\"595\" height=\"771\" name=\"Image8\" align=\"bottom\" border=\"0\" \/><\/span><\/p>\n<p><span style=\"color: #000000;\"><span style=\"font-size: small;\"><span lang=\"lv-LV\"><b>Programma\u00a0<a href=\"http:\/\/83.187.114.143:3380\/\">darb\u012bb\u0101<\/a><\/b><\/span><\/span><\/span><\/p>\n<p lang=\"ru-RU\"><span style=\"color: #000000;\"><span style=\"font-size: small;\"><b><span lang=\"lv-LV\">1.14. \u0136imik\u0101liju ra\u017eotne<\/span><\/b><\/span><\/span><\/p>\n<p lang=\"ru-RU\"><span style=\"color: #000000;\"><img decoding=\"async\" loading=\"lazy\" src=\"http:\/\/avs.lv\/priekslikumi\/Index_html_99c919ffdc2ccd7e.gif\" width=\"900\" height=\"646\" name=\"Image36\" align=\"bottom\" border=\"0\" \/><\/span><\/p>\n<p lang=\"ru-RU\"><span style=\"color: #000000;\"><span style=\"font-size: small;\"><b><span lang=\"lv-LV\">1.15. Auto kr\u0101su jauk\u0161ana p\u0101rdo\u0161anai<\/span><\/b><\/span><\/span><\/p>\n<p lang=\"ru-RU\"><span style=\"color: #000000;\"><img decoding=\"async\" loading=\"lazy\" src=\"http:\/\/avs.lv\/priekslikumi\/Index_html_a47233e7db5461fd.gif\" width=\"844\" height=\"518\" name=\"Image9\" align=\"bottom\" border=\"0\" \/><\/span><\/p>\n<p><a name=\"ADV\"><\/a><b>2.0. Automatiz\u0113ta Darba Vieta ADV<\/b><\/p>\n<p>Tiek pielietots plan\u0161etes interfeiss izsekojam\u012bbas nodro\u0161in\u0101\u0161anai un perif\u0113rijas ier\u012b\u010du automatiz\u0113tai izmanto\u0161anai. Vair\u0101k par to<a href=\"http:\/\/www.avs.lv\/adv\/\">\u00a0\u0161eit<\/a><\/p>\n<p><img decoding=\"async\" loading=\"lazy\" src=\"http:\/\/avs.lv\/priekslikumi\/Index_html_b3bad46f499f4c1d.gif\" width=\"873\" height=\"659\" name=\"Image6\" align=\"bottom\" border=\"0\" \/><\/p>\n<p><a name=\"speciali\"><\/a><span style=\"color: #cc3300;\"><span style=\"font-size: medium;\"><b>3. Citi speci\u0101li risin\u0101jumi<\/b><\/span><\/span><\/p>\n<p><span style=\"color: #000000;\"><span style=\"font-size: medium;\"><b>3.1. Saikne ar Siemens PLC (Programm\u0113jams Lo\u0123iskais kontrolieris), tablo un r\u016bpniecisk\u0101 uzl\u012bmju printera Moderato izmanto\u0161ana k\u016bdras mar\u0137\u0113\u0161anai<\/b><\/span><\/span><\/p>\n<p><span style=\"color: #000000;\"><img decoding=\"async\" loading=\"lazy\" src=\"http:\/\/avs.lv\/priekslikumi\/Index_html_4b1d91714c2ff0fb.gif\" width=\"811\" height=\"435\" name=\"Image31\" align=\"bottom\" border=\"0\" \/><\/span><\/p>\n<p><a name=\"BalkuPunktesana\"><\/a><b>3.2. Ba\u013c\u0137u punkt\u0113\u0161ana<\/b><\/p>\n<p><img decoding=\"async\" loading=\"lazy\" src=\"http:\/\/avs.lv\/priekslikumi\/Index_html_d306c2fc13923f8b.png\" width=\"1006\" height=\"530\" name=\"Image12\" align=\"bottom\" border=\"0\" \/><\/p>\n<p>Vair\u0101k par apa\u013ckoku punkt\u0113\u0161anu var izlas\u012bt \u0161eit &#8211;\u00a0<a href=\"http:\/\/www.avs.lv\/razosana\/Punktesana.html\">http:\/\/www.avs.lv\/razosana\/Punktesana.html<\/a><\/p>\n<p><a name=\"SveramuPrecuMarkesana\"><\/a><span style=\"color: #000000;\"><span style=\"font-size: medium;\"><b>3.3. AVS E-svari ar sveram\u0101s preces mar\u0137\u0113\u0161anu<\/b><\/span><\/span><\/p>\n<p><span style=\"color: #000000;\"><img decoding=\"async\" loading=\"lazy\" src=\"http:\/\/avs.lv\/priekslikumi\/Index_html_e59be481dc225d39.png\" width=\"941\" height=\"603\" name=\"Image17\" align=\"bottom\" border=\"0\" \/><\/span><\/p>\n<p><a name=\"PirkstuIdentifikacija\"><\/a><span style=\"color: #000000;\"><span style=\"font-size: medium;\"><b>3.4. Pirkstu nospiedumu las\u012bt\u0101ji kadru darba laika uzskait\u0113<\/b><\/span><\/span><\/p>\n<p><span style=\"color: #000000;\"><img decoding=\"async\" loading=\"lazy\" src=\"http:\/\/avs.lv\/priekslikumi\/Index_html_294acf1da15bd690.png\" width=\"673\" height=\"520\" name=\"Image19\" align=\"bottom\" border=\"0\" \/><\/span><\/p>\n<p><span style=\"color: #000000;\"><span style=\"font-size: medium;\">vair\u0101k par to \u0161eit &#8211;\u00a0<a href=\"http:\/\/www.avs.lv\/kadri\/Instrukcija.html\">http:\/\/www.avs.lv\/kadri\/Instrukcija.html<\/a><\/span><\/span><\/p>\n<p><a name=\"BarmanMakoni\"><\/a><b>3.5. Barman m\u0101kon\u012b<\/b><\/p>\n<p><img decoding=\"async\" loading=\"lazy\" src=\"http:\/\/avs.lv\/priekslikumi\/Index_html_c4856ea1f096c7e6.png\" width=\"537\" height=\"393\" name=\"Image29\" align=\"bottom\" border=\"0\" \/><\/p>\n<p>vair\u0101k par to var izlas\u012bt \u0161eit &#8211;\u00a0<a href=\"http:\/\/www.avs.lv\/Interesanti\/iBarmanMakoni.html\">http:\/\/www.avs.lv\/Interesanti\/iBarmanMakoni.html<\/a><\/p>\n<p><b>3.7. Str\u016bklas printeru izmanto\u0161ana produkcijas mar\u0137\u0113\u0161anai pl\u016bsmas l\u012bnij\u0101<\/b><\/p>\n<p><img decoding=\"async\" loading=\"lazy\" src=\"http:\/\/avs.lv\/priekslikumi\/Index_html_c69e39a28f1edbc2.gif\" width=\"938\" height=\"584\" name=\"Image33\" align=\"bottom\" border=\"0\" \/><\/p>\n","protected":false},"excerpt":{"rendered":"<p><span style=\"color: #800000;\">\u00a0<span style=\"font-size: large;\"><i><b>AVS Koncepcija<\/b><\/i><\/span><\/span><\/p>\n<p><span style=\"color: #000080;\"><span style=\"font-size: small;\">M\u0113s dom\u0101jam, ka veidojot datoru un programmu sist\u0113mas, ir j\u0101balst\u0101s uz zin\u0101tni un pozit\u012bvo ekonomisk\u0101s dz\u012bves pieredzi. Tikai \u0101tri un ietilp\u012bgi datori, Internets nepal\u012bdz\u0113s sasniegt v\u0113lamo rezult\u0101tu \u2013 efekt\u012bvi ra\u017eot tirgus piepras\u012btu produkciju un sniegt cilv\u0113kiem v\u0113lamus pakalpojumus. Tas j\u0101dara pareizi, it sevi\u0161\u0137i stingras konkurences un ekonomikas sv\u0101rst\u012bbu apst\u0101k\u013cos.<\/span><\/span><\/p>\n<p><a name=\"KimenetiskaisModelis\"><\/a><span style=\"font-size: small;\"><span style=\"color: #280099;\">SIA A.V,S.\u00a0<\/span><span style=\"color: #280099;\">(AVS)\u00a0<\/span><span style=\"color: #280099;\">Pied\u0101v\u0101 ne tiklai programmu un datoru kompleksu\u00a0<\/span><span style=\"color: #280099;\">(Automatiz\u0113tu Vad\u012bbas Sist\u0113mu)<\/span><span style=\"color: #280099;\">, bet ar\u012b\u00a0<\/span><span style=\"color: #280099;\"><b>sist\u0113mas pieeju<\/b><\/span><span style=\"color: #280099;\">\u00a0jebkuras nozares uz\u0146\u0113muma vad\u012bbas uzlabo\u0161an\u0101. M\u016bsu galven\u0101 ideja ir &#8211; sist\u0113mu pieeja.\u00a0<\/span>Uz\u0146\u0113muma, kas darbojas tirgus apst\u0101k\u013cos, izdz\u012bvo\u0161anas un pieauguma (pareizas vad\u012bbas) sist\u0113ma ir redzama visp\u0101rpie\u0146emtaj\u0101\u00a0<span style=\"color: #000080;\">uz\u0146\u0113muma kibern\u0113tiskaj\u0101 model\u012b, kas par\u0101d\u012bts zem\u0101k.<\/span><\/span><\/p>\n<p><a name=\"Att1\"><\/a>Att1<\/p>\n<p><img decoding=\"async\" loading=\"lazy\" src=\"http:\/\/www.avs.lv\/CommonFiles\/Koncepcija_html_92dd3fe67494f4b6.gif\" width=\"587\" height=\"571\" name=\"Image1\" align=\"bottom\" border=\"0\" \/><\/p>\n<p align=\"center\"><b><span style=\"color: #94006b;\"><span style=\"font-size: small;\">Vad\u012bbas m\u0113r\u0137is \u2013 sasniegt maksim\u0101li iesp\u0113jamu ra\u017eo\u0161anas vai pakalpojumu apjomu, pe\u013c\u0146u, kas ir uz\u0146\u0113muma dibin\u0101t\u0101ju un str\u0101d\u0101jo\u0161o labkl\u0101j\u012bbas avots.<\/span><\/span><\/b><\/p>\n<p align=\"left\"><span style=\"color: #0000ff;\"><span style=\"font-size: small;\">Model\u012b ir redzams galven\u0101s inform\u0101cijas pl\u016bsmas:<\/span><\/span><\/p>\n<p align=\"left\"><span style=\"font-size: small;\"><span style=\"color: #0000ff;\">1. Par uz\u0146\u0113muma p\u0101rdo\u0161anas apjomiem.<\/span><\/span><\/p>\n<p align=\"left\"><span style=\"font-size: small;\"><span style=\"color: #0000ff;\">2. Ra\u017eo\u0161anas un pakalpojumu snieg\u0161anas nodro\u0161in\u0101\u0161ana\u00a0<\/span><span style=\"color: #0000ff;\">ar resursiem\u00a0<\/span><span style=\"color: #0000ff;\">no \u0101rienes.<\/span><\/span><\/p>\n<p align=\"left\"><span style=\"font-size: small;\"><span style=\"color: #0000ff;\">3. Uz\u0146\u0113muma iek\u0161\u0113j\u0101s dz\u012bves inform\u0101cija<\/span><\/span><\/p>\n<p align=\"left\"><span style=\"font-size: small;\"><span style=\"color: #0000ff;\">4. Iek\u0161\u0113j\u0101s dz\u012bves,\u00a0<\/span><span style=\"color: #0000ff;\">ra\u017eo\u0161anas procesu<\/span><span style=\"color: #0000ff;\">\u00a0vad\u012bba<\/span><\/span><\/p>\n<p align=\"left\"><span style=\"font-size: small;\"><span style=\"color: #0000ff;\">5 Inform\u0101cijas apmai\u0146a ar ar citiem uz\u0146\u0113mumiem<\/span><\/span><\/p>\n<p align=\"left\"><span style=\"font-size: small;\"><span style=\"color: #ff0000;\">0 Inform\u0101cija par valsts likumiem un noteikumiem, atskaites valsts instit\u016bcij\u0101m.<\/span><\/span><\/p>\n<p align=\"left\"><a name=\"AtgriezensikasSaite\"><\/a><span style=\"color: #008000;\"><span style=\"font-size: small;\"><b>Vadot uz\u0146\u0113mumu tiek nodro\u0161in\u0101tas sekojo\u0161as atgriezenisk\u0101s saites<\/b>:<\/span><\/span><\/p>\n<ol>\n<li><span style=\"font-size: small;\">1-2 Uz\u0146\u0113muma izejas (p\u0101rdo\u0161anas ) iedarb\u012bba uz ieejas (nodro\u0161in\u0101\u0161anas) apjomiem.<\/span><\/li>\n<li><span style=\"font-size: small;\">3-4 Uz\u0146\u0113muma darb\u012bbas vad\u012bba atkar\u012bb\u0101 no iek\u0161\u0113jas dz\u012bves inform\u0101cijas.<\/span><\/li>\n<li><span style=\"font-size: small;\">5-4-1 Ra\u017eo\u0161anas un pakalpojumu apjomu saist\u012bba ar pas\u016bt\u012bjumiem no citiem uz\u0146\u0113mumiem.<\/span><\/li>\n<li><span style=\"font-size: small;\"><span style=\"color: #b80047;\">0<\/span>-3-1 Likumu un noteikumu ietekme uz ra\u017eo\u0161anas un pakalpojumu apjomu un tt.<\/span><span style=\"color: #000000;\"><span style=\"font-size: small;\">Att\u0113l\u0101 redzams, ka galvenie sist\u0113mu atgriezenisko sai\u0161u varianti ir:<\/span><\/span><\/li>\n<\/ol>\n<p><span style=\"color: #000000;\"><span style=\"font-size: small;\">Att.2<\/span><\/span><\/p>\n<p><img decoding=\"async\" loading=\"lazy\" src=\"http:\/\/www.avs.lv\/index_htm_m13091d5.jpg\" width=\"499\" height=\"323\" name=\"graphics6\" align=\"bottom\" border=\"0\" \/><\/p>\n<p><span style=\"color: #000000;\"><span style=\"font-size: small;\">1. Optim\u0101ls, kad uz\u0146\u0113mums sasniedz optim\u0101lu l\u012bmeni, ko nosaka sabiedr\u012bbas ekonomisk\u0101s\u00a0<\/span><\/span><span style=\"color: #000000;\"><span style=\"font-size: small;\">attiec\u012bbas<\/span><\/span><span style=\"color: #000000;\"><span style=\"font-size: small;\">\u00a0un tehniskais\u00a0<\/span><\/span><span style=\"color: #000000;\"><span style=\"font-size: small;\">att\u012bst\u012bbas\u00a0<\/span><\/span><span style=\"color: #000000;\"><span style=\"font-size: small;\">l\u012bmenis.<\/span><\/span><\/p>\n<p><span style=\"color: #000000;\"><span style=\"font-size: small;\">2. Uz\u0146\u0113mums nesasniedz optim\u0101lo l\u012bmeni \u201cv\u0101jas\u201d vad\u012bbas d\u0113\u013c. Inform\u0101cijas kan\u0101li nav att\u012bst\u012bti, vad\u012bt\u0101jiem nav pietieko\u0161i gribas.<\/span><\/span><\/p>\n<p><span style=\"color: #000000;\"><span style=\"font-size: small;\">3. P\u0101r\u0101k cie\u0161o sai\u0161u d\u0113\u013c uz\u0146\u0113muma vad\u012bbas sist\u0113m\u0101 iest\u0101jas rezonanse un tas sabr\u016bk. Vad\u012bba nav pietieko\u0161i inform\u0113ta, bet griba vad\u012bt un nopeln\u012bt ir hipertrof\u0113tas.<\/span><\/span><\/p>\n<p><span style=\"color: #000000;\"><span style=\"font-size: small;\">4. Uz\u0146\u0113mums, pielietojot pareizu atgriezenisko sai\u0161u cie\u0161umu un maksim\u0101li iesp\u0113jamu automatiz\u0101ciju, sasniedz vair\u0101k nek\u0101 tas ir optim\u0101li iesp\u0113jams pie sabiedr\u012bbas ekonomiskaj\u0101m attiec\u012bb\u0101m un tehnisk\u0101 l\u012bme\u0146a.<\/span><\/span><\/p>\n<p><span style=\"font-size: small;\">AVS katr\u0101 objekt\u0101 cen\u0161as noteikt nepiecie\u0161am\u0101s inform\u0101cijas pl\u016bsmas, pied\u0101v\u0101 attiekties no nevajadz\u012bgaj\u0101m un organiz\u0113t vad\u012bbas sist\u0113mas atgriezenisk\u0101s saites p\u0113c 4. varianta, kad uz\u0146\u0113mums ar maz\u0101kiem ener\u0123ijas pat\u0113ri\u0146iem sasniedz labu rezult\u0101tu \u2013 uz\u0146\u0113muma dibin\u0101t\u0101ju un str\u0101d\u0101jo\u0161o maksim\u0101li iesp\u0113jamus ien\u0101kumus.<\/span><\/p>\n<p><span style=\"font-size: small;\">AVS programmas ir speci\u0101li uzprojekt\u0113tas, lai atbilstu pareiza vad\u012bbas mode\u013ca pras\u012bb\u0101m<\/span><\/p>\n<p><span style=\"font-size: small;\">Att. 3<\/span><\/p>\n<p><img decoding=\"async\" loading=\"lazy\" src=\"http:\/\/www.avs.lv\/CommonFiles\/Koncepcija_html_44317564278db37f.jpg\" width=\"591\" height=\"475\" name=\"Image2\" align=\"bottom\" border=\"0\" \/><\/p>\n<p><span style=\"font-size: small;\">Att\u0113l\u0101 3 ir redzams, ka galven\u0101s AVS programmas, kas apkalpo inform\u0101cijas pl\u016bsmas un realiz\u0113 optim\u0101las atgriezenisk\u0101s saites, un to apkalpo\u0161anas zonas ir<\/span><\/p>\n<p><span style=\"font-size: small;\">&#8211;\u00a0<a href=\"http:\/\/www.avs.lv\/Noliktava\/Noliktava.html#Noliktava\"><b>Noliktavas uzskaite<\/b><\/a>, kura uzskaita materi\u0101l\u0101s pl\u016bsmas uz\u0146\u0113mum\u0101. \u0160\u012b programma nodro\u0161ina 1.\u00a0<a href=\"http:\/\/www.avs.lv\/CommonFiles\/Koncepcija.html#AtgriezensikasSaite\">atgriezenisko saiti<\/a>\u00a01-2 Uz\u0146\u0113muma izejas (p\u0101rdo\u0161anas ) iedarb\u012bba uz ieejas (nodro\u0161in\u0101\u0161anas) apjomiem;<\/span><\/p>\n<p><span style=\"font-size: small;\">&#8211;\u00a0<a href=\"http:\/\/www.avs.lv\/Razosana\/Razosana.html#Razosana\"><b>Ra\u017eo\u0161anas uzskaites<\/b>\u00a0<\/a>programma, kas nodro\u0161ina 2. atgriezenisko saiti 3-4 Uz\u0146\u0113muma darb\u012bbas vad\u012bba atkar\u012bb\u0101 no iek\u0161\u0113jas dz\u012bves inform\u0101cijas. Turkl\u0101t \u0161\u012b programma apkalpo 3. atgriezenisko saiti 5-4-1 Ra\u017eo\u0161anas un pakalpojumu apjomu saist\u012bba ar pas\u016bt\u012bjumiem no citiem uz\u0146\u0113mumiem, apstr\u0101d\u0101jot sa\u0146emtos pas\u016bt\u012bjumus.<\/span><\/p>\n<p><span style=\"font-size: small;\">&#8211;<b><a href=\"http:\/\/www.avs.lv\/Bilance\/bilance.htm#Bilance\">\u00a0Bilances<\/a>\u00a0<\/b>uzskaites programma apkopo Uz\u0146\u0113muma darb\u012bbas rezult\u0101tu un caur to uz\u0146\u0113muma vad\u012bba organiz\u0113 4. atgriezenisko saiti ar valsti &#8211;\u00a0<span style=\"color: #b80047;\">0<\/span>-3-1 Likumu un noteikumu ietekme uz ra\u017eo\u0161anas un pakalpojumu apjomu un t\u0101 t\u0101l\u0101k, k\u0101 ar\u012b sniedz nepiecie\u0161am\u0101s atskaites valsts iest\u0101d\u0113m.<\/span><\/p>\n<p><span style=\"font-size: small;\">Citas AVS\u00a0<a href=\"http:\/\/www.avs.lv\/index.html#programmas\">programmas<\/a>\u00a0un da\u017e\u0101du tehnisko l\u012bdzek\u013cu (svari, PLC, mar\u0137ieri, sv\u012btru kodi un tt.)\u00a0<a href=\"http:\/\/www.avs.lv\/priekslikumi\/\">pielieto\u0161ana AVS programm\u0101s<\/a>\u00a0sinhroniz\u0113 inform\u0101cijas kan\u0101lu un tos automatiz\u0113. Tom\u0113r vispirms ir j\u0101izprojekt\u0113 pareizs Uz\u0146\u0113muma\u00a0<a href=\"http:\/\/www.avs.lv\/CommonFiles\/Koncepcija.html#KimenetiskaisModelis\">vad\u012bbas modelis<\/a>.<\/span><\/p>\n<p><span style=\"font-size: small;\">AVS gatava izveidot optim\u0101lu vad\u012bbas modeli ar\u012b gad\u012bjumos, kad Uz\u0146\u0113muma gr\u0101matved\u012bba lieto k\u0101du citu uzskaites programmu. Tom\u0113r Noliktavas un Ra\u017eo\u0161anas uzskaites programmas, da\u017e\u0101du tehnisko ier\u012b\u010du pielieto\u0161ana taj\u0101s ir minim\u0101ls programmu komplekts, kas nepiecie\u0161ams, lai optimiz\u0113tu un automatiz\u0113tu Uz\u0146\u0113muma vad\u012bbu.<\/span><\/p>\n<p><span style=\"font-size: small;\">Apbru\u0146oti ar sist\u0113mu pieeju, AVS kolekt\u012bvs pied\u0101v\u0101 jebkuras darb\u012bbas nozares automatiz\u0113to vad\u012bbas sist\u0113mu izveido\u0161anu.<\/span><\/p>\n","protected":false},"featured_media":2356,"template":"","meta":[],"_links":{"self":[{"href":"http:\/\/opesbaltic.lv\/lv\/wp-json\/wp\/v2\/product\/938"}],"collection":[{"href":"http:\/\/opesbaltic.lv\/lv\/wp-json\/wp\/v2\/product"}],"about":[{"href":"http:\/\/opesbaltic.lv\/lv\/wp-json\/wp\/v2\/types\/product"}],"wp:featuredmedia":[{"embeddable":true,"href":"http:\/\/opesbaltic.lv\/lv\/wp-json\/wp\/v2\/media\/2356"}],"wp:attachment":[{"href":"http:\/\/opesbaltic.lv\/lv\/wp-json\/wp\/v2\/media?parent=938"}],"curies":[{"name":"wp","href":"https:\/\/api.w.org\/{rel}","templated":true}]}}