{"id":934,"date":"2017-10-29T13:04:39","date_gmt":"2017-10-29T10:04:39","guid":{"rendered":"http:\/\/opesbaltic.lv\/lv\/product\/pigmented-dod-inks\/"},"modified":"2018-02-13T16:28:14","modified_gmt":"2018-02-13T13:28:14","slug":"pigmented-dod-inks","status":"publish","type":"product","link":"http:\/\/opesbaltic.lv\/lv\/product\/pigmented-dod-inks\/","title":{"rendered":"Pigment\u0113tas DOD tintes"},"content":{"rendered":"","protected":false},"excerpt":{"rendered":"<p>Univers\u0101li pigment\u0113ti tinti ar vair\u0101k\u0101m \u0137\u012bmisk\u0101m pamatn\u0113m<\/p>\n<h3>DOD \u016bdens tinte<\/h3>\n<p>Pigment\u0113ta tinte UV augstas pretest\u012bbas porain\u0101m virsm\u0101m<\/p>\n<h3>DOD mek tinte<\/h3>\n<p>Pigment\u0113ta tinte porain\u0101m un bez porain\u0101m virsm\u0101m ar augstu kontrastu un UV iztur\u012bbu<\/p>\n<p><strong>Pieejam\u0101s kr\u0101sas<\/strong>: melna, sarkana, zila, dzeltena un balta<\/p>\n","protected":false},"featured_media":342,"template":"","meta":[],"_links":{"self":[{"href":"http:\/\/opesbaltic.lv\/lv\/wp-json\/wp\/v2\/product\/934"}],"collection":[{"href":"http:\/\/opesbaltic.lv\/lv\/wp-json\/wp\/v2\/product"}],"about":[{"href":"http:\/\/opesbaltic.lv\/lv\/wp-json\/wp\/v2\/types\/product"}],"wp:featuredmedia":[{"embeddable":true,"href":"http:\/\/opesbaltic.lv\/lv\/wp-json\/wp\/v2\/media\/342"}],"wp:attachment":[{"href":"http:\/\/opesbaltic.lv\/lv\/wp-json\/wp\/v2\/media?parent=934"}],"curies":[{"name":"wp","href":"https:\/\/api.w.org\/{rel}","templated":true}]}}