{"id":930,"date":"2017-10-29T13:05:20","date_gmt":"2017-10-29T10:05:20","guid":{"rendered":"http:\/\/opesbaltic.lv\/lv\/product\/standard-dod-inks\/"},"modified":"2018-02-13T16:26:48","modified_gmt":"2018-02-13T13:26:48","slug":"standard-dod-inks","status":"publish","type":"product","link":"http:\/\/opesbaltic.lv\/lv\/product\/standard-dod-inks\/","title":{"rendered":"Standarta DOD tintes"},"content":{"rendered":"","protected":false},"excerpt":{"rendered":"<p>Univers\u0101la kr\u0101su tinte ar vair\u0101k\u0101m \u0137\u012bmisk\u0101m pamatn\u0113m<\/p>\n<h3>DOD \u016bdens tinte<\/h3>\n<p>Univers\u0101la kr\u0101su tinte porain\u0101m virsm\u0101m<\/p>\n<h3>DOD etanola tinte<\/h3>\n<p>Univers\u0101la kr\u0101su tinte porain\u0101m un da\u013c\u0113ji porain\u0101m virsm\u0101m<\/p>\n<h3>DOD N-propanola tinte<\/h3>\n<p>Univers\u0101la kr\u0101su tinte porain\u0101m un da\u013c\u0113ji porain\u0101m virsm\u0101m<\/p>\n<h3>DOD Mek tinte<\/h3>\n<p>Univers\u0101la kr\u0101su tinte porain\u0101m un neporain\u0101m virsm\u0101m<\/p>\n<h3>DOD acetona tinte<\/h3>\n<p>Univers\u0101la kr\u0101su tinte porain\u0101m un neporain\u0101m virsm\u0101m<\/p>\n<h3>DOD etilacet\u0101ta tinte<\/h3>\n<p>Univers\u0101la kr\u0101su tinte porain\u0101m un neporain\u0101m virsm\u0101m<\/p>\n<p><strong>Pieejam\u0101s kr\u0101sas<\/strong>: melna, sarkana, zila, dzeltena un balta<\/p>\n","protected":false},"featured_media":342,"template":"","meta":[],"_links":{"self":[{"href":"http:\/\/opesbaltic.lv\/lv\/wp-json\/wp\/v2\/product\/930"}],"collection":[{"href":"http:\/\/opesbaltic.lv\/lv\/wp-json\/wp\/v2\/product"}],"about":[{"href":"http:\/\/opesbaltic.lv\/lv\/wp-json\/wp\/v2\/types\/product"}],"wp:featuredmedia":[{"embeddable":true,"href":"http:\/\/opesbaltic.lv\/lv\/wp-json\/wp\/v2\/media\/342"}],"wp:attachment":[{"href":"http:\/\/opesbaltic.lv\/lv\/wp-json\/wp\/v2\/media?parent=930"}],"curies":[{"name":"wp","href":"https:\/\/api.w.org\/{rel}","templated":true}]}}