{"id":926,"date":"2017-10-29T13:10:22","date_gmt":"2017-10-29T10:10:22","guid":{"rendered":"http:\/\/opesbaltic.lv\/lv\/product\/hi-res-food-grade-inks\/"},"modified":"2018-02-13T16:25:47","modified_gmt":"2018-02-13T13:25:47","slug":"hi-res-food-grade-inks","status":"publish","type":"product","link":"http:\/\/opesbaltic.lv\/lv\/product\/hi-res-food-grade-inks\/","title":{"rendered":"Hi.Res p\u0101rtikas kr\u0101sas tintes"},"content":{"rendered":"","protected":false},"excerpt":{"rendered":"<p>Hi-res p\u0101rtikas kvalit\u0101tes kr\u0101sas tie\u0161ai saskarei ar p\u0101rtiku<\/p>\n<p>Etila lakt\u0101ta b\u0101zes tinte tie\u0161ai p\u0101rtikas mar\u0137\u0113\u0161anai ar FDA regul\u0113jumu.<\/p>\n<p><strong>Pieejam\u0101 kr\u0101sa<\/strong>: sarkana<\/p>\n","protected":false},"featured_media":342,"template":"","meta":[],"_links":{"self":[{"href":"http:\/\/opesbaltic.lv\/lv\/wp-json\/wp\/v2\/product\/926"}],"collection":[{"href":"http:\/\/opesbaltic.lv\/lv\/wp-json\/wp\/v2\/product"}],"about":[{"href":"http:\/\/opesbaltic.lv\/lv\/wp-json\/wp\/v2\/types\/product"}],"wp:featuredmedia":[{"embeddable":true,"href":"http:\/\/opesbaltic.lv\/lv\/wp-json\/wp\/v2\/media\/342"}],"wp:attachment":[{"href":"http:\/\/opesbaltic.lv\/lv\/wp-json\/wp\/v2\/media?parent=926"}],"curies":[{"name":"wp","href":"https:\/\/api.w.org\/{rel}","templated":true}]}}