{"id":922,"date":"2017-10-29T13:11:20","date_gmt":"2017-10-29T10:11:20","guid":{"rendered":"http:\/\/opesbaltic.lv\/lv\/product\/hi-res-oil-based-inks\/"},"modified":"2018-02-13T16:24:47","modified_gmt":"2018-02-13T13:24:47","slug":"hi-res-oil-based-inks","status":"publish","type":"product","link":"http:\/\/opesbaltic.lv\/lv\/product\/hi-res-oil-based-inks\/","title":{"rendered":"Hi.Res tintes uz e\u013c\u013cas b\u0101zes"},"content":{"rendered":"","protected":false},"excerpt":{"rendered":"<p>Hi-res tintes da\u017e\u0101d\u0101s kr\u0101s\u0101s porainu materi\u0101lu pielietojumiem<\/p>\n<h3>Hi-res miner\u0101le\u013c\u013cas tinte<\/h3>\n<p>Univers\u0101la t\u012br\u012bba uz porain\u0101m virsm\u0101m, kas izgatavota uz miner\u0101le\u013c\u013cas b\u0101zes, kas nodro\u0161ina augstu kontrastu un mazu drukas galvi\u0146u uztur\u0113\u0161anu.<\/p>\n<h3>Hi-res ecologic augu e\u013c\u013cas b\u0101zes tinte<\/h3>\n<p>Univers\u0101la augu e\u013c\u013cas b\u0101zes tinte porain\u0101m virsm\u0101m, kas nodro\u0161ina augstu kontrastu un mazu drukas galvi\u0146u uztur\u0113\u0161anu.<\/p>\n<p><strong>Pieejam\u0101s kr\u0101sas<\/strong>: melna, sarkana, zila, dzeltena un balta.<\/p>\n","protected":false},"featured_media":342,"template":"","meta":[],"_links":{"self":[{"href":"http:\/\/opesbaltic.lv\/lv\/wp-json\/wp\/v2\/product\/922"}],"collection":[{"href":"http:\/\/opesbaltic.lv\/lv\/wp-json\/wp\/v2\/product"}],"about":[{"href":"http:\/\/opesbaltic.lv\/lv\/wp-json\/wp\/v2\/types\/product"}],"wp:featuredmedia":[{"embeddable":true,"href":"http:\/\/opesbaltic.lv\/lv\/wp-json\/wp\/v2\/media\/342"}],"wp:attachment":[{"href":"http:\/\/opesbaltic.lv\/lv\/wp-json\/wp\/v2\/media?parent=922"}],"curies":[{"name":"wp","href":"https:\/\/api.w.org\/{rel}","templated":true}]}}