{"id":918,"date":"2017-10-29T13:11:54","date_gmt":"2017-10-29T10:11:54","guid":{"rendered":"http:\/\/opesbaltic.lv\/lv\/product\/hi-res-solvent-based-inks\/"},"modified":"2018-02-13T16:24:06","modified_gmt":"2018-02-13T13:24:06","slug":"hi-res-solvent-based-inks","status":"publish","type":"product","link":"http:\/\/opesbaltic.lv\/lv\/product\/hi-res-solvent-based-inks\/","title":{"rendered":"Hi.Res tintes uz \u0161\u0137\u012bdin\u0101t\u0101ju b\u0101zes"},"content":{"rendered":"","protected":false},"excerpt":{"rendered":"<p>Hi-res tintes da\u017e\u0101d\u0101s kr\u0101s\u0101s porainu un pusporainu materi\u0101lu pielietojumiem<\/p>\n<h3>Hi-res l\u0113nas \u017e\u0101v\u0113\u0161anas \u0161\u0137\u012bdin\u0101t\u0101ja tinte P64 290<\/h3>\n<p>Univers\u0101la etila lakt\u0101ta b\u0101zes tinte da\u013c\u0113ji porain\u0101m un neporain\u0101m virsm\u0101m, kas nodro\u0161ina augstu kontrastu un zemas kvalit\u0101tes drukas galvi\u0146u. \u017d\u016b\u0161anas laiks no 30 l\u012bdz 40 sek., Laba adh\u0113zija uz plastmasas, met\u0101la un stikla.<\/p>\n<h3>Hi-res vid\u0113ja \u017e\u0101v\u0113\u0161anas \u0161\u0137\u012bdin\u0101t\u0101ja tinte P64 590<\/h3>\n<p>Cikloeksanona b\u0101zes tinte da\u013c\u0113ji porain\u0101m un neporain\u0101m virsm\u0101m, kas nodro\u0161ina augstu kontrastu un \u017e\u0101v\u0113\u0161anas laiku no 8 l\u012bdz 10 sekund\u0113m, labu adh\u0113ziju uz plastmasas, met\u0101la un stikla.<\/p>\n<h3>Hi-res \u0101tri \u017e\u016bsto\u0161a \u0161\u0137\u012bdin\u0101t\u0101ja tinte P64 900<\/h3>\n<p>Cikloeksanona b\u0101zes tinte da\u013c\u0113ji porain\u0101m un bez por\u0101m virsm\u0101m, kas nodro\u0161ina augstu kontrastu un \u017e\u0101v\u0113\u0161anas laiku no 4 l\u012bdz 6 sekund\u0113m, labu adh\u0113ziju uz plastmasas, met\u0101la un stikla.<\/p>\n<p><strong>Pieejam\u0101s kr\u0101sas<\/strong>: melna, sarkana, zila, dzeltena un balta.<\/p>\n","protected":false},"featured_media":342,"template":"","meta":[],"_links":{"self":[{"href":"http:\/\/opesbaltic.lv\/lv\/wp-json\/wp\/v2\/product\/918"}],"collection":[{"href":"http:\/\/opesbaltic.lv\/lv\/wp-json\/wp\/v2\/product"}],"about":[{"href":"http:\/\/opesbaltic.lv\/lv\/wp-json\/wp\/v2\/types\/product"}],"wp:featuredmedia":[{"embeddable":true,"href":"http:\/\/opesbaltic.lv\/lv\/wp-json\/wp\/v2\/media\/342"}],"wp:attachment":[{"href":"http:\/\/opesbaltic.lv\/lv\/wp-json\/wp\/v2\/media?parent=918"}],"curies":[{"name":"wp","href":"https:\/\/api.w.org\/{rel}","templated":true}]}}