{"id":914,"date":"2017-10-29T13:12:55","date_gmt":"2017-10-29T10:12:55","guid":{"rendered":"http:\/\/opesbaltic.lv\/lv\/product\/hi-res-uv-and-led-based-inks\/"},"modified":"2018-02-13T16:22:51","modified_gmt":"2018-02-13T13:22:51","slug":"hi-res-uv-and-led-based-inks","status":"publish","type":"product","link":"http:\/\/opesbaltic.lv\/lv\/product\/hi-res-uv-and-led-based-inks\/","title":{"rendered":"Hi.Res UV un Led b\u0101zes kr\u0101sas"},"content":{"rendered":"","protected":false},"excerpt":{"rendered":"<p>Hi-res tintes da\u017e\u0101d\u0101s kr\u0101s\u0101s \u012bpa\u0161iem lietojumiem<\/p>\n<p>Univers\u0101la pigment\u0113ta tinte porain\u0101m virsm\u0101m, kas nodro\u0161ina augstu kontrastu, drukas galvi\u0146as zemu uztur\u0113\u0161anu un t\u016bl\u012bt\u0113ju \u017e\u0101v\u0113\u0161anu.<\/p>\n<p><strong>Pieejam\u0101s kr\u0101sas<\/strong>: melna, sarkana, zila, dzeltena un balta.<\/p>\n","protected":false},"featured_media":342,"template":"","meta":[],"_links":{"self":[{"href":"http:\/\/opesbaltic.lv\/lv\/wp-json\/wp\/v2\/product\/914"}],"collection":[{"href":"http:\/\/opesbaltic.lv\/lv\/wp-json\/wp\/v2\/product"}],"about":[{"href":"http:\/\/opesbaltic.lv\/lv\/wp-json\/wp\/v2\/types\/product"}],"wp:featuredmedia":[{"embeddable":true,"href":"http:\/\/opesbaltic.lv\/lv\/wp-json\/wp\/v2\/media\/342"}],"wp:attachment":[{"href":"http:\/\/opesbaltic.lv\/lv\/wp-json\/wp\/v2\/media?parent=914"}],"curies":[{"name":"wp","href":"https:\/\/api.w.org\/{rel}","templated":true}]}}