{"id":910,"date":"2017-10-29T13:13:55","date_gmt":"2017-10-29T10:13:55","guid":{"rendered":"http:\/\/opesbaltic.lv\/lv\/product\/water-based-hp-inks\/"},"modified":"2018-02-13T16:21:04","modified_gmt":"2018-02-13T13:21:04","slug":"water-based-hp-inks","status":"publish","type":"product","link":"http:\/\/opesbaltic.lv\/lv\/product\/water-based-hp-inks\/","title":{"rendered":"HP tintes uz \u016bdens b\u0101zes"},"content":{"rendered":"","protected":false},"excerpt":{"rendered":"<p>HP iespiedkr\u0101sas da\u017e\u0101d\u0101s kr\u0101s\u0101s, porainiem un nepor\u012bgiem materi\u0101liem<\/p>\n<h3>\u016adens b\u0101zes HP tinte<\/h3>\n<p>Univers\u0101la kr\u0101su tinte porain\u0101m virsm\u0101m, kas nodro\u0161ina augstu kontrastu un optisko bl\u012bvumu, iztur\u012bgs pret berzi, \u016bdeni un gaismu.<\/p>\n<p>Zema apkopes pras\u012bba. Tinte nav sausa l\u012bdz drukas galvi\u0146ai.<\/p>\n<h3>Hibr\u012bda \u016bdens b\u0101zes HP tinte<\/h3>\n<p>Visp\u0101r\u012bgi uzkl\u0101j kr\u0101svielu un nano pigmentu tinti porain\u0101m un da\u013c\u0113ji porain\u0101m virsm\u0101m, kas nodro\u0161ina augstu kontrastu un optisko bl\u012bvumu, iztur\u012bgiem pret berzi, \u016bdeni un gaismu.<\/p>\n<p>Lieliski piem\u0113rots sv\u012btrkoda mar\u0137\u0113\u0161anai.<br \/>\nZema apkopes pras\u012bba. Tinte nav sausa l\u012bdz drukas galvi\u0146ai.<\/p>\n<p><strong>Pieejam\u0101s kr\u0101sas<\/strong>: melna, sarkana un zila.<\/p>\n","protected":false},"featured_media":342,"template":"","meta":[],"_links":{"self":[{"href":"http:\/\/opesbaltic.lv\/lv\/wp-json\/wp\/v2\/product\/910"}],"collection":[{"href":"http:\/\/opesbaltic.lv\/lv\/wp-json\/wp\/v2\/product"}],"about":[{"href":"http:\/\/opesbaltic.lv\/lv\/wp-json\/wp\/v2\/types\/product"}],"wp:featuredmedia":[{"embeddable":true,"href":"http:\/\/opesbaltic.lv\/lv\/wp-json\/wp\/v2\/media\/342"}],"wp:attachment":[{"href":"http:\/\/opesbaltic.lv\/lv\/wp-json\/wp\/v2\/media?parent=910"}],"curies":[{"name":"wp","href":"https:\/\/api.w.org\/{rel}","templated":true}]}}