{"id":906,"date":"2017-10-29T13:14:56","date_gmt":"2017-10-29T10:14:56","guid":{"rendered":"http:\/\/opesbaltic.lv\/lv\/product\/solvent-based-hp-inks\/"},"modified":"2018-02-13T16:18:32","modified_gmt":"2018-02-13T13:18:32","slug":"solvent-based-hp-inks","status":"publish","type":"product","link":"http:\/\/opesbaltic.lv\/lv\/product\/solvent-based-hp-inks\/","title":{"rendered":"HP tintes uz \u0161\u0137\u012bdin\u0101t\u0101ju b\u0101zes"},"content":{"rendered":"","protected":false},"excerpt":{"rendered":"<p>HP tintes da\u017e\u0101d\u0101s kr\u0101s\u0101s, \u012bpa\u0161iem lietojumiem<\/p>\n<h3>\u0160\u0137\u012bdin\u0101t\u0101ju b\u0101zes HP tinte<\/h3>\n<p>Kr\u0101svielu tinte \u0101trai \u017e\u0101v\u0113\u0161anai bez porain\u0101m virsm\u0101m un augsta asuma, kas nodro\u0161ina lielu adh\u0113ziju uz vair\u0101k\u0101m virsm\u0101m k\u0101 plastmasas, alum\u012bnija, stikla, met\u0101la, PE \/ PET \/ PP \/ PVC \/ HDPE un liel\u0101k\u0101 da\u013ca laku.<\/p>\n<p>Zema apkopes pras\u012bba. Tinte nav sausa l\u012bdz drukas galvi\u0146ai.<\/p>\n<p><strong>Pieejam\u0101s kr\u0101sas<\/strong>: melna, sarkana un zila.<\/p>\n","protected":false},"featured_media":342,"template":"","meta":[],"_links":{"self":[{"href":"http:\/\/opesbaltic.lv\/lv\/wp-json\/wp\/v2\/product\/906"}],"collection":[{"href":"http:\/\/opesbaltic.lv\/lv\/wp-json\/wp\/v2\/product"}],"about":[{"href":"http:\/\/opesbaltic.lv\/lv\/wp-json\/wp\/v2\/types\/product"}],"wp:featuredmedia":[{"embeddable":true,"href":"http:\/\/opesbaltic.lv\/lv\/wp-json\/wp\/v2\/media\/342"}],"wp:attachment":[{"href":"http:\/\/opesbaltic.lv\/lv\/wp-json\/wp\/v2\/media?parent=906"}],"curies":[{"name":"wp","href":"https:\/\/api.w.org\/{rel}","templated":true}]}}