{"id":898,"date":"2017-10-29T13:16:11","date_gmt":"2017-10-29T10:16:11","guid":{"rendered":"http:\/\/opesbaltic.lv\/lv\/product\/security-hp-inks\/"},"modified":"2018-02-13T16:14:58","modified_gmt":"2018-02-13T13:14:58","slug":"security-hp-inks","status":"publish","type":"product","link":"http:\/\/opesbaltic.lv\/lv\/product\/security-hp-inks\/","title":{"rendered":"Dro\u0161\u012bbas HP tintes"},"content":{"rendered":"","protected":false},"excerpt":{"rendered":"<p>Dro\u0161\u012bbas HP tintes \u012bpa\u0161iem lietojumiem<\/p>\n<h3>Fluoresc\u0113jo\u0161a neredzama HP \u0161\u0137\u012bdin\u0101t\u0101ja b\u0101zes tinte ar UV staru reakciju.<\/h3>\n<p>Neredzams dro\u0161ums Kr\u0101su tinte un sarkana UV gaism\u0101, porain\u0101m, pusapor\u0113t\u0101m un bez por\u0101m virsm\u0101m, kas nodro\u0161ina lielu sa\u0137eri ar laku, plastmasas un akrila virsm\u0101m.<br \/>\nAugsta kontrasta fluorescence un augsts optiskais bl\u012bvums, iztur\u012bgs pret berzi, \u016bdeni un gaismu.<\/p>\n<p>Zema apkopes pras\u012bba. Tinte nav sausa l\u012bdz drukas galvi\u0146ai.<\/p>\n<h3>Fluoresc\u0113jo\u0161a neredzama HP \u0161\u0137\u012bdin\u0101t\u0101ja b\u0101zes tinte ar UV zilu reakciju.<\/h3>\n<p>Neredzams dro\u0161ums Kr\u0101svielu tinte un zila UV gaism\u0101, porain\u0101m un pusaporej\u0101m virsm\u0101m, kas nodro\u0161ina augstu adh\u0113ziju liel\u0101 daudzum\u0101 lakas un substr\u0101tu, augsts optiskais bl\u012bvums, iztur\u012bgs pret berzi, \u016bdeni un gaismu.<\/p>\n<p>Zema apkopes pras\u012bba. Tinte nav sausa l\u012bdz drukas galvi\u0146ai.<\/p>\n","protected":false},"featured_media":342,"template":"","meta":[],"_links":{"self":[{"href":"http:\/\/opesbaltic.lv\/lv\/wp-json\/wp\/v2\/product\/898"}],"collection":[{"href":"http:\/\/opesbaltic.lv\/lv\/wp-json\/wp\/v2\/product"}],"about":[{"href":"http:\/\/opesbaltic.lv\/lv\/wp-json\/wp\/v2\/types\/product"}],"wp:featuredmedia":[{"embeddable":true,"href":"http:\/\/opesbaltic.lv\/lv\/wp-json\/wp\/v2\/media\/342"}],"wp:attachment":[{"href":"http:\/\/opesbaltic.lv\/lv\/wp-json\/wp\/v2\/media?parent=898"}],"curies":[{"name":"wp","href":"https:\/\/api.w.org\/{rel}","templated":true}]}}