{"id":894,"date":"2017-10-29T13:16:51","date_gmt":"2017-10-29T10:16:51","guid":{"rendered":"http:\/\/opesbaltic.lv\/lv\/product\/water-based-funai-inks\/"},"modified":"2018-02-16T14:48:16","modified_gmt":"2018-02-16T11:48:16","slug":"water-based-funai-inks","status":"publish","type":"product","link":"http:\/\/opesbaltic.lv\/lv\/product\/water-based-funai-inks\/","title":{"rendered":"FUNAI tintes uz \u016bdens b\u0101zes"},"content":{"rendered":"","protected":false},"excerpt":{"rendered":"<p>Dro\u0161\u012bbas HP tintes \u012bpa\u0161iem lietojumiem<\/p>\n<h3>Hybrid Funai tintes uz \u016bdens b\u0101zes<\/h3>\n<p>Visp\u0101r\u0113jas noz\u012bmes kr\u0101sa un nano pigment\u0113ta tinte porain\u0101m un da\u013c\u0113ji porain\u0101m virsm\u0101m, kuras<br \/>\npied\u0101v\u0101 augstu kontrastu un optisko bl\u012bvumu, iztur\u012bgi pret berzi, \u016bdeni un gaismu.<\/p>\n<p>Lieliski piem\u0113rots sv\u012btrkoda mar\u0137\u0113\u0161anai.<br \/>\nZema apkopes pras\u012bba. Tinte nav sausa l\u012bdz drukas galvi\u0146ai.<\/p>\n<p><strong>Pieejam\u0101s kr\u0101sas<\/strong>: melna, sarkana un zila.<\/p>\n","protected":false},"featured_media":342,"template":"","meta":[],"_links":{"self":[{"href":"http:\/\/opesbaltic.lv\/lv\/wp-json\/wp\/v2\/product\/894"}],"collection":[{"href":"http:\/\/opesbaltic.lv\/lv\/wp-json\/wp\/v2\/product"}],"about":[{"href":"http:\/\/opesbaltic.lv\/lv\/wp-json\/wp\/v2\/types\/product"}],"wp:featuredmedia":[{"embeddable":true,"href":"http:\/\/opesbaltic.lv\/lv\/wp-json\/wp\/v2\/media\/342"}],"wp:attachment":[{"href":"http:\/\/opesbaltic.lv\/lv\/wp-json\/wp\/v2\/media?parent=894"}],"curies":[{"name":"wp","href":"https:\/\/api.w.org\/{rel}","templated":true}]}}