{"id":886,"date":"2017-11-09T14:19:25","date_gmt":"2017-11-09T11:19:25","guid":{"rendered":"http:\/\/opesbaltic.lv\/lv\/product\/labelmate\/"},"modified":"2018-01-22T13:58:25","modified_gmt":"2018-01-22T10:58:25","slug":"labelmate","status":"publish","type":"product","link":"http:\/\/opesbaltic.lv\/lv\/product\/labelmate\/","title":{"rendered":"Labelmate"},"content":{"rendered":"<p><b><a href=\"http:\/\/opesbaltic.lv\/wp-content\/uploads\/2017\/11\/P-300.png\"><img decoding=\"async\" loading=\"lazy\" class=\"alignnone size-medium wp-image-779\" src=\"http:\/\/opesbaltic.lv\/wp-content\/uploads\/2017\/11\/P-300-300x213.png\" alt=\"\" width=\"300\" height=\"213\" srcset=\"http:\/\/opesbaltic.lv\/wp-content\/uploads\/2017\/11\/P-300-300x213.png 300w, http:\/\/opesbaltic.lv\/wp-content\/uploads\/2017\/11\/P-300-600x426.png 600w, http:\/\/opesbaltic.lv\/wp-content\/uploads\/2017\/11\/P-300-768x545.png 768w, http:\/\/opesbaltic.lv\/wp-content\/uploads\/2017\/11\/P-300-1024x726.png 1024w, http:\/\/opesbaltic.lv\/wp-content\/uploads\/2017\/11\/P-300-400x284.png 400w, http:\/\/opesbaltic.lv\/wp-content\/uploads\/2017\/11\/P-300-1080x766.png 1080w\" sizes=\"(max-width: 300px) 100vw, 300px\" \/><\/a><\/b><strong>LABELMATE<\/strong> ir j\u016bsu kvalit\u0101tes avots eti\u0137e\u0161u p\u0101rtin\u0113jiem, atdarin\u0101t\u0101jiem, izsmidzin\u0101t\u0101jiem, l\u0101psti\u0146\u0101m un galvenaj\u0101m l\u0101psti\u0146\u0101m vis\u0101 pasaul\u0113. \u0160ie ir augst\u0101k\u0101s kvalit\u0101tes produkti, kas ra\u017eoti p\u0113c LABELMATE pasaules klases izcil\u012bbas standartiem. M\u0113s izgatavojam visus produktus, kurus m\u0113s p\u0101rdodam. LABELMATE produkti atrisin\u0101s j\u016bsu eti\u0137e\u0161u apstr\u0101des probl\u0113mas, vienlaikus nodro\u0161inot nebiju\u0161u piem\u0113rot\u012bbu un uzticam\u012bbu nozares vado\u0161aj\u0101s zemaj\u0101s cen\u0101s.<\/p>\n<p><strong>LABELMATE<\/strong> ir izstr\u0101d\u0101jis piln\u012bgu, iztur\u012bgu produktu kl\u0101stu. J\u016bs varat izv\u0113l\u0113ties no \u013coti zem\u0101m izmaks\u0101m Universal Label Rewinders uz \u0101trgaitas smag\u0101s slodzes p\u0101rtino\u0161ajiem, lai to izmantotu nep\u0101rtrauktas darba apjom\u012bg\u0101s lielapjoma ra\u017eo\u0161anas vid\u0113s. LABELMATE Slitters palielina mazo eti\u0137e\u0161u ra\u017eo\u0161anas efektivit\u0101ti, kam\u0113r LABELMATE Unwinders atrisina eti\u0137etes baro\u0161anas probl\u0113mas. Core Chucks \u013cauj viegli uzst\u0101d\u012bt un no\u0146emt eti\u0137etes velt\u0146us. Visviegl\u0101k lietojamie, lieljaudas un uzticamie produkti no sava veida, katrs LABELMATE produkts ir veidots, lai nodro\u0161in\u0101tu stingrus kvalit\u0101tes standartus.<\/p>\n<p><strong>LABELMATE<\/strong> ir p\u0101rdo\u0161anas, atbalsta, produktu in\u017eenierijas un ra\u017eo\u0161anas oper\u0101cijas Brisel\u0113, Be\u013c\u0123ij\u0101. LABELMATE produkti ir pieejami vair\u0101k nek\u0101 80 valst\u012bs vis\u0101 pasaul\u0113. Izv\u0113lieties LABELMATE &#8211; &#8220;R\u016bpniec\u012bbas standarts&#8221;, kas paredz\u0113ts eti\u0137e\u0161u p\u0101rsij\u0101\u0161anai, atsvaidzin\u0101\u0161anai, izsmidzin\u0101t\u0101jiem, sl\u012bpin\u0101t\u0101jiem un galvenaj\u0101m mikrosh\u0113m\u0101m. Vis\u0101 pasaul\u0113 darbojas t\u016bksto\u0161iem t\u016bksto\u0161u LABELMATE produktu.<\/p>\n<p>Apskatiet visas <strong>LABELMATE<\/strong> augstas kvalit\u0101tes produktus tie\u0161i \u0161aj\u0101 vietn\u0113.<\/p>\n","protected":false},"excerpt":{"rendered":"<p><a href=\"http:\/\/opesbaltic.lv\/wp-content\/uploads\/2017\/11\/S-200S.png\"><img decoding=\"async\" loading=\"lazy\" class=\"alignnone wp-image-781 size-medium\" src=\"http:\/\/opesbaltic.lv\/wp-content\/uploads\/2017\/11\/S-200S-300x142.png\" alt=\"\" width=\"300\" height=\"142\" srcset=\"http:\/\/opesbaltic.lv\/wp-content\/uploads\/2017\/11\/S-200S-300x142.png 300w, http:\/\/opesbaltic.lv\/wp-content\/uploads\/2017\/11\/S-200S-600x284.png 600w, http:\/\/opesbaltic.lv\/wp-content\/uploads\/2017\/11\/S-200S-768x363.png 768w, http:\/\/opesbaltic.lv\/wp-content\/uploads\/2017\/11\/S-200S-1024x484.png 1024w, http:\/\/opesbaltic.lv\/wp-content\/uploads\/2017\/11\/S-200S-1080x511.png 1080w\" sizes=\"(max-width: 300px) 100vw, 300px\" \/>\u00a0 Eti\u0137e\u0161u p\u0101rtin\u0113ji, atsvaidzin\u0101t\u0101ji, izsmidzin\u0101t\u0101ji, sloti\u0146as un galvenie kron\u0161teini<\/a><\/p>\n","protected":false},"featured_media":779,"template":"","meta":[],"_links":{"self":[{"href":"http:\/\/opesbaltic.lv\/lv\/wp-json\/wp\/v2\/product\/886"}],"collection":[{"href":"http:\/\/opesbaltic.lv\/lv\/wp-json\/wp\/v2\/product"}],"about":[{"href":"http:\/\/opesbaltic.lv\/lv\/wp-json\/wp\/v2\/types\/product"}],"wp:featuredmedia":[{"embeddable":true,"href":"http:\/\/opesbaltic.lv\/lv\/wp-json\/wp\/v2\/media\/779"}],"wp:attachment":[{"href":"http:\/\/opesbaltic.lv\/lv\/wp-json\/wp\/v2\/media?parent=886"}],"curies":[{"name":"wp","href":"https:\/\/api.w.org\/{rel}","templated":true}]}}