{"id":2328,"date":"2020-05-26T11:03:32","date_gmt":"2020-05-26T08:03:32","guid":{"rendered":"http:\/\/opesbaltic.lv\/product\/rn-mark-ep-5h-6h-egg-printer\/"},"modified":"2020-05-26T14:50:41","modified_gmt":"2020-05-26T11:50:41","slug":"rn-mark-ep-5h-6h-egg-printer","status":"publish","type":"product","link":"http:\/\/opesbaltic.lv\/lv\/product\/rn-mark-ep-5h-6h-egg-printer\/","title":{"rendered":"RN Mark EP-5H\/6H Egg Printer"},"content":{"rendered":"<h4>Apraksts:<\/h4>\n<table style=\"height: 1115px;\" width=\"1061\">\n<tbody>\n<tr>\n<td width=\"234\">Tehnolo\u0123ija<\/td>\n<td width=\"426\">Pjezoelektriska nolai\u017eam\u0101 drukas galvi\u0146a<\/td>\n<\/tr>\n<tr>\n<td width=\"234\">Drukas \u0101trums<\/td>\n<td width=\"426\">36 000 olu \/ stund\u0101<\/td>\n<\/tr>\n<tr>\n<td width=\"234\">Drukas augstums<\/td>\n<td width=\"426\">18 mm<\/td>\n<\/tr>\n<tr>\n<td width=\"234\">Drukas garums<\/td>\n<td width=\"426\">9000 mm<\/td>\n<\/tr>\n<tr>\n<td width=\"234\">Metienu distance<\/td>\n<td width=\"426\">l\u012bdz 10 mm<\/td>\n<\/tr>\n<tr>\n<td width=\"234\">Iz\u0161\u0137irtsp\u0113ja<\/td>\n<td width=\"426\">180 dpi<\/td>\n<\/tr>\n<tr>\n<td width=\"234\">Tintes veidi<\/td>\n<td width=\"426\">FDA apstiprin\u0101tas, dro\u0161as p\u0101rtik\u0101<\/td>\n<\/tr>\n<tr>\n<td width=\"234\">Tintes kr\u0101sas:<\/td>\n<td width=\"426\">melna, balta, sarkana, dzeltena, zila, za\u013ca<\/td>\n<\/tr>\n<tr>\n<td width=\"234\">Drukas orient\u0101cija<\/td>\n<td width=\"426\">Daudzvirzienu<\/td>\n<\/tr>\n<tr>\n<td width=\"234\">I \/ O porti<\/td>\n<td width=\"426\">Ethernet, 3 PIN NPN fotoelements \u00a0x 1, 4 PIN v\u0101rpstas kod\u0113t\u0101js x 1<\/td>\n<\/tr>\n<tr>\n<td width=\"234\">Displejs<\/td>\n<td width=\"426\">2 l\u012bniju LCD ar funkcion\u0101lo tastat\u016bru<\/td>\n<\/tr>\n<tr>\n<td width=\"234\">Jauda<\/td>\n<td width=\"426\">12V &#8211; 3,3A<\/td>\n<\/tr>\n<tr>\n<td width=\"234\">Drukas galvi\u0146u skaits<\/td>\n<td width=\"426\">Pieejams ar 5 vai 6 drukas galvi\u0146\u0101m<\/td>\n<\/tr>\n<tr>\n<td width=\"234\">Tintes p\u0101rvald\u012bba<\/td>\n<td width=\"426\">Zems tintes signaliz\u0101cijas un tintes pat\u0113ri\u0146u kalkulators<\/td>\n<\/tr>\n<tr>\n<td width=\"234\">Darba temperat\u016bra<\/td>\n<td width=\"426\">32 \u00b0 F (0 \u00b0 C) &#8211; 113 \u00b0 F (45 \u00b0 C)<\/td>\n<\/tr>\n<tr>\n<td width=\"234\">Uzglab\u0101\u0161anas temperat\u016bra<\/td>\n<td width=\"426\">23 \u00b0 F (-5 \u00b0 C) -122 \u00b0 F (50 \u00b0 C)<\/td>\n<\/tr>\n<tr>\n<td width=\"234\">Izm\u0113ri<\/p>\n<p>&nbsp;<\/td>\n<td width=\"426\">Kontrolieris: 200 mm x 230 mm x 95 mm<\/p>\n<p>Drukas galvi\u0146a: 65 mm X 42 mm<\/td>\n<\/tr>\n<tr>\n<td width=\"234\">Neto svars<\/td>\n<td width=\"426\">1,5 Kg<\/td>\n<\/tr>\n<tr>\n<td width=\"234\">Savienojam\u012bbas<\/td>\n<td width=\"426\">Ethernet, WI-Fi, RS-232<\/td>\n<\/tr>\n<tr>\n<td width=\"234\">Baro\u0161ana avotu sertifik\u0101ti<\/td>\n<td width=\"426\">FCC, CE, ICES \/ GS \/ US UL \/ CA UL<\/td>\n<\/tr>\n<\/tbody>\n<\/table>\n","protected":false},"excerpt":{"rendered":"<h4>RN Mark EP-5H \/ 6H Olu printeris<\/h4>\n<h5>R\u016bpniecisk\u0101 tintes druka uz ol\u0101m. Gatavs j\u016bsu ra\u017eo\u0161anas l\u012bnijai.<\/h5>\n<p>RN Mark EP-5H \/ 6H ir pieejams, \u0101trdarb\u012bgs, augstas iz\u0161\u0137irtsp\u0113jas r\u016bpniec\u012bbas printeris olu druk\u0101\u0161anai. Izmantojot FDA apstiprin\u0101tas, p\u0101rtikai dro\u0161as tintes, t\u0101s var izdruk\u0101t tekstu, logotipus, skait\u012bt\u0101jus, sv\u012btrkodus, laiku un datumus olu \u010daumal\u0101s ar izcilu drukas iz\u0161\u0137irtsp\u0113ju.<\/p>\n<p>EP-5H \/ 6H piesl\u0113dzas t\u012bklam, izmantojot Ethernet, Wi-Fi un RS-232, t\u0101p\u0113c to var vad\u012bt un darbin\u0101t no jebkuras vietas ra\u017eotn\u0113. Un to var viegli integr\u0113t j\u016bsu ra\u017eo\u0161anas l\u012bnij\u0101.<\/p>\n<h5>K\u0101p\u0113c jums vajadz\u0113tu apsv\u0113rt \u0161o printeri:<\/h5>\n<ol>\n<li>Pieejam\u012bba<\/li>\n<li>Vienk\u0101r\u0161a darb\u012bba<\/li>\n<li>Liels drukas \u0101trums<\/li>\n<li>Uzticams un bez apkopes<\/li>\n<li>Iztur vibr\u0101cijas un temperat\u016bras sv\u0101rst\u012bbas<\/li>\n<\/ol>\n<h5>Daudz\u0101s valst\u012bs uz ol\u0101m attiecas mar\u0137\u0113\u0161anas pras\u012bbas. Eiropas Savien\u012bba pieprasa, lai olu druk\u0101\u0161ana un kod\u0113\u0161ana sast\u0101v no burtciparu koda, ko veido:<\/h5>\n<ul>\n<li>skaitlis, kas nor\u0101da ra\u017eo\u0161anas metodi<\/li>\n<li>izcelsmes burtu kods ar diviem burtiem<\/li>\n<li>vistu d\u0113\u0161anas uz\u0146\u0113muma re\u0123istr\u0101cijas numurs<\/li>\n<\/ul>\n<p>Tint\u0113m, ko izmanto olu druk\u0101\u0161anai, j\u0101atbilst noteikumiem par p\u0101rtikas mar\u0137\u0113\u0161anas tint\u0113m. Parasti noteikums ir t\u0101ds, ka tint\u0113m, ko lieto p\u0101rtikas prec\u0113s, j\u0101b\u016bt dro\u0161\u0101m lieto\u0161anai p\u0101rtik\u0101 neatkar\u012bgi no t\u0101, vai p\u0101rtikas produkts ir neapstr\u0101d\u0101ts vai v\u0101r\u012bts.<\/p>\n<p>Var\u0113tu b\u016bt ar\u012b salas\u0101m\u012bbas pielaides un mar\u0137\u0113jumu kl\u0101tb\u016btne olu \u010daumal\u0101s. T\u0101p\u0113c ir svar\u012bgi izv\u0113l\u0113ties uzticamu olu printeri, kas var nodro\u0161in\u0101t drukas kvalit\u0101ti un atk\u0101rtojam\u012bbu.<\/p>\n<p>Olu mar\u0137\u0113\u0161ana ar logotipiem var pal\u012bdz\u0113t produktu mar\u0137\u0113\u0161anai un diferenci\u0101cijai. Tam var b\u016bt noz\u012bme, p\u0101rliecinot klientus, ka j\u016bsu z\u012bmols pied\u0101v\u0101 izcilu kvalit\u0101ti un uzturv\u0113rt\u012bbu.<\/p>\n<h5>8 EP-6H olu printera priek\u0161roc\u012bbas<\/h5>\n<ol>\n<li>\u0100tra iestat\u012b\u0161ana &#8211; viegli integr\u0113jas j\u016bsu ra\u017eo\u0161anas l\u012bnij\u0101<\/li>\n<li>Izcila drukas kvalit\u0101te &#8211; mar\u0137\u0113jumus ir viegli las\u012bt un sken\u0113t<\/li>\n<li>Druk\u0101jiet jebko &#8211; grafiku, att\u0113lus, logotipus<\/li>\n<li>Druk\u0101jiet visu &#8211; kod\u0113jiet un atz\u012bm\u0113jiet jebkuru virsmu<\/li>\n<li>Atsevi\u0161\u0137a darb\u012bba &#8211; nav nepiecie\u0161ams dators<\/li>\n<li>Bez d\u012bkst\u0101ves &#8211; \u0113rta un \u0101tra koda mai\u0146a<\/li>\n<li>Iesl\u0113dziet un s\u0101ciet druk\u0101\u0161anu &#8211; bez probl\u0113m\u0101m<\/li>\n<li>Bez apkopes &#8211; drukas galvi\u0146a paliek t\u012bra<\/li>\n<li><\/li>\n<\/ol>\n<p>Programmat\u016bra, kuras pamat\u0101 ir Windows RN Soft<\/p>\n<p>Valodas: ang\u013cu (p\u0113c noklus\u0113juma), fran\u010du, sp\u0101\u0146u, it\u0101\u013cu, portug\u0101\u013cu, persie\u0161u<\/p>\n<p>Satura veidi: Statiskais teksts, datums, laiks, mai\u0146as kods, skait\u012bt\u0101js, \u0101r\u0113j\u0101 datu b\u0101ze, att\u0113ls un formas<\/p>\n<p>Vienreiz\u0113jas un nep\u0101rtrauktas drukas re\u017e\u012bmi<\/p>\n<p>Atbalst\u012bt\u0101s datu b\u0101zes: xls, xlsx, csv<\/p>\n","protected":false},"featured_media":2327,"template":"","meta":[],"_links":{"self":[{"href":"http:\/\/opesbaltic.lv\/lv\/wp-json\/wp\/v2\/product\/2328"}],"collection":[{"href":"http:\/\/opesbaltic.lv\/lv\/wp-json\/wp\/v2\/product"}],"about":[{"href":"http:\/\/opesbaltic.lv\/lv\/wp-json\/wp\/v2\/types\/product"}],"wp:featuredmedia":[{"embeddable":true,"href":"http:\/\/opesbaltic.lv\/lv\/wp-json\/wp\/v2\/media\/2327"}],"wp:attachment":[{"href":"http:\/\/opesbaltic.lv\/lv\/wp-json\/wp\/v2\/media?parent=2328"}],"curies":[{"name":"wp","href":"https:\/\/api.w.org\/{rel}","templated":true}]}}