{"id":1731,"date":"2017-08-22T19:27:04","date_gmt":"2017-08-22T16:27:04","guid":{"rendered":"http:\/\/opesbaltic.lv\/product\/ccs2000\/"},"modified":"2018-02-14T10:44:53","modified_gmt":"2018-02-14T07:44:53","slug":"ccs2000","status":"publish","type":"product","link":"http:\/\/opesbaltic.lv\/lv\/product\/ccs2000\/","title":{"rendered":"CCS 2000"},"content":{"rendered":"<p><a class=\"et_pb_button et_pb_button_0 et_pb_module et_pb_bg_layout_light\" href=\"\/wp-content\/uploads\/catalogue\/ContinuosInkjetPrinters\/CCS2000\/CCS2000_Catalogue.pdf\" target=\"_blank\" rel=\"noopener\">Katalogs<\/a><\/p>\n<p>&nbsp;<\/p>\n<table>\n<tbody>\n<tr>\n<th>Druk\u0101\u0161anas sist\u0113ma<\/th>\n<td>Nep\u0101rtraukt\u0101 (uzl\u0101des kontroles sist\u0113ma)<\/td>\n<th>Putek\u013cu necaurlaid\u012bgs \u016bdensnecaurlaid\u012bgs<\/th>\n<td>Nekas<\/td>\n<\/tr>\n<tr>\n<th>RoHS<\/th>\n<td>Atbalsts<\/td>\n<th>Ekr\u0101na izm\u0113rs<\/th>\n<td>5,7 collu kr\u0101su LCD \/ sk\u0101rienj\u016bt\u012bgais panelis<\/td>\n<\/tr>\n<tr>\n<th>Rakstz\u012bmju augstums<\/th>\n<td>1\u301c10mm<\/td>\n<th>Rakstz\u012bmju augstums<\/th>\n<td>0.8-5mm (40-\u03bcm sprausla), 1-10mm (50-\u03bcm sprausla), 2-10 (60-\u03bcm sprausla)<\/td>\n<\/tr>\n<tr>\n<th>Augst\u0101kais drukas \u0101trums [rakstz\u012bmes \/ sekund\u0113] (5&#215;5 dot fonti un 1 rakstz\u012bme starp)<\/th>\n<td>1780-3200 (main\u0101s ar sprauslas veidu un tintes tipu)<\/td>\n<th>Rakstz\u012bmju veids<\/th>\n<td>Alfab\u0113ts (lielais un mazais burts), skait\u013ci, simboli, jap\u0101\u0146u hiragana, katakana , kanji (JIS klase 1 un 2), lietot\u0101ja rakstz\u012bmes<\/td>\n<\/tr>\n<tr>\n<th>Zi\u0146u re\u0123istr\u0101cijas rakstz\u012bmju skaits<\/th>\n<td>Maksim\u0101lais 4096 rakstz\u012bmju skaits<\/td>\n<th>Datums Laiks (der\u012bguma termi\u0146\u0161) Druk\u0101\u0161anas funkcija<\/th>\n<td>Krist\u012bgais gads, tradicion\u0101lais jap\u0101\u0146u kalend\u0101rs gads, gads \/ m\u0113nesis \/ diena, ned\u0113\u013cas diena, laiks (form\u0101ts 12 \/ 24H), J\u016blija datums, s\u0113rijas ned\u0113\u013cas numurs gads, m\u0113ne\u0161a s\u0101kums \/ vid\u0113js \/ v\u0113ls periods (main\u012bg\u0101 perioda iestat\u012bjums), AM \/ PM, mai\u0146u kods, rakstz\u012bmju pie\u0161\u0137ir\u0161anas funkcija (lai pie\u0161\u0137irtu gadu, m\u0113nesi, dienu, stundu, min\u016bti, otro, ned\u0113\u013cas dienu) uz maksim\u0101lais ciparu simbolu skaits no 4 l\u012bdz 15 cipariem.<\/td>\n<\/tr>\n<tr>\n<th>Numer\u0101cijas funkcija<\/th>\n<td>L\u012bdz 10 cipariem jebkura s\u0101kotn\u0113j\u0101 v\u0113rt\u012bbas iestat\u012b\u0161ana, uz aug\u0161u \/ uz leju, ciparu n\u0113s\u0101\u0161ana (var iestat\u012bt uz 1 skaitli darba skait\u0101 no 1 l\u012bdz 9999), nulles sl\u0101p\u0113\u0161anas funkcija (nomainot augst\u0101 sec\u012bb\u0101 eso\u0161o ciparu nulli ar atstarpes vai to likvid\u0113\u0161anas), rakstz\u012bmju pie\u0161\u0137ir\u0161anas funkciju numer\u0101cija (var tikt pie\u0161\u0137irta ar ciparu rakstz\u012bm\u0113m), iepriek\u0161\u0113jo iestat\u012bjumu skait\u013cus (2 l\u012bdz 36 aiz komata) var sadal\u012bt (ievietojiet k\u0101du no simboliem starp cipariem)<\/td>\n<th>Att\u0101luma druk\u0101\u0161anas funkcija<\/th>\n<td>L\u012bdz 10 cipariem var sadal\u012bt (ievietojiet k\u0101du no simboliem starp cipariem)<\/td>\n<\/tr>\n<tr>\n<th>Sv\u012btru koda druk\u0101\u0161anas funkcija<\/th>\n<td>ITF, Code39, NW-7, JAN, Code128<\/td>\n<th>Divdimensiju koda druk\u0101\u0161anas funkcija<\/th>\n<td>QR Code, datu matrica<\/td>\n<\/tr>\n<tr>\n<th>Kana-to-kanji konversija<\/th>\n<td>J\u0101<\/td>\n<th>\u0100r\u0113jais savienojums<\/th>\n<td>Sign\u0101la gaisma, RS-232C, LAN, kod\u0113t\u0101js, UPS, USB atmi\u0146a<\/td>\n<\/tr>\n<tr>\n<th>Datu ievade<\/th>\n<td>Sk\u0101rienj\u016bt\u012bgais panelis, RS-232C komunik\u0101cija<\/td>\n<th>Komunik\u0101cijas funkcija<\/th>\n<td>RS-232C 1CH maksim\u0101lais 115,200 bps, Ethernet<\/td>\n<\/tr>\n<tr>\n<th>Vadu kabe\u013ca garums<\/th>\n<td>3.5m<\/td>\n<th>Saus\u0101 gaisa avots<\/th>\n<td>&#8220;Pieliekam\u0101s caurules forma: \u22056 mm vai 8 mm<br \/>\nGaisa avota spiediens: 0,8 MPa vai maz\u0101k (ventil\u0101cijas komplekts iek\u013cauts komplekt\u0101)<br \/>\nGaisa pl\u016bsmas \u0101trums: maz\u0101k par 10L \/ min &#8220;<\/td>\n<\/tr>\n<tr>\n<th>Uzst\u0101d\u012b\u0161anas vieta (platums x dzi\u013cums x augstums)<\/th>\n<td>Galven\u0101 da\u013ca: 370Wx330Dx535H (iz\u0146emot projekciju)<br \/>\nVad\u012bt\u0101js: \u220549.2mmx197mm<\/td>\n<th>Lieto\u0161anas vide (temperat\u016bra, mitrums)<\/th>\n<td>0-40 \u2103 (tas main\u0101s ar tintes tipiem), 10 l\u012bdz 85% (tom\u0113r bez kondens\u0101cijas)<\/td>\n<\/tr>\n<tr>\n<th>Baro\u0161anas avots<\/th>\n<td>AC90- 264V (t47- 63Hz), 80W<\/td>\n<th>Svars<\/th>\n<td>22 Kg<\/td>\n<\/tr>\n<tr>\n<th>Laukums<\/th>\n<td>D tipa zem\u0113jums<\/td>\n<\/tr>\n<\/tbody>\n<\/table>\n","protected":false},"excerpt":{"rendered":"<p>Zemu izmaksu augstas iz\u0161\u0137irtsp\u0113jas tintes printeris. Visas funkcijas ekonomik\u0101 ir b\u016btiskas! Tintes printeris atkar\u012bb\u0101 no t\u0101, ka viss ir izstr\u0101d\u0101ts no printera uz tinti. Ietver 5,7 collu pilnkr\u0101su paneli ar p\u0101rdom\u0101tu izmantojam\u012bbu un redzam\u012bbu. Augstas kvalit\u0101tes druk\u0101\u0161ana ar fluora sprauslu, kas nov\u0113r\u0161 sprauslas net\u012brumus.<\/p>\n","protected":false},"featured_media":220,"template":"","meta":[],"_links":{"self":[{"href":"http:\/\/opesbaltic.lv\/lv\/wp-json\/wp\/v2\/product\/1731"}],"collection":[{"href":"http:\/\/opesbaltic.lv\/lv\/wp-json\/wp\/v2\/product"}],"about":[{"href":"http:\/\/opesbaltic.lv\/lv\/wp-json\/wp\/v2\/types\/product"}],"wp:featuredmedia":[{"embeddable":true,"href":"http:\/\/opesbaltic.lv\/lv\/wp-json\/wp\/v2\/media\/220"}],"wp:attachment":[{"href":"http:\/\/opesbaltic.lv\/lv\/wp-json\/wp\/v2\/media?parent=1731"}],"curies":[{"name":"wp","href":"https:\/\/api.w.org\/{rel}","templated":true}]}}