{"id":1725,"date":"2017-08-22T19:31:59","date_gmt":"2017-08-22T16:31:59","guid":{"rendered":"http:\/\/opesbaltic.lv\/product\/ccs3100\/"},"modified":"2018-02-14T10:17:53","modified_gmt":"2018-02-14T07:17:53","slug":"ccs3100","status":"publish","type":"product","link":"http:\/\/opesbaltic.lv\/lv\/product\/ccs3100\/","title":{"rendered":"CCS 3100"},"content":{"rendered":"<p><a class=\"et_pb_button et_pb_button_0 et_pb_module et_pb_bg_layout_light\" href=\"\/wp-content\/uploads\/catalogue\/ContinuosInkjetPrinters\/CCS3100\/CCS3100_Catalogue.pdf\" target=\"_blank\" rel=\"noopener\">Katalogs<\/a><\/p>\n<p>&nbsp;<\/p>\n<table>\n<colgroup>\n<col width=\"325px\" \/>\n<col width=\"602px\" \/> <\/colgroup>\n<tbody>\n<tr>\n<th>Druk\u0101\u0161anas sist\u0113ma<\/th>\n<td>Nep\u0101rtraukt\u0101 (uzl\u0101des vad\u012bbas sist\u0113ma)<\/td>\n<\/tr>\n<tr>\n<th>Atbilsto\u0161\u0101s tintes<\/th>\n<td>Kr\u0101so\u0161anas tintes un pigmenta tintes<\/td>\n<\/tr>\n<tr>\n<th>Putek\u013cu necaurlaid\u012bgs \u016bdensiztur\u012bgs<\/th>\n<td>IP65<\/td>\n<\/tr>\n<tr>\n<th>RoHS<\/th>\n<td>Atbalsts<\/td>\n<\/tr>\n<tr>\n<th>Ekr\u0101na izm\u0113rs<\/th>\n<td>10,4 collu kr\u0101su LCD \/ sk\u0101rienj\u016bt\u012bgais panelis<\/td>\n<\/tr>\n<tr>\n<th>Atbilsto\u0161\u0101s sprauslas<\/th>\n<td>40\u03bcm \/ 50\u03bcm \/ 60\u03bcm<\/td>\n<\/tr>\n<tr>\n<th>Rakstur\u012bgais augstums<\/th>\n<td>0.8-5mm (40 mikroniem sprausla), 1-10mm (50 mikroniem sprausla), 2-10mm (60 mikroniem sprausla)<\/td>\n<\/tr>\n<tr>\n<th>Augst\u0101kais druk\u0101\u0161anas \u0101trums<br \/>\n[rakstz\u012bmes \/ sekund\u0113]<br \/>\n(5&#215;5 punktu fonti un 1 rakstz\u012bme starp)<\/th>\n<td>1780-3200 (tas main\u0101s ar sprauslas veidu un tintes tipu)<\/td>\n<\/tr>\n<tr>\n<th>Rakstz\u012bmju tips<\/th>\n<td>Alfab\u0113ts (lielais \/ mazais burts), cipari, simboli, jap\u0101\u0146u hiragana, katakana,<br \/>\nkanji (JIS klase 1 un 2), lietot\u0101ja rakstz\u012bmes<\/td>\n<\/tr>\n<tr>\n<th>Druk\u0101to posmu skaits un<br \/>\ndot konfigur\u0101cijas piem\u0113rs<br \/>\n(garums x platums)<\/th>\n<td>[1 ~ 6 posms] 5 \u00d7 5, 5 \u00d7 N<br \/>\n[1 ~ 4 posms] 7 \u00d7 5, 7 \u00d7 8, 7 \u00d7 N<br \/>\n[1 ~ 3 posms] 9 \u00d7 7, 9 \u00d7 9, 10 \u00d7 8, 12 \u00d7 10<br \/>\n[1 ~ 2 posms] 16 \u00d7 12, 16 \u00d7 16<br \/>\n[1 posms] 24 \u00d7 18, 24 \u00d7 24, 32 \u00d7 24 \u203b 32 \u00d7 32 \u203b<\/td>\n<\/tr>\n<tr>\n<th>Zi\u0146u re\u0123istr\u0101cijas rakstz\u012bmju skaits<\/th>\n<td>Maksim\u0101li 4096 rakstz\u012bmes<\/td>\n<\/tr>\n<tr>\n<th>Zi\u0146ojuma re\u0123istr\u0101cijas numurs<\/th>\n<td>Maksimums ir 999 zi\u0146ojums<\/td>\n<\/tr>\n<tr>\n<th>Datums Laiks (der\u012bguma termi\u0146\u0161)<br \/>\nDruk\u0101\u0161anas funkcija<\/th>\n<td>Kristie\u0161u gads, tradicion\u0101ls jap\u0101\u0146u kalend\u0101rs gads, gads \/ m\u0113nesis \/ diena, ned\u0113\u013cas diena,<br \/>\nlaiks (form\u0101ts 12 \/ 24H), J\u016blija datums, s\u0113rijas ned\u0113\u013ca gad\u0101, agri \/ vid\u0113ji \/ v\u0113lu<br \/>\nm\u0113ne\u0161a periods (main\u012bg\u0101 perioda iestat\u012bjums), AM \/ PM, mai\u0146u kods, rakstz\u012bmju pie\u0161\u0137ir\u0161ana<br \/>\nfunkcija (pie\u0161\u0137irt gadu, m\u0113nesi, dienu, stundu, min\u016bti, otro, ned\u0113\u013cas dienu) uz a<br \/>\nmaksim\u0101lais ciparu simbolu skaits no 4 l\u012bdz 15 cipariem<\/td>\n<\/tr>\n<tr>\n<th>Numer\u0101cijas funkcija<\/th>\n<td>L\u012bdz 10 cipariem jebkura s\u0101kotn\u0113j\u0101 v\u0113rt\u012bbas iestat\u012b\u0161ana, uz aug\u0161u \/ uz leju, ciparu n\u0113s\u0101\u0161ana<br \/>\n(var iestat\u012bt uz 1 skaitli darba skait\u0101 no 1 l\u012bdz 9999), nulles sl\u0101p\u0113\u0161anas funkcija (aizst\u0101jot augst\u0101 sec\u012bb\u0101 eso\u0161o ciparu nulli ar atstarpi, vai to likvid\u0113t), numer\u0101cijas rakstz\u012bmju pie\u0161\u0137ir\u0161anas funkcija (var tikt pie\u0161\u0137irta ciparu rakstz\u012bmes), iepriek\u0161 iestat\u012bjumu numurus (2 l\u012bdz 36 aiz komata) var sadal\u012bt ievietojiet k\u0101du no rakstz\u012bm\u0113m starp cipariem<\/td>\n<\/tr>\n<tr>\n<th>Att\u0101luma druk\u0101\u0161anas funkcija<\/th>\n<td>L\u012bdz 10 cipariem var sadal\u012bt (ievietojiet k\u0101du no simboliem starp cipariem)<\/td>\n<\/tr>\n<tr>\n<th>Sv\u012btru koda druk\u0101\u0161anas funkcija<\/th>\n<td>ITF, Code39, Code128, NW-7, JAN<\/td>\n<\/tr>\n<tr>\n<th>Divdimensiju koda druk\u0101\u0161anas funkcija<\/th>\n<td>QR Code, datu matrica<\/td>\n<\/tr>\n<tr>\n<th>Kana-to-kanji konvert\u0113\u0161ana<\/th>\n<td>J\u0101<\/td>\n<\/tr>\n<tr>\n<th>\u0100r\u0113jais piesl\u0113gums<\/th>\n<td>I \/ O, sign\u0101la gaisma, RS-232C, LAN, kod\u0113t\u0101js, UPS, USB atmi\u0146a<\/td>\n<\/tr>\n<tr>\n<th>Datu ievade<\/th>\n<td>Sk\u0101rienj\u016bt\u012bgais panelis, RS-232C komunik\u0101cija, Ethernet<\/td>\n<\/tr>\n<tr>\n<th>Komunik\u0101cijas funkcija<\/th>\n<td>RS-232C 1CH maksim\u0101lais 115,200 bps, Ethernet<\/td>\n<\/tr>\n<tr>\n<th>Galvas kabe\u013ca garums<\/th>\n<td>3.5m<\/td>\n<\/tr>\n<tr>\n<th>Multi-controle<\/th>\n<td>Viena galven\u0101 (galven\u0101) vad\u012bba ir iesp\u0113jama ne vair\u0101k k\u0101 16 bezvadu telefona klausules (slave) vad\u012bklas. [Kontrol\u0113jama funkcija] iesl\u0113g\u0161ana \/ izsl\u0113g\u0161ana, baro\u0161ana OFF, sist\u0113mas pulkste\u0146a iestat\u012b\u0161ana, zi\u0146u izv\u0113le satura redi\u0123\u0113\u0161anas druk\u0101\u0161ana, pa\u0161reiz\u0113j\u0101 v\u0113rt\u012bbas iestat\u012bjuma numer\u0101cija.<\/td>\n<\/tr>\n<tr>\n<th>Saus\u0101 gaisa avots<\/th>\n<td>Piel\u0101got\u0101s caurules forma: \u00f86mm vai 8mm<br \/>\nGaisa avota spiediens: 0,8 MPa vai maz\u0101k (ventil\u0101cijas komplekts iek\u013cauts komplekt\u0101)<br \/>\nGaisa pl\u016bsmas \u0101trums: maz\u0101ks par 10L \/ min (\u203b)<\/td>\n<\/tr>\n<tr>\n<th>Uzst\u0101d\u012b\u0161anas plat\u012bba (platums x dzi\u013cums x augstums)<\/th>\n<td>Galven\u0101 da\u013ca: 400Wx307Dx548H (iz\u0146emot projekcijas) vad\u012bt\u0101js: \u00f849.2mmx197mm<\/td>\n<\/tr>\n<tr>\n<th>Izmantojiet vidi (temperat\u016bra, mitrums)<\/th>\n<td>0-40 \u00b0 C (main\u0101s ar tintes tipiem), no 10 l\u012bdz 85% (tom\u0113r bez kondens\u0101cijas)<\/td>\n<\/tr>\n<tr>\n<th>Baro\u0161anas avots<\/th>\n<td>AC90-264V (47-63Hz), 80W<\/td>\n<\/tr>\n<tr>\n<th>Masa<\/th>\n<td>25kg<\/td>\n<\/tr>\n<tr>\n<th>Laukums<\/th>\n<td>D tipa zem\u0113jums<\/td>\n<\/tr>\n<\/tbody>\n<\/table>\n","protected":false},"excerpt":{"rendered":"<p>Stabila druk\u0101\u0161ana ar fluora sprauslu uzst\u0101d\u012btu galvu. Maksim\u0101l\u0101 daudzkontrole var b\u016bt l\u012bdz 16 vien\u012bb\u0101m. Manipul\u0113t vair\u0101kas vien\u012bbas, kas atbilst vienam kaptei\u0146am, lai kontrol\u0113tu vair\u0101ku kontroli. Viegla darb\u012bba ar no\u0146emamu 10,4 collu kr\u0101su sk\u0101rienpaneli. Drukas kvalit\u0101te ar jauno galvu ir iev\u0113rojami uzlabota. T\u0101d\u0113j\u0101di tas sp\u0113j \u0101tri p\u0101rvietoties pa l\u012bniju, k\u0101 ar\u012b skaidru druk\u0101\u0161anu daudzpak\u0101pju druk\u0101. Pie\u0146emot fluora sprauslu, tiek realiz\u0113ta stabila druk\u0101\u0161ana ar gandr\u012bz bez sprauslu net\u012brumiem. Multikontrole (slave funkcija) var kontrol\u0113t l\u012bdz 16 vien\u012bb\u0101m ar 1 vad\u012bt\u0101ju. (Tom\u0113r funkciju ierobe\u017eojums ir ierobe\u017eots).<\/p>\n","protected":false},"featured_media":224,"template":"","meta":[],"_links":{"self":[{"href":"http:\/\/opesbaltic.lv\/lv\/wp-json\/wp\/v2\/product\/1725"}],"collection":[{"href":"http:\/\/opesbaltic.lv\/lv\/wp-json\/wp\/v2\/product"}],"about":[{"href":"http:\/\/opesbaltic.lv\/lv\/wp-json\/wp\/v2\/types\/product"}],"wp:featuredmedia":[{"embeddable":true,"href":"http:\/\/opesbaltic.lv\/lv\/wp-json\/wp\/v2\/media\/224"}],"wp:attachment":[{"href":"http:\/\/opesbaltic.lv\/lv\/wp-json\/wp\/v2\/media?parent=1725"}],"curies":[{"name":"wp","href":"https:\/\/api.w.org\/{rel}","templated":true}]}}