{"id":1713,"date":"2017-08-22T19:33:28","date_gmt":"2017-08-22T16:33:28","guid":{"rendered":"http:\/\/opesbaltic.lv\/product\/ccs3000\/"},"modified":"2018-02-13T15:05:58","modified_gmt":"2018-02-13T12:05:58","slug":"ccs3000","status":"publish","type":"product","link":"http:\/\/opesbaltic.lv\/lv\/product\/ccs3000\/","title":{"rendered":"CCS 3000"},"content":{"rendered":"<p><a class=\"et_pb_button et_pb_button_0 et_pb_module et_pb_bg_layout_light\" href=\"\/wp-content\/uploads\/catalogue\/ContinuosInkjetPrinters\/CCS3000\/CCS3000_Catalogue.pdf\" target=\"_blank\" rel=\"noopener\">Katalogs<\/a><\/p>\n<p>&nbsp;<\/p>\n<table>\n<colgroup>\n<col width=\"190px\" \/>\n<col width=\"185px\" \/>\n<col width=\"185px\" \/>\n<col width=\"185px\" \/>\n<col width=\"185px\" \/> <\/colgroup>\n<tbody>\n<tr>\n<th class=\"level-1\">Modelis<\/th>\n<th class=\"level-1\">Kr\u0101su standarta ma\u0161\u012bna<\/th>\n<th class=\"level-1\">Kr\u0101su ekonomijas ma\u0161\u012bna<\/th>\n<th class=\"level-1\">Pigmenta ma\u0161\u012bna<\/th>\n<th class=\"level-1\">Olu ma\u0161\u012bna<\/th>\n<\/tr>\n<tr>\n<th class=\"level-2\">Mode\u013ca nosaukums<\/th>\n<td>CCS3000-D<\/td>\n<td>CCS3000-DR<\/td>\n<td>CCS3000-P<\/td>\n<td>CCS3000-EG<\/td>\n<\/tr>\n<tr>\n<th class=\"level-2\">Atbilsto\u0161\u0101s tintes<\/th>\n<td colspan=\"2\">Kr\u0101so\u0161anas tintes<\/td>\n<td>Pigmenta tinte<br \/>\nKokog\u013cu tinte<\/td>\n<td>Olu tinte<\/td>\n<\/tr>\n<tr>\n<th class=\"level-2\">Putek\u013cu necaurlaid\u012bgs \u016bdensiztur\u012bgs<\/th>\n<td>IP65<\/td>\n<td>IP54<\/td>\n<td>IP65<\/td>\n<td>IP65<\/td>\n<\/tr>\n<tr>\n<th class=\"level-2\">\u00a0CE mar\u0137\u0113jums<\/th>\n<td>Atbilsto\u0161a<\/td>\n<td>Neatbilsto\u0161a CE<\/td>\n<td>Atbilsto\u0161a<\/td>\n<td>Atbilsto\u0161a<\/td>\n<\/tr>\n<tr>\n<th class=\"level-2\">RoHS<\/th>\n<td colspan=\"4\">Atbalsts<\/td>\n<\/tr>\n<tr>\n<th class=\"level-2\">Ekr\u0101na izm\u0113rs<\/th>\n<td colspan=\"4\">10,4 kr\u0101su LCD \/ sk\u0101rienpanelis<\/td>\n<\/tr>\n<tr>\n<th class=\"level-2\">Darb\u012bbas panelis<br \/>\nkabe\u013ca garums<\/th>\n<td>3.5m<\/td>\n<td>1.3m<\/td>\n<td>3.5m<\/td>\n<td>3.5m<\/td>\n<\/tr>\n<tr>\n<th class=\"level-2\">Atbilsto\u0161\u0101s sprauslas<\/th>\n<td colspan=\"2\">40\u00b5m \/ 50\u00b5m \/ 60\u00b5m<\/td>\n<td>50\u00b5m \/ 60\u00b5m<\/td>\n<td>60\u00b5m<\/td>\n<\/tr>\n<tr>\n<th class=\"level-2\">Rakstz\u012bmju augstums<\/th>\n<td colspan=\"4\">0.8-5mm (40-\u03bcm sprausla), 1-10mm (50-\u03bcm sprausla), 2-10 (60-\u03bcm sprausla)<\/td>\n<\/tr>\n<tr>\n<th class=\"level-2\">Augst\u0101k\u0101 druka<br \/>\n\u0101trums [rakstz\u012bmes \/ sekunde]<br \/>\n(5&#215;5 dot fonti un<br \/>\n1 raksturlielums starp)<\/th>\n<td colspan=\"4\">2.666 (40-\u03bcm sprausla), 2.041 (50-\u03bcm sprausla), 1.780 (60-\u03bcm sprausla)<\/td>\n<\/tr>\n<tr>\n<th class=\"level-2\">Druk\u0101to posmu skaits<br \/>\nun punktu konfigur\u0101cija<\/th>\n<td colspan=\"4\">[1 ~ 6 posms] 5 \u00d7 5<br \/>\n[1 ~ 4 posms] 7 \u00d7 5, 7 \u00d7 8<br \/>\n[1 ~ 3 posms] 9 \u00d7 7, 9 \u00d7 9, 10 \u00d7 8, 12 \u00d7 10<br \/>\n[1 ~ 2 posms] 16 \u00d7 12, 16 \u00d7 16<br \/>\n[1 posms] 24 \u00d7 18, 24 \u00d7 24, 32 \u00d7 24, 32 \u00d7 32<\/td>\n<\/tr>\n<tr>\n<th class=\"level-2\">Zi\u0146u re\u0123istr\u0101cijas numurs<\/th>\n<td colspan=\"4\">Maksimums ir 999 zi\u0146ojums<\/td>\n<\/tr>\n<tr>\n<th class=\"level-2\">Zi\u0146u re\u0123istr\u0101cija rakstz\u012bmju skaits<\/th>\n<td colspan=\"4\">Maksim\u0101li 4096 rakstz\u012bmes<\/td>\n<\/tr>\n<tr>\n<th class=\"level-2\">Rakstz\u012bmju veids<\/th>\n<td colspan=\"4\">Alfab\u0113ts (lielais un mazais burts), cipari, simboli, jap\u0101\u0146u hiragana, katakana, kanji (JIS 1. un 2. klase),<br \/>\nVienk\u0101r\u0161ot\u0101 \u0137\u012bnie\u0161u valoda (GB2312), lietot\u0101ja rakstz\u012bmes<\/td>\n<\/tr>\n<tr>\n<th class=\"level-2\">Datums Laiks<br \/>\n(der\u012bguma termi\u0146\u0161)<br \/>\nDruk\u0101\u0161anas funkcija<\/th>\n<td colspan=\"4\">Kristie\u0161u gads, tradicion\u0101ls jap\u0101\u0146u kalend\u0101rs gads, gads \/ m\u0113nesis \/ diena, ned\u0113\u013cas diena, laiks (form\u0101ts 12 \/ 24H),<br \/>\nJ\u016blija datums, s\u0113rijas ned\u0113\u013cas numurs gad\u0101, m\u0113ne\u0161a s\u0101kum\u0101 \/ vid\u0113ji \/ v\u0113l\u012bn\u0101 period\u0101 (main\u012bg\u0101 laika posms),<br \/>\nAM \/ PM, mai\u0146as kods, rakstz\u012bmju pie\u0161\u0137ir\u0161anas funkcija (lai pie\u0161\u0137irtu gadu, m\u0113nesi, dienu, stundu, min\u016bti, otro<br \/>\nned\u0113\u013cas diena) maksim\u0101li 4 l\u012bdz 15 ciparu cipariem.<\/td>\n<\/tr>\n<tr>\n<th class=\"level-2\">Numer\u0101cijas funkcija<\/th>\n<td colspan=\"4\">L\u012bdz 10 cipariem, jebkura s\u0101kotn\u0113j\u0101 v\u0113rt\u012bbas iestat\u012b\u0161ana, uz aug\u0161u \/ uz leju, ciparu p\u0101rne\u0161ana (var iestat\u012bt uz 1 skaita darba numur\u0101 no<br \/>\n1 l\u012bdz 9999), nulles sl\u0101p\u0113\u0161anas funkcija (aizst\u0101jot augst\u0101 sec\u012bb\u0101 eso\u0161o ciparu nulli ar atstarpi vai to likvid\u0113jot)<br \/>\nnumer\u0101cijas rakstz\u012bmju pie\u0161\u0137ir\u0161anas funkcija (var tikt pie\u0161\u0137irta ar ciparu rakstz\u012bm\u0113m), iepriek\u0161 iestat\u012bjumu numuri<br \/>\n(No 2 l\u012bdz 36 aiz komata) var sadal\u012bt (ievietojiet k\u0101du no simboliem starp cipariem).<\/td>\n<\/tr>\n<tr>\n<th class=\"level-2\">Att\u0101luma druk\u0101\u0161anas funkcija<\/th>\n<td colspan=\"4\">Garuma m\u0113r\u012b\u0161anas druk\u0101\u0161ana l\u012bdz 10 cipariem, var tikt sadal\u012bta (ievietojiet k\u0101du no simboliem starp cipariem).<\/td>\n<\/tr>\n<tr>\n<th class=\"level-2\">Sv\u012btrkods<\/th>\n<td colspan=\"4\">ITF, NW-7, JAN, Kods128<\/td>\n<\/tr>\n<tr>\n<th class=\"level-2\">Divdimensiju kods<\/th>\n<td colspan=\"4\">QR Code, datu matrica<\/td>\n<\/tr>\n<tr>\n<th class=\"level-2\">Kana-to-kanji konvert\u0113\u0161ana<\/th>\n<td colspan=\"4\">\u00a0J\u0101<\/td>\n<\/tr>\n<tr>\n<th class=\"level-2\">\u0100r\u0113jais piesl\u0113gums<\/th>\n<td colspan=\"4\">I \/ O, sign\u0101la gaisma, RS-232C, LAN, kod\u0113t\u0101js, UPS, USB atmi\u0146a<\/td>\n<\/tr>\n<tr>\n<th class=\"level-2\">Datu ievade<\/th>\n<td colspan=\"4\">Sk\u0101rienj\u016bt\u012bgais panelis, RS-232C komunik\u0101cija, Ethernet<\/td>\n<\/tr>\n<tr>\n<th class=\"level-2\">Komunik\u0101cijas funkcija<\/th>\n<td colspan=\"4\">RS-232C 1CH maksim\u0101lais 115,200 bps, Ethernet<\/td>\n<\/tr>\n<tr>\n<th class=\"level-2\">Vad\u012bt\u0101ja kabe\u013ca garums<\/th>\n<td colspan=\"4\">3.5m<\/td>\n<\/tr>\n<tr>\n<th class=\"level-2\">Multi-controle<\/th>\n<td colspan=\"4\">Viena galven\u0101 (galven\u0101) vad\u012bba ir iesp\u0113jama ne vair\u0101k k\u0101 16 bezvadu telefona klausules (slave) vad\u012bklas.<br \/>\n[Kontrol\u0113jama funkcija] iesl\u0113g\u0161ana \/ izsl\u0113g\u0161ana, baro\u0161ana OFF, sist\u0113mas pulkste\u0146a iestat\u012b\u0161ana, zi\u0146u izv\u0113le, satura redi\u0123\u0113\u0161anas druk\u0101\u0161ana, numur\u0113jot pa\u0161reiz\u0113jo v\u0113rt\u012bbu iestat\u012bjumu.<\/td>\n<\/tr>\n<tr>\n<th class=\"level-2\">Saus\u0101 gaisa avots<br \/>\n(Gaisa t\u012br\u012b\u0161anai<br \/>\ndrukas galvi\u0146a)<\/th>\n<td colspan=\"4\">Pieliekiet cauru\u013cu formu: \u00f86mm vai 8mm<br \/>\nGaisa avota spiediens: 0,8 MPa vai maz\u0101k (ventil\u0101cijas komplekts iek\u013cauts komplekt\u0101)<br \/>\nGaisa pl\u016bsmas \u0101trums: maz\u0101ks par 10L \/ min<\/td>\n<\/tr>\n<tr>\n<th class=\"level-2\">Uzst\u0101d\u012b\u0161anas vieta<br \/>\n(platums x dzi\u013cums x augstums)<\/th>\n<td colspan=\"4\">Galven\u0101 da\u013ca: 400Wx347Dx548H (iz\u0146emot projekciju)<br \/>\nVad\u012bt\u0101js: 40Wx199Dx40H<\/td>\n<\/tr>\n<tr>\n<th class=\"level-2\">Izmantojiet vidi<br \/>\n(temperat\u016bra, mitrums) 0-<\/th>\n<td colspan=\"4\">40 \u00b0 C (main\u0101s ar tintes tipiem), no 10 l\u012bdz 85% (tom\u0113r bez kondens\u0101cijas)<\/td>\n<\/tr>\n<tr>\n<th class=\"level-2\">Baro\u0161anas avots<\/th>\n<td colspan=\"4\">AC90V-264V 80W<\/td>\n<\/tr>\n<tr>\n<th class=\"level-2\">Masa<\/th>\n<td colspan=\"4\">25kg<\/td>\n<\/tr>\n<tr>\n<th class=\"level-2\">Laukums<\/th>\n<td colspan=\"4\">D tipa zem\u0113jums<\/td>\n<\/tr>\n<\/tbody>\n<\/table>\n","protected":false},"excerpt":{"rendered":"<p>IP65, CE mar\u0137\u0113jums un RoHS pras\u012bb\u0101m atbilsto\u0161s tintes printeris. Gan kosmosa taupo\u0161s dizains, gan lietot\u0101jdraudz\u012bgs. Izmanto lielu no\u0146emamu 10,4 collu kr\u0101su sk\u0101rienpaneli. Druk\u0101jiet pat maz\u0101s telp\u0101s ar kompaktu drukas galvi\u0146u. Sprausla neaiz\u0137er no \u017e\u0101v\u0113tas tintes. Atbilst da\u017e\u0101d\u0101m tint\u0113m.<\/p>\n","protected":false},"featured_media":221,"template":"","meta":[],"_links":{"self":[{"href":"http:\/\/opesbaltic.lv\/lv\/wp-json\/wp\/v2\/product\/1713"}],"collection":[{"href":"http:\/\/opesbaltic.lv\/lv\/wp-json\/wp\/v2\/product"}],"about":[{"href":"http:\/\/opesbaltic.lv\/lv\/wp-json\/wp\/v2\/types\/product"}],"wp:featuredmedia":[{"embeddable":true,"href":"http:\/\/opesbaltic.lv\/lv\/wp-json\/wp\/v2\/media\/221"}],"wp:attachment":[{"href":"http:\/\/opesbaltic.lv\/lv\/wp-json\/wp\/v2\/media?parent=1713"}],"curies":[{"name":"wp","href":"https:\/\/api.w.org\/{rel}","templated":true}]}}