{"id":1707,"date":"2017-09-18T19:36:00","date_gmt":"2017-09-18T16:36:00","guid":{"rendered":"http:\/\/opesbaltic.lv\/product\/ccs-r\/"},"modified":"2018-02-13T15:07:45","modified_gmt":"2018-02-13T12:07:45","slug":"ccs-r","status":"publish","type":"product","link":"http:\/\/opesbaltic.lv\/lv\/product\/ccs-r\/","title":{"rendered":"CCS &#8211; R"},"content":{"rendered":"<p><a class=\"et_pb_button et_pb_button_0 et_pb_module et_pb_bg_layout_light\" href=\"\/wp-content\/uploads\/catalogue\/ContinuosInkjetPrinters\/CCS-R\/CCS-R_Catalogue.pdf\" target=\"_blank\" rel=\"noopener\">Katalogs<\/a><\/p>\n<p>&nbsp;<\/p>\n<table>\n<colgroup>\n<col width=\"325px\" \/>\n<col width=\"602px\" \/> <\/colgroup>\n<tbody>\n<tr>\n<th>Druk\u0101\u0161anas sist\u0113ma<\/th>\n<td>Nep\u0101rtraukta<\/td>\n<\/tr>\n<tr>\n<th>Atbilsto\u0161\u0101s sprauslas<\/th>\n<td>40\u03bcm \/ 50\u03bcm \/ 60\u03bcm<\/td>\n<\/tr>\n<tr>\n<th>Rakstz\u012bmju augstums<\/th>\n<td>0.8-5mm (40-\u03bcm sprausla), 1-10mm (50-\u03bcm sprausla), 2-10mm (60-\u03bcm sprausla)<\/td>\n<\/tr>\n<tr>\n<th>Augst\u0101kais druk\u0101\u0161anas \u0101trums<br \/>\n[rakstz\u012bmes \/ sekund\u0113]<br \/>\n(5&#215;5 dot fonti un 1 rakstu z\u012bme)<\/th>\n<td>2666 (40-\u03bcm sprausla)<br \/>\n2041 (50-\u03bcm sprausla)<br \/>\n1780 (60-\u03bcm sprausla)<\/td>\n<\/tr>\n<tr>\n<th>Poligr\u0101fijas objekti<\/th>\n<td>Met\u0101ls, stikls, plastmasa, pl\u0113ve, gumija utt.<\/td>\n<\/tr>\n<tr>\n<th>Tinte<\/th>\n<td>Kr\u0101sa: melna, sarkana, zila un fluorescence (mask\u0113jo\u0161a)<br \/>\n* T\u0101 k\u0101 mums ir ekskluz\u012bvas da\u017e\u0101das tintes kr\u0101jum\u0101, l\u016bdzu, konsult\u0113jieties.<\/td>\n<\/tr>\n<tr>\n<th>Druk\u0101to posmu skaits un punkts<br \/>\nkonfigur\u0101cijas piem\u0113rs (garums \u00d7 platums)<\/th>\n<td>[1 ~ 4 posms] 5 \u00d7 5<br \/>\n[1 ~ 3 posms] 7 \u00d7 5, 7 \u00d7 8<br \/>\n[1 ~ 2 posms] 9 \u00d7 7, 9 \u00d7 9, 10 \u00d7 8, 12 \u00d7 10<br \/>\n[1 posms] 16 \u00d7 12, 16 \u00d7 16, 24 \u00d7 18, 24 \u00d7 24<\/td>\n<\/tr>\n<tr>\n<th>Zi\u0146u re\u0123istr\u0101cijas rakstz\u012bmju skaits<\/th>\n<td>Maksim\u0101li 512 rakstz\u012bmes<\/td>\n<\/tr>\n<tr>\n<th>Fonts<\/th>\n<td>Mincho, gotikas fonts<\/td>\n<\/tr>\n<tr>\n<th>Rakstz\u012bmju tips<\/th>\n<td>Alfab\u0113ts (lielais \/ mazais burts), cipari, simboli, jap\u0101\u0146u hiragana, katakana,<br \/>\nkanji (JIS 1. un 2. klase), vienk\u0101r\u0161ot\u0101 \u0137\u012bnie\u0161u valoda (GB2312), lietot\u0101ja rakstz\u012bmes<\/td>\n<\/tr>\n<tr>\n<th>Datuma laiks (der\u012bguma termi\u0146\u0161)<br \/>\nDruk\u0101\u0161anas funkcija<\/th>\n<td>Kristie\u0161u gads, tradicion\u0101ls jap\u0101\u0146u kalend\u0101rs gads, gads \/ m\u0113nesis \/ diena, ned\u0113\u013cas diena,<br \/>\nlaiks (form\u0101ts 12 \/ 24H), J\u016blija datums, s\u0113rijas ned\u0113\u013cas numurs gad\u0101, agri \/ vid\u0113ji \/<br \/>\nm\u0113ne\u0161a v\u0113l\u0101kais periods (main\u012bg\u0101 perioda iestat\u012bjums), AM \/ PM, rakstz\u012bmju pie\u0161\u0137ir\u0161ana<br \/>\nfunkcija (lai pie\u0161\u0137irtu gadu, m\u0113nesi, dienu, stundu, min\u016bti, sekundi, lai skaits 1rakstz\u012bme no<br \/>\ncitas rakstz\u012bmes.<\/td>\n<\/tr>\n<tr>\n<th>Numer\u0101cijas funkcija<\/th>\n<td>L\u012bdz 8 cipariem, jebkur\u0161 s\u0101kotn\u0113jais v\u0113rt\u012bbas iestat\u012bjums, uz aug\u0161u \/ uz leju, ciparu n\u0113s\u0101\u0161ana<br \/>\n(var iestat\u012bt uz 1 skaitli darba skait\u0101 no 1 l\u012bdz 9999),<br \/>\nnulles sl\u0101p\u0113\u0161anas funkcija (aizst\u0101jot augst\u0101 sec\u012bb\u0101 eso\u0161o ciparu nulli ar atstarpi),<br \/>\nnumer\u0101cijas rakstz\u012bmju pie\u0161\u0137ir\u0161anas funkcija (var pie\u0161\u0137irt ciparu rakstz\u012bm\u0113m).<\/td>\n<\/tr>\n<tr>\n<th>Sv\u012btru koda druk\u0101\u0161anas funkcija<\/th>\n<td>ITF, Code39, NW-7, JAN, Code128<\/td>\n<\/tr>\n<tr>\n<th>Zi\u0146ojuma re\u0123istr\u0101cijas numurs<\/th>\n<td>Maksim\u0101li 50 zi\u0146ojumi<\/td>\n<\/tr>\n<tr>\n<th>Komunik\u0101cijas funkcija<\/th>\n<td>RS-232C 1CH maksim\u0101li 76,800 bps<\/td>\n<\/tr>\n<tr>\n<th>Vad\u012bt\u0101ja kabe\u013ca garums<\/th>\n<td>3.5m<\/td>\n<\/tr>\n<tr>\n<th>Izmantojiet vidi (temperat\u016bra, mitrums)<\/th>\n<td>0-40 \u00b0 C (main\u0101s ar tintes tipiem), no 10 l\u012bdz 85% (tom\u0113r bez kondens\u0101cijas)<\/td>\n<\/tr>\n<tr>\n<th>Str\u0101vas padeve<\/th>\n<td>100 V: AC100V 50 \/ 60Hz 60W (80VA) Zem\u0113juma tipa 2 stabu spraudkontakts<br \/>\n220 V: AC220V 50 \/ 60Hz 70W (100VA) GB specifik\u0101cijas aizb\u0101znis<br \/>\n230 V: AC230V 50 \/ 60Hz 70W (100VA)<\/td>\n<\/tr>\n<tr>\n<th>Saus\u0101 gaisa avots<br \/>\n(Gaisa t\u012br\u012b\u0161anai drukas galvi\u0146\u0101)<\/th>\n<td>Gaisa t\u012br\u012b\u0161ana drukas galvi\u0146\u0101<br \/>\nFit caurules forma: o6mm vai 8mm<br \/>\nGaisa avota spiediens: 0,8 MPa vai maz\u0101k (ventil\u0101cijas komplekts iek\u013cauts komplekt\u0101)<br \/>\nGaisa pl\u016bsmas \u0101trums: maz\u0101ks par 10L \/ min<\/td>\n<\/tr>\n<tr>\n<th>Uzst\u0101d\u012b\u0161anas vieta (platums x dzi\u013cums x augstums)<\/th>\n<td>Galven\u0101 da\u013ca: 400Wx300Dx674H (iz\u0146emot projekciju)<br \/>\nGalvi\u0146a: 40Wx199Dx40H<\/td>\n<\/tr>\n<tr>\n<th>Masa<\/th>\n<td>30Kg<\/td>\n<\/tr>\n<tr>\n<th>Laukums<\/th>\n<td>D tipa zem\u0113jums<\/td>\n<\/tr>\n<\/tbody>\n<\/table>\n","protected":false},"excerpt":{"rendered":"<p>Tintes printeris ar cieto ner\u016bs\u0113jo\u0161\u0101 t\u0113rauda korpusu. Ner\u016bs\u0113jo\u0161\u0101 t\u0113rauda korpuss var tikt izmantots, neuztraucoties pat ap \u016bdeni. Ietver pilna tastat\u016bru, lai to \u0113rt\u0101k izmantotu. Druk\u0101jiet uz pla\u0161a spektra da\u017e\u0101du formu objektu.<\/p>\n","protected":false},"featured_media":222,"template":"","meta":[],"_links":{"self":[{"href":"http:\/\/opesbaltic.lv\/lv\/wp-json\/wp\/v2\/product\/1707"}],"collection":[{"href":"http:\/\/opesbaltic.lv\/lv\/wp-json\/wp\/v2\/product"}],"about":[{"href":"http:\/\/opesbaltic.lv\/lv\/wp-json\/wp\/v2\/types\/product"}],"wp:featuredmedia":[{"embeddable":true,"href":"http:\/\/opesbaltic.lv\/lv\/wp-json\/wp\/v2\/media\/222"}],"wp:attachment":[{"href":"http:\/\/opesbaltic.lv\/lv\/wp-json\/wp\/v2\/media?parent=1707"}],"curies":[{"name":"wp","href":"https:\/\/api.w.org\/{rel}","templated":true}]}}