{"id":1701,"date":"2017-09-21T17:41:31","date_gmt":"2017-09-21T14:41:31","guid":{"rendered":"http:\/\/opesbaltic.lv\/product\/tjx-series\/"},"modified":"2020-05-26T15:01:30","modified_gmt":"2020-05-26T12:01:30","slug":"rnjet-h1-2","status":"publish","type":"product","link":"http:\/\/opesbaltic.lv\/lv\/product\/rnjet-h1-2\/","title":{"rendered":"RNJet H1"},"content":{"rendered":"<p>Apraksts:<\/p>\n<table style=\"height: 1292px;\" width=\"1045\">\n<tbody>\n<tr>\n<td width=\"291\">Druk\u0101\u0161anas sist\u0113ma<\/td>\n<td width=\"370\">Termisk\u0101 tipa p\u0113c piepras\u012bjuma<\/td>\n<\/tr>\n<tr>\n<td width=\"291\">Maksim\u0101lais atbalst\u012btais l\u012bnijas \u0101trums<\/td>\n<td width=\"370\">30m \/ min\u016bt\u0113<\/td>\n<\/tr>\n<tr>\n<td width=\"291\">Sprauslas izvietojums<\/td>\n<td width=\"370\">300 punktu (150 punktu \u00d7 divas rindas)<\/td>\n<\/tr>\n<tr>\n<td width=\"291\">Tintes izspie\u0161anas virziens<\/td>\n<td width=\"370\">Horizont\u0101li, uz leju<\/td>\n<\/tr>\n<tr>\n<td width=\"291\">Rakstz\u012bmju augstums<\/td>\n<td width=\"370\">Maksim\u0101li 12,7 mm<\/td>\n<\/tr>\n<tr>\n<td width=\"291\">Galvu skaits<\/td>\n<td width=\"370\">1<\/td>\n<\/tr>\n<tr>\n<td width=\"291\">Druk\u0101jamo posmu skaits<\/td>\n<td width=\"370\">Bez ierobe\u017eojumiem<\/td>\n<\/tr>\n<tr>\n<td width=\"291\">Ierakst\u012bto zi\u0146ojumu skaits<\/td>\n<td width=\"370\">1000 zi\u0146ojumu (maksim\u0101lais)<\/td>\n<\/tr>\n<tr>\n<td width=\"291\">Zi\u0146as lielums<\/td>\n<td width=\"370\">ne vair\u0101k k\u0101 150 \u00d7 4800 punkti<\/td>\n<\/tr>\n<tr>\n<td width=\"291\">Rakstz\u012bmju fonts<\/td>\n<td width=\"370\">Ir iesp\u0113jams izmantot person\u0101laj\u0101 dator\u0101 eso\u0161os fontus<\/td>\n<\/tr>\n<tr>\n<td width=\"291\">Datuma laiks (der\u012bguma termi\u0146\u0161) Druk\u0101\u0161anas funkcija<\/td>\n<td width=\"370\">Kritijas gads, \/ m\u0113nesis \/ diena \/ laiks \/ min\u016bte \/ sekunde<\/td>\n<\/tr>\n<tr>\n<td width=\"291\">Numer\u0101cijas funkcija<\/p>\n<p>&nbsp;<\/td>\n<td width=\"370\">Ne vair\u0101k k\u0101 8 cipari uz aug\u0161u un uz leju, atk\u0101rtojums, s\u0101kotn\u0113j\u0101 v\u0113rt\u012bba, beigu v\u0113rt\u012bba, v\u0113rt\u012bbas palielin\u0101\u0161anas un samazin\u0101\u0161anas iestat\u012b\u0161ana<\/td>\n<\/tr>\n<tr>\n<td width=\"291\">Sv\u012btru koda druk\u0101\u0161anas funkcija<\/td>\n<td width=\"370\">Codabar, Code39, Code128, EAN8, EAN13<\/td>\n<\/tr>\n<tr>\n<td width=\"291\">Divdimensiju koda druk\u0101\u0161anas funkcija<\/td>\n<td width=\"370\">QR Code, datu matrica, PDF417, ATTEC<\/td>\n<\/tr>\n<tr>\n<td width=\"291\">Grafika<\/td>\n<td width=\"370\">Bez ierobe\u017eojumiem (BMP, JPG, GIF, PNG)<\/td>\n<\/tr>\n<tr>\n<td width=\"291\">\u0100r\u0113jais interfeiss<\/td>\n<td width=\"370\">MicroSD, USB (kabe\u013ca savienojums)<\/td>\n<\/tr>\n<tr>\n<td width=\"291\">Atbalsta OS<\/td>\n<td width=\"370\">Windows8 \/ 7 \/ Vista<\/td>\n<\/tr>\n<tr>\n<td width=\"291\">Gaid\u012b\u0161anas laiks<\/td>\n<td width=\"370\">Aptuveni 20 stundas (main\u0101s atkar\u012bb\u0101 no darba apst\u0101k\u013ciem)<\/td>\n<\/tr>\n<tr>\n<td width=\"291\">Nep\u0101rtraukta lieto\u0161anas laiks<\/td>\n<td width=\"370\">Apm\u0113ram 8 stundas (main\u0101s atkar\u012bb\u0101 no darba apst\u0101k\u013ciem)<\/td>\n<\/tr>\n<tr>\n<td width=\"291\">Izmantojiet vidi (temperat\u016bra, mitrums)<\/td>\n<td width=\"370\">No 5 l\u012bdz 35 \u00b0 C, no 10 l\u012bdz 80% (tom\u0113r nekondens\u0113jo\u0161s)<\/td>\n<\/tr>\n<tr>\n<td width=\"291\">Baro\u0161anas avots<\/td>\n<td width=\"370\">Maz\u0101ks par AC100V<\/td>\n<\/tr>\n<\/tbody>\n<\/table>\n","protected":false},"excerpt":{"rendered":"<section class=\"elementor-element elementor-element-564dcd5 elementor-section-boxed elementor-section-height-default elementor-section-height-default elementor-section elementor-top-section\" data-id=\"564dcd5\" data-element_type=\"section\" data-settings=\"{&quot;background_background&quot;:&quot;classic&quot;}\">\n<div class=\"elementor-container elementor-column-gap-default\">\n<div class=\"elementor-row\">\n<div class=\"elementor-element elementor-element-0972a20 elementor-column elementor-col-100 elementor-top-column\" data-id=\"0972a20\" data-element_type=\"column\">\n<div class=\"elementor-column-wrap elementor-element-populated\">\n<div class=\"elementor-widget-wrap\">\n<div class=\"elementor-element elementor-element-5b0b611 elementor-widget elementor-widget-heading\" data-id=\"5b0b611\" data-element_type=\"widget\" data-widget_type=\"heading.default\">\n<div class=\"elementor-widget-container\">\n<h4>RNJet H1 r\u016bpnieciskais tintes printeris<\/h4>\n<h5>Nav net\u012brumu, bez apkopes, \u0101tri sauss, mazu rakstz\u012bmju kod\u0113\u0161anas un mar\u0137\u0113\u0161anas printeris.<\/h5>\n<p>RNJet H1 ir augstas iz\u0161\u0137irtsp\u0113jas, \u0101trs, mazu burtu r\u016bpniec\u012bbas printeris, kas pied\u0101v\u0101 \u0101tru sausu produktu kod\u0113\u0161anu un mar\u0137\u0113\u0161anu ar p\u0101rbaud\u012btu veiktsp\u0113ju. Izmantojot \u0161\u0137\u012bdin\u0101t\u0101ju un \u016bdens b\u0101zes tintes, tas var izdruk\u0101t tekstu, logotipus, skait\u012bt\u0101jus, sv\u012btrkodus, laiku un datumus uz da\u017e\u0101d\u0101m porain\u0101m un neporain\u0101m virsm\u0101m ar izcilu drukas iz\u0161\u0137irtsp\u0113ju. Apr\u012bkots ar sk\u0101rienekr\u0101na kontrolieri, j\u016bs varat vienk\u0101r\u0161i noform\u0113t drukas failu tie\u0161i uz ekr\u0101na. Dators nav nepiecie\u0161ams. RNJet H1 var izveidot savienojumu ar t\u012bklu, izmantojot savu USB vai RS-232 portu. T\u0101tad to var kontrol\u0113t un darbin\u0101t no jebkuras vietas ra\u017eotn\u0113.<\/p>\n<h5>K\u0101p\u0113c jums vajadz\u0113tu apsv\u0113rt \u0161o printeri:<\/h5>\n<ol>\n<li>Nek\u0101da haosa<\/li>\n<li>Vienk\u0101r\u0161a darb\u012bba<\/li>\n<li>Liels drukas \u0101trums<\/li>\n<li>\u0100tra sausa druk\u0101\u0161ana<\/li>\n<li>Uzticams un bez apkopes<\/li>\n<li>Iztur vibr\u0101cijas un temperat\u016bras sv\u0101rst\u012bbas<\/li>\n<li>Atsevi\u0161\u0137a darb\u012bba<\/li>\n<\/ol>\n<h5>8 RNJet H1 printera priek\u0161roc\u012bbas<\/h5>\n<ol>\n<li>\u0100tra iestat\u012b\u0161ana &#8211; viegli integr\u0113jas j\u016bsu ra\u017eo\u0161anas l\u012bnij\u0101<\/li>\n<li>Izcila drukas kvalit\u0101te &#8211; mar\u0137\u0113jumus ir viegli las\u012bt un sken\u0113t<\/li>\n<li>Druk\u0101jiet jebko &#8211; grafiku, att\u0113lus, logotipus<\/li>\n<li>Druk\u0101jiet visu &#8211; kod\u0113jiet un atz\u012bm\u0113jiet jebkuru virsmu<\/li>\n<li>Atsevi\u0161\u0137a darb\u012bba &#8211; nav nepiecie\u0161ams dators<\/li>\n<li>Bez d\u012bkst\u0101ves &#8211; \u0113rta un \u0101tra koda mai\u0146a<\/li>\n<li>Iesl\u0113dziet un s\u0101ciet druk\u0101\u0161anu &#8211; bez probl\u0113m\u0101m<\/li>\n<li>Bez apkopes &#8211; drukas galvi\u0146a paliek t\u012bra<\/li>\n<\/ol>\n<h5>Izv\u0113les redzes p\u0101rbaudes risin\u0101jumi mar\u0137\u0113\u0161anas un kod\u0113\u0161anas kvalit\u0101tei<\/h5>\n<p>Piln\u012bb\u0101 apr\u012bkotas, jaud\u012bgas redzam\u012bbas sist\u0113mas, kas \u0101tri un prec\u012bzi veic produktu mar\u0137\u0113jumu p\u0101rbaudes, lai nodro\u0161in\u0101tu kvalit\u0101ti un atbilst\u012bbu, p\u0101rbaudot:<\/p>\n<ul>\n<li>koda poz\u012bcija<\/li>\n<li>las\u0101m\u012bba<\/li>\n<li>precizit\u0101te<\/li>\n<\/ul>\n<\/div>\n<\/div>\n<\/div>\n<\/div>\n<\/div>\n<\/div>\n<\/div>\n<\/section>\n","protected":false},"featured_media":2324,"template":"","meta":[],"_links":{"self":[{"href":"http:\/\/opesbaltic.lv\/lv\/wp-json\/wp\/v2\/product\/1701"}],"collection":[{"href":"http:\/\/opesbaltic.lv\/lv\/wp-json\/wp\/v2\/product"}],"about":[{"href":"http:\/\/opesbaltic.lv\/lv\/wp-json\/wp\/v2\/types\/product"}],"wp:featuredmedia":[{"embeddable":true,"href":"http:\/\/opesbaltic.lv\/lv\/wp-json\/wp\/v2\/media\/2324"}],"wp:attachment":[{"href":"http:\/\/opesbaltic.lv\/lv\/wp-json\/wp\/v2\/media?parent=1701"}],"curies":[{"name":"wp","href":"https:\/\/api.w.org\/{rel}","templated":true}]}}