{"id":1695,"date":"2017-09-21T18:21:48","date_gmt":"2017-09-21T15:21:48","guid":{"rendered":"http:\/\/opesbaltic.lv\/product\/tjx-series-uv-led\/"},"modified":"2018-02-13T11:13:56","modified_gmt":"2018-02-13T08:13:56","slug":"tjx-series-uv-led","status":"publish","type":"product","link":"http:\/\/opesbaltic.lv\/lv\/product\/tjx-series-uv-led\/","title":{"rendered":"TJX s\u0113rijas UV LED"},"content":{"rendered":"<p><a class=\"et_pb_button et_pb_button_0 et_pb_module et_pb_bg_layout_light\" href=\"\/wp-content\/uploads\/catalogue\/ThermalInkjetPrinters\/TJXSeriesUVLED\/TJXSeriesUVLED_Catalogue.pdf\" target=\"_blank\" rel=\"noopener\">Katalogs<\/a><\/p>\n<p>&nbsp;<\/p>\n<table>\n<colgroup>\n<col width=\"325px\" \/>\n<col width=\"602px\" \/> <\/colgroup>\n<tbody>\n<tr>\n<th>Baro\u0161anas avots<\/th>\n<td>\u0100r\u0113jais modulis INPUT 110v \/ 240v I 50-60Hz I 10W. \u0100r\u0113j\u0101 modu\u013ca ieeja 110v \/ 240v I 50-60Hz I 85W<\/td>\n<\/tr>\n<tr>\n<th>Temperat\u016bra<\/th>\n<td>No + 5 \u00b0 C l\u012bdz + 50 \u00b0 C (+ 41 \u00b0 C l\u012bdz + 122 \u00b0 C)<\/td>\n<\/tr>\n<tr>\n<th>Mitrums<\/th>\n<td>No 5% l\u012bdz 85% bez kondens\u0101cijas<\/td>\n<\/tr>\n<\/tbody>\n<\/table>\n<p>&nbsp;<\/p>\n<h3>Izejmateri\u0101li<\/h3>\n<p>&nbsp;<\/p>\n<table>\n<colgroup>\n<col width=\"325px\" \/>\n<col width=\"602px\" \/> <\/colgroup>\n<tbody>\n<tr>\n<th>Tintes tipa<\/th>\n<td>UV tinte<\/td>\n<\/tr>\n<tr>\n<th>Kr\u0101sas<\/th>\n<td>Melna, sarkana, zila, za\u013ca un dzeltena. Citas p\u0113c piepras\u012bjuma<\/td>\n<\/tr>\n<tr>\n<th>Form\u0101ts un apjoms<\/th>\n<td>TJX Drukas galvi\u0146a, 42 ml (tilpums atkar\u012bgs no tintes veida)<\/td>\n<\/tr>\n<\/tbody>\n<\/table>\n<p>&nbsp;<\/p>\n<h3>Druk\u0101\u0161anas modu\u013ca funkcijas<\/h3>\n<p>&nbsp;<\/p>\n<table>\n<colgroup>\n<col width=\"325px\" \/>\n<col width=\"602px\" \/> <\/colgroup>\n<tbody>\n<tr>\n<th>Druk\u0101\u0161anas augstums<\/th>\n<td>L\u012bdz 12,7 mm (0,5 collas)<\/td>\n<\/tr>\n<tr>\n<th>Druk\u0101\u0161anas \u0101trums<\/th>\n<td>L\u012bdz 50 m \/ min (l\u012bdz 164 p\u0113d\u0101m \/ min)<\/td>\n<\/tr>\n<tr>\n<th>Izm\u0113ri LXWXH<\/th>\n<td>printeris (130x26x104mm), vad\u012bbas bloks (120x31x120mm)<\/td>\n<\/tr>\n<tr>\n<th>Iz\u0161\u0137irtsp\u0113ja (vertik\u0101li \/ horizont\u0101li)<\/th>\n<td>300 l\u012bdz 600 dpi<\/td>\n<\/tr>\n<tr>\n<th>Iespie\u0161anas sp\u0113ja<\/th>\n<td>L\u012bdz 3 izdruk\u0101m sekund\u0113<\/td>\n<\/tr>\n<tr>\n<th>Att\u0101lums l\u012bdz drukas virsmai<\/th>\n<td>Maks. 1 mm (maksim\u0101li 0,039 collas)<\/td>\n<\/tr>\n<tr>\n<th>Sv\u012btrkodi<\/th>\n<td>GS1-128, GS1-Datamatrix, EAN-UCC 13, Farmakods utt.<\/td>\n<\/tr>\n<tr>\n<th>Dati<\/th>\n<td>Fiks\u0113ts vai main\u012bgs teksts (BB datums, skait\u012bt\u0101ji, partijas skait\u013cu formulas &#8230; utt.) Logotipi, att\u0113li ..<\/td>\n<\/tr>\n<tr>\n<th>Drukas galvi\u0146as orient\u0101cija<\/th>\n<td>Sl\u012bpums l\u012bdz 90 \u00b0, s\u0101nu un aug\u0161\u0113jai drukai<\/td>\n<\/tr>\n<tr>\n<th>Opcijas un piederumi<\/th>\n<td>\u0100r\u0113jais kod\u0113t\u0101ja komplekts, gaismas un akustisk\u0101 sign\u0101la trauksme<\/td>\n<\/tr>\n<\/tbody>\n<\/table>\n<h3><\/h3>\n<h3>UV LED modu\u013ca funkcijas<\/h3>\n<p>&nbsp;<\/p>\n<table>\n<colgroup>\n<col width=\"325px\" \/>\n<col width=\"602px\" \/> <\/colgroup>\n<tbody>\n<tr>\n<th>Dzied\u0113\u0161anas plat\u012bba<\/th>\n<td>12,5 x 30 mm<\/td>\n<\/tr>\n<tr>\n<th>Izm\u0113ri LXWXH<\/th>\n<td>printeris (130x26x104mm), vad\u012bbas bloks (120x31x120mm), kars\u0113\u0161anas sist\u0113ma (124x60x55mm)<\/td>\n<\/tr>\n<tr>\n<th>Dzes\u0113\u0161anas<\/th>\n<td>Gaisa<\/td>\n<\/tr>\n<tr>\n<th>Dz\u012bves ilgums<\/th>\n<td>&gt; 20000 stundas<\/td>\n<\/tr>\n<tr>\n<th>Garantija<\/th>\n<td>1 gads, 1000 darba stundas (vieglais dzin\u0113js)<\/td>\n<\/tr>\n<\/tbody>\n<\/table>\n","protected":false},"excerpt":{"rendered":"<p>Unik\u0101la UV LED att\u012br\u012b\u0161ana uz borta dro\u0161\u012bbas sist\u0113mas. Drukas galvi\u0146as uzlabots un optimiz\u0113ts dizains \u013cauj \u0101tri un viegli integr\u0113t TJX s\u0113riju jebkur\u0101 ra\u017eo\u0161anas l\u012bnij\u0101. Str\u0101d\u0101jot ar unik\u0101lu k\u0101rtrid\u017eu aizsardz\u012bbu, Apvienotais sv\u012btru kodu sist\u0113mu TJX s\u0113rijas printeris var tikt piel\u0101gots pat sare\u017e\u0123\u012bt\u0101kajai ra\u017eo\u0161anas l\u012bnijas zonai, lai druk\u0101tu uz izstr\u0101d\u0101juma. Ultimate elektronisk\u0101 strukt\u016bras dizains \u013cauj izveidot un kontrol\u0113t noteikt un main\u012bgas zi\u0146as re\u0101l\u0101 laika druk\u0101\u0161anas procesiem \u013coti lielu \u0101trumu un jaudu. TJX s\u0113rijas vad\u012bbas bloks ar lietot\u0101jam draudz\u012bgu grafisko interfeisu, kas par\u0101da statusu, zi\u0146as nosaukumu, daudzuma un kasetnes tintes l\u012bmenis. Pateicoties t\u0101 daudzpus\u012bbai, TJX s\u0113rijas printerus var savienot ar ETHERNET, USB, BLUETOOTH, I \/ O ar jebkuru ier\u012bci, piem\u0113ram, datoru, plan\u0161etdatoru, viedt\u0101lruni utt. Apvienot\u0101 sv\u012btru kodu tehnolo\u0123isk\u0101 tinte Termiskajai tintes printerim ar UV LED konserv\u0113\u0161anas uz kl\u0101ja dro\u0161\u012bbu System\u00ae, ir izstr\u0101d\u0101ta druk\u0101\u0161anai uz porain\u0101m un neporain\u0101m virsm\u0101m, piem\u0113ram, stikla, plastmasas materi\u0101liem, apstr\u0101d\u0101tiem substr\u0101tiem, pap\u012bram, kartonam, kokam un met\u0101lam. Paredz\u0113ti galvenok\u0101rt izmanto\u0161anai p\u0101rtikas un dz\u0113rienu, farmaceitisko, kosm\u0113tikas un automobi\u013cu r\u016bpniec\u012bbas nozar\u0113, Apvienot\u0101s Barcode Systems ra\u017eot\u0101s tintes kasetnes iziet cauri stingrai iek\u0161\u0113jai kvalit\u0101tes kontrolei un tiek izsekotas katras vien\u012bbas ekspluat\u0101cijas laik\u0101. UBS Designer\u00ae programmat\u016bra ar vienk\u0101r\u0161u grafisko WYSIWYG saskarni, lai izveidotu un redi\u0123\u0113tu zi\u0146ojumus ar vair\u0101k\u0101m opcij\u0101m, \u013cauj izveidot un druk\u0101t tekstus, att\u0113lus, logotipus tikai da\u017eu klik\u0161\u0137u laik\u0101.<\/p>\n","protected":false},"featured_media":226,"template":"","meta":[],"_links":{"self":[{"href":"http:\/\/opesbaltic.lv\/lv\/wp-json\/wp\/v2\/product\/1695"}],"collection":[{"href":"http:\/\/opesbaltic.lv\/lv\/wp-json\/wp\/v2\/product"}],"about":[{"href":"http:\/\/opesbaltic.lv\/lv\/wp-json\/wp\/v2\/types\/product"}],"wp:featuredmedia":[{"embeddable":true,"href":"http:\/\/opesbaltic.lv\/lv\/wp-json\/wp\/v2\/media\/226"}],"wp:attachment":[{"href":"http:\/\/opesbaltic.lv\/lv\/wp-json\/wp\/v2\/media?parent=1695"}],"curies":[{"name":"wp","href":"https:\/\/api.w.org\/{rel}","templated":true}]}}