{"id":1689,"date":"2017-09-25T22:17:00","date_gmt":"2017-09-25T19:17:00","guid":{"rendered":"http:\/\/opesbaltic.lv\/product\/aplink-lcx\/"},"modified":"2018-02-12T16:38:18","modified_gmt":"2018-02-12T13:38:18","slug":"aplink-lcx","status":"publish","type":"product","link":"http:\/\/opesbaltic.lv\/lv\/product\/aplink-lcx\/","title":{"rendered":"APLINK LCX"},"content":{"rendered":"<p><a class=\"et_pb_button et_pb_button_0 et_pb_module et_pb_bg_layout_light\" href=\"\/wp-content\/uploads\/catalogue\/High-resolutioninkjetprinters\/APLINKLCX\/APLINKLCX_Catalogue.pdf\" target=\"_blank\" rel=\"noopener\">Katalogs<\/a><\/p>\n<p>&nbsp;<\/p>\n<table>\n<colgroup>\n<col width=\"325px\" \/>\n<col width=\"602px\" \/> <\/colgroup>\n<tbody>\n<tr>\n<th>Str\u0101vas padeve<\/th>\n<td>\u0100r\u0113j\u0101 modu\u013ca ieeja 110v \/ 240v I 50-60Hz I 15W<\/td>\n<\/tr>\n<tr>\n<th>Mesures<\/th>\n<td>618mm x 140mm x 223mm<\/td>\n<\/tr>\n<\/tbody>\n<\/table>\n<p>&nbsp;<\/p>\n<h3>Izejmateri\u0101li<\/h3>\n<p>&nbsp;<\/p>\n<table>\n<colgroup>\n<col width=\"325px\" \/>\n<col width=\"602px\" \/> <\/colgroup>\n<tbody>\n<tr>\n<th>Tinte<\/th>\n<td>100% tinte ar miner\u0101le\u013c\u013cu porain\u0101m virsm\u0101m<\/td>\n<\/tr>\n<tr>\n<th>Kr\u0101sas<\/th>\n<td>Melna, sarkana, zila un dzeltena. Citas kr\u0101sas p\u0113c piepras\u012bjuma<\/td>\n<\/tr>\n<tr>\n<th>Tintes pudele<\/th>\n<td>500 ml \/ 1000 ml tintes pudel\u012bte<\/td>\n<\/tr>\n<tr>\n<th>Druk\u0101\u0161anas virsma<\/th>\n<td>Visu veidu poraini substr\u0101ti<\/td>\n<\/tr>\n<\/tbody>\n<\/table>\n<p>&nbsp;<\/p>\n<h3>Druk\u0101\u0161anas modu\u013ca funkcijas<\/h3>\n<p>&nbsp;<\/p>\n<table>\n<colgroup>\n<col width=\"325px\" \/>\n<col width=\"602px\" \/> <\/colgroup>\n<tbody>\n<tr>\n<th>Drukas virsma<\/th>\n<td>17 mm (0,67 collu) printer\u012b<br \/>\n72 mm (2.76 collas) printeris<\/td>\n<\/tr>\n<tr>\n<th>Druk\u0101\u0161anas \u0101trums L\u012bdz 50 m \/ min (164 p\u0113das \/ min)<\/th>\n<td>Up to 50 m\/min (164 ft\/min)<\/td>\n<\/tr>\n<tr>\n<th>Iz\u0161\u0137irtsp\u0113ja (vertik\u0101li \/ horizont\u0101li)<\/th>\n<td>180 dpi \/ l\u012bdz pat 360 dpi<\/td>\n<\/tr>\n<tr>\n<th>MPT<\/th>\n<td>Maksim\u0101li 2 izdrukas sekund\u0113<\/td>\n<\/tr>\n<tr>\n<th>Att\u0101lums (starp drukas galvi\u0146u un virsmu)<\/th>\n<td>Maksimums 5 mm (0,2 collas)<\/td>\n<\/tr>\n<tr>\n<th>Drukas galvi\u0146as novietojums un virziens<\/th>\n<td>S\u0101nu vai aug\u0161as druk\u0101\u0161ana<\/td>\n<\/tr>\n<tr>\n<th>Displejs<\/th>\n<td>5,7 collu kr\u0101su sk\u0101rienekr\u0101ns (VERTICAL) (640&#215;480 pikse\u013ci)<\/td>\n<\/tr>\n<tr>\n<th>Komponentes<\/th>\n<td>1 USB 2.0, 1 Ethernet 10\/100\/1000, RS232<\/td>\n<\/tr>\n<tr>\n<th>Eti\u0137e\u0161u dizaina programmat\u016bra<\/th>\n<td>UBSLabel CS, CODESOFT un UBS Designer<\/td>\n<\/tr>\n<tr>\n<th>Sv\u012btrkods<\/th>\n<td>DUN14, EAN 8, EAN13, EAN 128, KODS 19, KODS 128,<br \/>\n2\/5 r\u016bpniec\u012bbas, 2\/5 starplik\u0101m, DATAMATRIX, QR, utt &#8230;<\/td>\n<\/tr>\n<tr>\n<th>Dati<\/th>\n<td>Fiks\u0113ts vai main\u012bgs teksts, datumi, skait\u012bt\u0101ji, formulas, logotipi, att\u0113li &#8230;<br \/>\nIzmantojiet Windows TM un Truetype Tm fontus<\/td>\n<\/tr>\n<tr>\n<th>Iesp\u0113jas un piederumi<\/th>\n<td>\u0100r\u0113jais kod\u0113t\u0101ja komplekts, gaismas un ska\u0146as sign\u0101ls,<br \/>\nRS232, paliktnis<\/td>\n<\/tr>\n<\/tbody>\n<\/table>\n","protected":false},"excerpt":{"rendered":"<p>Tie\u0161a kod\u0113\u0161ana, lai maksim\u0101li ietaup\u012btu izmaksas. APLINK LCX SERIES ir jaun\u0101s paaudzes augstas iz\u0161\u0137irtsp\u0113jas tintes printeru sist\u0113ma, kas \u012bpa\u0161i izstr\u0101d\u0101ta un izstr\u0101d\u0101ta, lai kod\u0113tu porainus, sekund\u0101rus gad\u012bjumus. Apr\u012bkots ar 4. paaudzes pjezoelektrisko drukas galvi\u0146u, APLINK LCX SERIES ir ide\u0101ls risin\u0101jums jebkurai ra\u017eo\u0161anas l\u012bnijai ar \u0101trumu l\u012bdz 50 m \/ min. Sist\u0113mu var konfigur\u0113t un instal\u0113t, lai druk\u0101tu uz lietu aug\u0161da\u013cas un s\u0101niem. UBS augstas iz\u0161\u0137irtsp\u0113jas tintes s\u0113rijas APLINK LCX SERIES jaunais dal\u012bbnieks ir pilnvarots ar 5.7 collu pilna kr\u0101su sk\u0101rienekr\u0101nu un lietot\u0101jam draudz\u012bgu interfeisu, sniedzot re\u0101l\u0101 laika printera statusa inform\u0101ciju. Ar 180 dpi vertik\u0101lo iz\u0161\u0137irtsp\u0113ju un horizont\u0101lo iz\u0161\u0137irtsp\u0113ju l\u012bdz 360 dpi, tas var izdruk\u0101t jebkura veida logotipu, tekstu, sv\u012btrkodu, datumus, skait\u012bt\u0101jus u.tml. APLINK LCX SERIES funkcijas ar ekolo\u0123isku, 100% bezkr\u0101sains e\u013c\u013cas tinumu, kas iz\u017e\u016bst, nekav\u0113joties saskaroties ar jebk\u0101du porainu virsmu. APLINK LCX SERIES \u013cauj viegli integr\u0113t \u0101r\u0113jo datu b\u0101zi, p\u0101rs\u016btot datus, kas ieg\u016bti no j\u016bsu ERP sist\u0113mas tie\u0161i uz printeri. Pateicoties \u0113rts un efekt\u012bvs savienojums, j\u016bs varat izveidot t\u016bksto\u0161iem zi\u0146u ar vienu klik\u0161\u0137i. Lielisk\u0101 APLINK LCX SERIES apvien\u012bba ar UBS e\u013c\u013cas b\u0101zes tint\u0113m garant\u0113 visvienk\u0101r\u0161\u0101ko darb\u012bbu ar zemu t apkopi.<\/p>\n","protected":false},"featured_media":565,"template":"","meta":[],"_links":{"self":[{"href":"http:\/\/opesbaltic.lv\/lv\/wp-json\/wp\/v2\/product\/1689"}],"collection":[{"href":"http:\/\/opesbaltic.lv\/lv\/wp-json\/wp\/v2\/product"}],"about":[{"href":"http:\/\/opesbaltic.lv\/lv\/wp-json\/wp\/v2\/types\/product"}],"wp:featuredmedia":[{"embeddable":true,"href":"http:\/\/opesbaltic.lv\/lv\/wp-json\/wp\/v2\/media\/565"}],"wp:attachment":[{"href":"http:\/\/opesbaltic.lv\/lv\/wp-json\/wp\/v2\/media?parent=1689"}],"curies":[{"name":"wp","href":"https:\/\/api.w.org\/{rel}","templated":true}]}}