{"id":1683,"date":"2017-09-26T07:01:02","date_gmt":"2017-09-26T04:01:02","guid":{"rendered":"http:\/\/opesbaltic.lv\/product\/aplink-mrx\/"},"modified":"2018-02-12T15:56:44","modified_gmt":"2018-02-12T12:56:44","slug":"aplink-mrx","status":"publish","type":"product","link":"http:\/\/opesbaltic.lv\/lv\/product\/aplink-mrx\/","title":{"rendered":"APLINK MRX"},"content":{"rendered":"<p><a class=\"et_pb_button et_pb_button_0 et_pb_module et_pb_bg_layout_light\" href=\"\/wp-content\/uploads\/catalogue\/High-resolutioninkjetprinters\/APLINKMRX\/APLINKMRX_Catalogue.pdf\" target=\"_blank\" rel=\"noopener\">Katalogs<\/a><\/p>\n<p>&nbsp;<\/p>\n<table>\n<colgroup>\n<col width=\"325px\" \/>\n<col width=\"602px\" \/> <\/colgroup>\n<tbody>\n<tr>\n<th>Baro\u0161anas avots<\/th>\n<td>110 \/ 240V 50-60Hz &#8211; 21 W (1 printeris) \/ 37 W (2 printeri)<\/td>\n<\/tr>\n<tr>\n<th>Savienojums<\/th>\n<td>Standarta, USB, ETHERNET, WIFI<\/td>\n<\/tr>\n<tr>\n<th>Augstums<\/th>\n<td>Min. 515 mm &#8211; maksimums 1290 mm (min 1,7 p\u0113das &#8211; maksim\u0101lais 4,2 p\u0113das)<\/td>\n<\/tr>\n<tr>\n<th>Vide<\/th>\n<td>No + 5 \u00b0 C l\u012bdz + 50 \u00b0 C (+ 41 \u00b0 F l\u012bdz +122 \u00b0 F)<\/td>\n<\/tr>\n<tr>\n<th>Mitrums<\/th>\n<td>No 5% l\u012bdz 85% bez kondens\u0101cijas<\/td>\n<\/tr>\n<\/tbody>\n<\/table>\n<p>&nbsp;<\/p>\n<h3>Izejmateri\u0101li<\/h3>\n<p>&nbsp;<\/p>\n<table>\n<colgroup>\n<col width=\"325px\" \/>\n<col width=\"602px\" \/> <\/colgroup>\n<tbody>\n<tr>\n<th>Tinte<\/th>\n<td>E\u013c\u013cas b\u0101zes tintes, 100% bez miner\u0101le\u013c\u013cas<\/td>\n<\/tr>\n<tr>\n<th>Kr\u0101sas<\/th>\n<td>Melna, sarkana, zila, za\u013ca un dzeltena<\/td>\n<\/tr>\n<tr>\n<th>Tintes pudele<\/th>\n<td>500 ml un 1000 ml tintes pudele<\/td>\n<\/tr>\n<tr>\n<th>Materi\u0101ls druk\u0101\u0161anai<\/th>\n<td>Visi porainu substr\u0101tu veidi<\/td>\n<\/tr>\n<\/tbody>\n<\/table>\n<p>&nbsp;<\/p>\n<h3>Druk\u0101\u0161anas modu\u013ca funkcijas<\/h3>\n<p>&nbsp;<\/p>\n<table>\n<colgroup>\n<col width=\"325px\" \/>\n<col width=\"602px\" \/> <\/colgroup>\n<tbody>\n<tr>\n<th>Augstums<\/th>\n<td>72 mm (2.83&#8243;)<\/td>\n<\/tr>\n<tr>\n<th>Princip\u0113\u0161anas \u0101trums<\/th>\n<td>L\u012bdz 110 m \/ min (361 p\u0113das \/ min)<\/td>\n<\/tr>\n<tr>\n<th>Pilienu apjoms<\/th>\n<td>35 pl<\/td>\n<\/tr>\n<tr>\n<th>Iz\u0161\u0137irtsp\u0113ja (vertik\u0101l\u0101 \/ horizont\u0101l\u0101)<\/th>\n<td>185 dpi \/ l\u012bdz 720 dpi<\/td>\n<\/tr>\n<tr>\n<th>Druk\u0101\u0161ana \/ sek<\/th>\n<td>L\u012bdz 2 izdruk\u0101m sekund\u0113<\/td>\n<\/tr>\n<tr>\n<th>Att\u0101lums (starp drukas galvi\u0146u un virsmu)<\/th>\n<td>Maks. 5 mm (0,2 &#8220;)<\/td>\n<\/tr>\n<tr>\n<th>Sv\u012btrkodi<\/th>\n<td>GTIN13, GTIN14, GS1 DATAMATRIX, GS1-128, KODS 39, 2\/5 ITERLEAVED, QR, PDF417 utt.<\/td>\n<\/tr>\n<tr>\n<th>Dati<\/th>\n<td>Fiks\u0113ts vai main\u012bgs teksts, datumi, skait\u012bt\u0101ji, formulas, logotipi, att\u0113li &#8230;<\/td>\n<\/tr>\n<tr>\n<th>Drukas galvi\u0146as st\u0101voklis un virziens<\/th>\n<td>Taisni, 90 \u00b0 le\u0146\u0137is vai nabas st\u0101voklis<br \/>\nS\u0101nu vai aug\u0161\u0113j\u0101 apdruka<\/td>\n<\/tr>\n<tr>\n<th>Iesp\u0113jas un piederumi<\/th>\n<td>\u0100r\u0113jais kod\u0113t\u0101ja komplekts, gaismas un ska\u0146as sign\u0101ls, zemas temperat\u016bras komplekts<\/td>\n<\/tr>\n<\/tbody>\n<\/table>\n<p>&nbsp;<\/p>\n<h3>Kontroliera funkcijas<\/h3>\n<p>&nbsp;<\/p>\n<table>\n<colgroup>\n<col width=\"325px\" \/>\n<col width=\"602px\" \/> <\/colgroup>\n<tbody>\n<tr>\n<th>Displejs<\/th>\n<td>10,1 collu pilnaj\u0101 kr\u0101s\u0101<\/td>\n<\/tr>\n<tr>\n<th>Drukas galvi\u0146as vad\u012bba<\/th>\n<td>L\u012bdz 4 drukas galvi\u0146\u0101m<\/td>\n<\/tr>\n<tr>\n<th>Komunik\u0101cija<\/th>\n<td>1 USB 2.0, 1 Ethernet 10\/100\/1000 un Wi-Fi (p\u0113c izv\u0113les)<\/td>\n<\/tr>\n<tr>\n<th>Programmat\u016bras eti\u0137e\u0161u dizains<\/th>\n<td>UBSDesigner\u00ae Lite un UBSDesigner\u00ae Pro<\/td>\n<\/tr>\n<\/tbody>\n<\/table>\n","protected":false},"excerpt":{"rendered":"<p>UBS APLINK MRX augstas iz\u0161\u0137irtsp\u0113jas tintes printeri ir izstr\u0101d\u0101ti tie\u0161i uz porain\u0101m virsm\u0101m. Izstr\u0101d\u0101ts un izgatavots, lai izdruk\u0101tu tekstus, att\u0113lus, logotipus, simbolus un jebkurus 100% salas\u0101mus 1D \/ 2D sv\u012btrkodus, kas atbilst GS1 standartiem (GTIN13, GTIN14, G21-128, GS1 Datamatrix &#8230;) sekund\u0101raj\u0101m porain\u0101m virsm\u0101m, piem\u0113ram, gofr\u0113ta kartona kast\u0113m , kartona papl\u0101tes un pap\u012bra maisi\u0146i utt. 4. p\u0113du elektriskais drukas galvi\u0146\u0161 \u013cauj druk\u0101t zi\u0146ojumus ar augstu kontrastu l\u012bdz 72 mm augstumam, izmantojot videi draudz\u012bgu tintes e\u013c\u013cu, ar iz\u0161\u0137irtsp\u0113ju l\u012bdz 185&#215;720 dpi un \u0101trumu l\u012bdz 110 \/ min. Pateicoties t\u0101 modul\u0101rajam dizainam, APLINK MRX \u013cauj vienlaikus izmantot 1 l\u012bdz 4 drukas galvi\u0146as, kas ir savienotas ar lietot\u0101jam draudz\u012bgu 10,1 collu sk\u0101rienekr\u0101nu kontrolieri, kas \u013cauj patst\u0101v\u012bgi darbin\u0101t katru drukas galvi\u0146u ar intuit\u012bv\u0101m un viegli lietojam\u0101m ikon\u0101m. Tintes pudele bez spiediena satur e\u013c\u013cu saturo\u0161u tinti, bez 100% miner\u0101le\u013c\u013cas. To var nomain\u012bt bez drukas procesa p\u0101rtrauk\u0161anas, t\u0101d\u0113j\u0101di izvairoties no ra\u017eo\u0161anas l\u012bnijas p\u0101rtrauk\u0161anas, lai main\u012btu pat\u0113r\u0113jamo. Inovat\u012bv\u0101 temperat\u016bras un pilnas ska\u013cuma regul\u0113\u0161anas tehnolo\u0123ija nodro\u0161ina zemu pat\u0113ri\u0146u un uzticamu izdruku, un tas k\u013c\u016bst par lielisku l\u012bdzekli ra\u017eo\u0161anas l\u012bnijas izmaksu ietaup\u012b\u0161anai. APLINK MRX ir viegli uzst\u0101d\u012bt un integr\u0113t un pied\u0101v\u0101t pla\u0161u savienojumu diapazonu jebkurai IT vai automatiz\u0101cijas sist\u0113mai, izmantojot UBS Designer\u00ae un UBS Labman\u00ae programmat\u016bru, kas \u013cauj p\u0101rvald\u012bt un p\u0101rs\u016bt\u012bt datus uz vai no ERP, MES, WMS vai DBVS. Printeris APLINK MRX var darboties ar\u012b savrupajam re\u017e\u012bmam, aug\u0161upiel\u0101d\u0113jot zi\u0146ojumus, izmantojot USB disku vai Ethernet savienojumu.<\/p>\n","protected":false},"featured_media":563,"template":"","meta":[],"_links":{"self":[{"href":"http:\/\/opesbaltic.lv\/lv\/wp-json\/wp\/v2\/product\/1683"}],"collection":[{"href":"http:\/\/opesbaltic.lv\/lv\/wp-json\/wp\/v2\/product"}],"about":[{"href":"http:\/\/opesbaltic.lv\/lv\/wp-json\/wp\/v2\/types\/product"}],"wp:featuredmedia":[{"embeddable":true,"href":"http:\/\/opesbaltic.lv\/lv\/wp-json\/wp\/v2\/media\/563"}],"wp:attachment":[{"href":"http:\/\/opesbaltic.lv\/lv\/wp-json\/wp\/v2\/media?parent=1683"}],"curies":[{"name":"wp","href":"https:\/\/api.w.org\/{rel}","templated":true}]}}