{"id":1659,"date":"2017-09-26T07:30:56","date_gmt":"2017-09-26T04:30:56","guid":{"rendered":"http:\/\/opesbaltic.lv\/product\/hq1000\/"},"modified":"2020-05-26T10:22:20","modified_gmt":"2020-05-26T07:22:20","slug":"e1-36","status":"publish","type":"product","link":"http:\/\/opesbaltic.lv\/lv\/product\/e1-36\/","title":{"rendered":"RN Mark E1-36 Industri\u0101lais tintes printeris"},"content":{"rendered":"<p>Apraksts:<\/p>\n<table style=\"height: 1268px;\" width=\"974\">\n<tbody>\n<tr>\n<td width=\"330\">Tehnolo\u0123ija<\/td>\n<td width=\"330\">Pjezoelektriska druk\u0101\u0161anas galvi\u0146a ar vienreiz\u0113ju vai divkr\u0101su drukas galvi\u0146u<\/td>\n<\/tr>\n<tr>\n<td width=\"330\">Drukas \u0101trums<\/td>\n<td width=\"330\">540 mm \/ s<\/td>\n<\/tr>\n<tr>\n<td width=\"330\">Drukas augstums<\/td>\n<td width=\"330\">l\u012bdz 36 mm<\/td>\n<\/tr>\n<tr>\n<td width=\"330\">Drukas garums<\/td>\n<td width=\"330\">9000 mm<\/td>\n<\/tr>\n<tr>\n<td width=\"330\">Metien distance<\/td>\n<td width=\"330\">max. 10 mm<\/td>\n<\/tr>\n<tr>\n<td width=\"330\">Iz\u0161\u0137irtsp\u0113ja<\/td>\n<td width=\"330\">180 dpi<\/td>\n<\/tr>\n<tr>\n<td width=\"330\">Tintes veidi<\/td>\n<td width=\"330\">Uz \u0161\u0137\u012bdin\u0101t\u0101ju b\u0101zes izgatavotas, alternat\u012bvas e\u013c\u013cas b\u0101zes tintes<\/td>\n<\/tr>\n<tr>\n<td width=\"330\">Tintes kr\u0101sas:<\/td>\n<td width=\"330\">melna, balta, sarkana<\/td>\n<\/tr>\n<tr>\n<td width=\"330\">Drukas orient\u0101cija<\/td>\n<td width=\"330\">Jebkur\u0101 le\u0146\u0137\u012b<\/td>\n<\/tr>\n<tr>\n<td width=\"330\">I \/ O porti<\/td>\n<td width=\"330\">Ethernet, 3 PIN NPN fotoelements \u00a0x 1, 4 PIN v\u0101rpstas kod\u0113t\u0101js x 1<\/td>\n<\/tr>\n<tr>\n<td width=\"330\">Displejs<\/td>\n<td width=\"330\">2 l\u012bniju LCD ar funkcion\u0101lo tastat\u016bru<\/td>\n<\/tr>\n<tr>\n<td width=\"330\">Jauda<\/td>\n<td width=\"330\">12V &#8211; 3,3A<\/td>\n<\/tr>\n<tr>\n<td width=\"330\">Drukas galvi\u0146u skaits<\/td>\n<td width=\"330\">2<\/td>\n<\/tr>\n<tr>\n<td width=\"330\">Tintes p\u0101rvald\u012bba<\/td>\n<td width=\"330\">Zems tintes signaliz\u0101cijas un tintes pat\u0113ri\u0146u kalkulators<\/td>\n<\/tr>\n<tr>\n<td width=\"330\">Darba temperat\u016bra<\/td>\n<td width=\"330\">0 \u00b0 C l\u012bdz 45 \u00b0 C, relat\u012bvais mitrums: 20% &#8211; 80%<\/td>\n<\/tr>\n<tr>\n<td width=\"330\">Uzglab\u0101\u0161anas temperat\u016bra<\/td>\n<td width=\"330\">no -5 \u00b0 C l\u012bdz 50 \u00b0 C<\/td>\n<\/tr>\n<tr>\n<td width=\"330\">Izm\u0113ri<\/p>\n<p>&nbsp;<\/td>\n<td width=\"330\">1. kontrolieris: 223 mm x 176 mm x 98 mm<\/p>\n<p>2. kontrolieris: 140 mm x 156 mm x 50 mm<\/p>\n<p>Drukas galvi\u0146a: 65 mm X 42 mm<\/td>\n<\/tr>\n<tr>\n<td width=\"330\">Neto svars<\/td>\n<td width=\"330\">1,850 Kg<\/td>\n<\/tr>\n<tr>\n<td width=\"330\">Savienojam\u012bbas<\/td>\n<td width=\"330\">Ethernet, virtu\u0101lais RS-232, pieejams izv\u0113les Wi-Fi modulis<\/td>\n<\/tr>\n<\/tbody>\n<\/table>\n<p>&nbsp;<\/p>\n","protected":false},"excerpt":{"rendered":"<h4>Divk\u0101r\u0161a galvi\u0146a, mazu rakstz\u012bmju kod\u0113\u0161anas un mar\u0137\u0113\u0161anas printeris.<\/h4>\n<p>RN Mark E1-36 ir augstas iz\u0161\u0137irtsp\u0113jas, divu galvu, maza burta r\u016bpniec\u012bbas kod\u0113t\u0101js. Tas izmanto e\u013c\u013cas un \u0161\u0137\u012bdin\u0101t\u0101ju b\u0101zes tintes, lai druk\u0101tu tekstu, logotipus, skait\u012bt\u0101jus, sv\u012btrkodus, laiku un datumus uz da\u017e\u0101d\u0101m porain\u0101m un neporain\u0101m virsm\u0101m ar izcilu drukas iz\u0161\u0137irtsp\u0113ju.<\/p>\n<p>E1-36 piesl\u0113dzas t\u012bklam, izmantojot Ethernet, Wi-Fi un RS-232, t\u0101p\u0113c to var vad\u012bt un darbin\u0101t no jebkuras vietas ra\u017eotn\u0113.<\/p>\n<p>&nbsp;<\/p>\n<h5>K\u0101p\u0113c jums vajadz\u0113tu apsv\u0113rt \u0161o printeri:<\/h5>\n<ol>\n<li>Divas drukas galvi\u0146as &#8211; vair\u0101k veiktsp\u0113jas, vair\u0101k iesp\u0113ju<\/li>\n<li>Pieejam\u012bba<\/li>\n<li>Vienk\u0101r\u0161a darb\u012bba<\/li>\n<li>Liels drukas \u0101trums<\/li>\n<li>Uzticams un bez apkopes<\/li>\n<li>Iztur vibr\u0101cijas un temperat\u016bras sv\u0101rst\u012bbas<\/li>\n<\/ol>\n<h4>8 Printera E1-36 priek\u0161roc\u012bbas<\/h4>\n<ol>\n<li>\u0100tra iestat\u012b\u0161ana &#8211; viegli integr\u0113jas j\u016bsu ra\u017eo\u0161anas l\u012bnij\u0101<\/li>\n<li>Izcila drukas kvalit\u0101te &#8211; mar\u0137\u0113jumus ir viegli las\u012bt un sken\u0113t<\/li>\n<li>Druk\u0101jiet jebko &#8211; grafiku, att\u0113lus, logotipus<\/li>\n<li>Druk\u0101jiet visu &#8211; kod\u0113jiet un atz\u012bm\u0113jiet jebkuru virsmu<\/li>\n<li>Atsevi\u0161\u0137a darb\u012bba &#8211; nav nepiecie\u0161ams dators<\/li>\n<li>Bez d\u012bkst\u0101ves &#8211; \u0113rta un \u0101tra koda mai\u0146a<\/li>\n<li>Iesl\u0113dziet un s\u0101ciet druk\u0101\u0161anu &#8211; bez probl\u0113m\u0101m<\/li>\n<li>Bez apkopes &#8211; drukas galvi\u0146a paliek t\u012bra<\/li>\n<\/ol>\n","protected":false},"featured_media":2322,"template":"","meta":[],"_links":{"self":[{"href":"http:\/\/opesbaltic.lv\/lv\/wp-json\/wp\/v2\/product\/1659"}],"collection":[{"href":"http:\/\/opesbaltic.lv\/lv\/wp-json\/wp\/v2\/product"}],"about":[{"href":"http:\/\/opesbaltic.lv\/lv\/wp-json\/wp\/v2\/types\/product"}],"wp:featuredmedia":[{"embeddable":true,"href":"http:\/\/opesbaltic.lv\/lv\/wp-json\/wp\/v2\/media\/2322"}],"wp:attachment":[{"href":"http:\/\/opesbaltic.lv\/lv\/wp-json\/wp\/v2\/media?parent=1659"}],"curies":[{"name":"wp","href":"https:\/\/api.w.org\/{rel}","templated":true}]}}