{"id":1647,"date":"2017-09-26T07:34:17","date_gmt":"2017-09-26T04:34:17","guid":{"rendered":"http:\/\/opesbaltic.lv\/product\/hq-c\/"},"modified":"2020-05-26T10:29:48","modified_gmt":"2020-05-26T07:29:48","slug":"e1-72","status":"publish","type":"product","link":"http:\/\/opesbaltic.lv\/lv\/product\/e1-72\/","title":{"rendered":"RN Mark E1-72 Industri\u0101lais tintes printeris"},"content":{"rendered":"<h4>Apraksts:<\/h4>\n<table style=\"height: 917px;\" width=\"1020\">\n<tbody>\n<tr>\n<td width=\"330\">Tehnolo\u0123ija<\/td>\n<td width=\"330\">Pjezoelektriska nolai\u017eam\u0101 drukas galvi\u0146a<\/td>\n<\/tr>\n<tr>\n<td width=\"330\">Drukas \u0101trums<\/td>\n<td width=\"330\">1000 mm \/ s<\/td>\n<\/tr>\n<tr>\n<td width=\"330\">Drukas augstums<\/td>\n<td width=\"330\">72 mm<\/td>\n<\/tr>\n<tr>\n<td width=\"330\">Drukas garums<\/td>\n<td width=\"330\">2000 mm<\/td>\n<\/tr>\n<tr>\n<td width=\"330\">Metien distance<\/td>\n<td width=\"330\">max. 10 mm<\/td>\n<\/tr>\n<tr>\n<td width=\"330\">Iz\u0161\u0137irtsp\u0113ja<\/td>\n<td width=\"330\">180 dpi<\/td>\n<\/tr>\n<tr>\n<td width=\"330\">Tintes veidi<\/td>\n<td width=\"330\">Uz \u0161\u0137\u012bdin\u0101t\u0101ju b\u0101zes izgatavotas, alternat\u012bvas e\u013c\u013cas b\u0101zes tintes<\/td>\n<\/tr>\n<tr>\n<td width=\"330\">Tintes kr\u0101sas:<\/td>\n<td width=\"330\">melna, balta, sarkana<\/td>\n<\/tr>\n<tr>\n<td width=\"330\">Drukas orient\u0101cija<\/td>\n<td width=\"330\">Druk\u0101\u0161ana aug\u0161pus\u0113 un s\u0101nos<\/td>\n<\/tr>\n<tr>\n<td width=\"330\">I \/ O porti<\/td>\n<td width=\"330\">Ethernet, 3 PIN NPN fotoelements x 1, 4 PIN v\u0101rpstas kod\u0113t\u0101js x 1<\/td>\n<\/tr>\n<tr>\n<td width=\"330\">Displejs<\/td>\n<td width=\"330\">2 l\u012bniju LCD ar funkcion\u0101lo tastat\u016bru<\/td>\n<\/tr>\n<tr>\n<td width=\"330\">Jauda<\/td>\n<td width=\"330\">12V &#8211; 3,3A<\/td>\n<\/tr>\n<tr>\n<td width=\"330\">Drukas galvi\u0146u skaits<\/td>\n<td width=\"330\">1<\/td>\n<\/tr>\n<tr>\n<td width=\"330\">Tintes p\u0101rvald\u012bba<\/td>\n<td width=\"330\">Zems tintes signaliz\u0101cijas un tintes pat\u0113ri\u0146u kalkulators<\/td>\n<\/tr>\n<tr>\n<td width=\"330\">Darba temperat\u016bra<\/td>\n<td width=\"330\">0 \u00b0 C l\u012bdz 45 \u00b0 C, relat\u012bvais mitrums: 20% &#8211; 80%<\/td>\n<\/tr>\n<tr>\n<td width=\"330\">Uzglab\u0101\u0161anas temperat\u016bra<\/td>\n<td width=\"330\">no -5 \u00b0 C l\u012bdz 50 \u00b0 C<\/td>\n<\/tr>\n<tr>\n<td width=\"330\">Izm\u0113ri<\/p>\n<p>&nbsp;<\/td>\n<td width=\"330\">Kontrolieris: 223 mm x 101 mm x 176 mm<\/p>\n<p>Drukas galvi\u0146a: 150 mm X 140 mm x 45 mm<\/td>\n<\/tr>\n<tr>\n<td width=\"330\">Neto svars<\/td>\n<td width=\"330\">2.1 Kg<\/td>\n<\/tr>\n<tr>\n<td width=\"330\">Savienojam\u012bbas<\/td>\n<td width=\"330\">Ethernet, virtu\u0101lais RS-232, pieejams izv\u0113les Wi-Fi modulis<\/td>\n<\/tr>\n<\/tbody>\n<\/table>\n","protected":false},"excerpt":{"rendered":"<p>RN Mark E1-72 ir augstas iz\u0161\u0137irtsp\u0113jas, \u0101trs, lielu burtu r\u016bpniec\u012bbas printeris, kas pied\u0101v\u0101 izcilu produkta kod\u0113\u0161anu un mar\u0137\u0113\u0161anu. Izmantojot e\u013c\u013cas un \u0161\u0137\u012bdin\u0101t\u0101ju b\u0101zes tintes, tas var izdruk\u0101t tekstu, logotipus, skait\u012bt\u0101jus, sv\u012btrkodus, laiku un datumus uz da\u017e\u0101d\u0101m porain\u0101m un neporain\u0101m virsm\u0101m ar izcilu drukas iz\u0161\u0137irtsp\u0113ju.<\/p>\n<p>E1-72 ir izveidots savienojums ar t\u012bklu, izmantojot Ethernet, Wi-Fi un RS-232, t\u0101p\u0113c to var vad\u012bt un darbin\u0101t no jebkuras vietas ra\u017eotn\u0113.<\/p>\n<h4>8 Printera E1-72 priek\u0161roc\u012bbas<\/h4>\n<ol>\n<li>\u0100tra iestat\u012b\u0161ana &#8211; viegli integr\u0113jas j\u016bsu ra\u017eo\u0161anas l\u012bnij\u0101<\/li>\n<li>Izcila drukas kvalit\u0101te &#8211; mar\u0137\u0113jumus ir viegli las\u012bt un sken\u0113t<\/li>\n<li>Druk\u0101jiet jebko &#8211; grafiku, att\u0113lus, logotipus<\/li>\n<li>Druk\u0101jiet visu &#8211; kod\u0113jiet un atz\u012bm\u0113jiet jebkuru virsmu<\/li>\n<li>Atsevi\u0161\u0137a darb\u012bba &#8211; nav nepiecie\u0161ams dators<\/li>\n<li>Bez d\u012bkst\u0101ves &#8211; \u0113rta un \u0101tra koda mai\u0146a<\/li>\n<li>Iesl\u0113dziet un s\u0101ciet druk\u0101\u0161anu &#8211; bez probl\u0113m\u0101m<\/li>\n<li>Bez apkopes &#8211; drukas galvi\u0146a paliek t\u012bra<\/li>\n<\/ol>\n<h5>Izv\u0113les redzes p\u0101rbaudes risin\u0101jumi mar\u0137\u0113\u0161anas un kod\u0113\u0161anas kvalit\u0101tei<\/h5>\n<p>Piln\u012bb\u0101 apr\u012bkotas, jaud\u012bgas redzam\u012bbas sist\u0113mas, kas \u0101tri un prec\u012bzi veic produktu mar\u0137\u0113jumu p\u0101rbaudes, lai nodro\u0161in\u0101tu kvalit\u0101ti un atbilst\u012bbu, p\u0101rbaudot:<\/p>\n<ul>\n<li>koda poz\u012bciju<\/li>\n<li>las\u0101m\u012bbu<\/li>\n<li>precizit\u0101ti<\/li>\n<\/ul>\n","protected":false},"featured_media":2318,"template":"","meta":[],"_links":{"self":[{"href":"http:\/\/opesbaltic.lv\/lv\/wp-json\/wp\/v2\/product\/1647"}],"collection":[{"href":"http:\/\/opesbaltic.lv\/lv\/wp-json\/wp\/v2\/product"}],"about":[{"href":"http:\/\/opesbaltic.lv\/lv\/wp-json\/wp\/v2\/types\/product"}],"wp:featuredmedia":[{"embeddable":true,"href":"http:\/\/opesbaltic.lv\/lv\/wp-json\/wp\/v2\/media\/2318"}],"wp:attachment":[{"href":"http:\/\/opesbaltic.lv\/lv\/wp-json\/wp\/v2\/media?parent=1647"}],"curies":[{"name":"wp","href":"https:\/\/api.w.org\/{rel}","templated":true}]}}