{"id":1641,"date":"2017-09-28T13:49:48","date_gmt":"2017-09-28T10:49:48","guid":{"rendered":"http:\/\/opesbaltic.lv\/product\/t-series-printers\/"},"modified":"2020-05-27T11:38:55","modified_gmt":"2020-05-27T08:38:55","slug":"zx1200i-zx1300i-zx1600i","status":"publish","type":"product","link":"http:\/\/opesbaltic.lv\/lv\/product\/zx1200i-zx1300i-zx1600i\/","title":{"rendered":"ZX1200i \/ ZX1300i \/ ZX1600i"},"content":{"rendered":"<h4>Apraksts<\/h4>\n<p>Druk\u0101\u0161anas metode<\/p>\n<ul>\n<li>Termisk\u0101 p\u0101rne\u0161ana \/ tie\u0161\u0101 termisk\u0101<\/li>\n<\/ul>\n<p>Iz\u0161\u0137irtsp\u0113ja<\/p>\n<ul>\n<li>203 dpi (8 punkti \/ mm) \/ 300 dpi (12 punkti \/ mm) \/ 600 dpi (24 punkti \/ mm)<\/li>\n<\/ul>\n<p>Druk\u0101\u0161anas \u0101trums<\/p>\n<ul>\n<li>10 ips (254 mm \/ s) \/ 7 ips (177 mm \/ s) \/ 4 ips (102 mm \/ s)<\/li>\n<\/ul>\n<p>Drukas platums<\/p>\n<ul>\n<li>4,09 \u201d(104 mm) l\u012bdz (108 mm) \/ 4,09\u201d (104 mm) l\u012bdz (105,7 mm) \/ 4,09 \u201d(104 mm) l\u012bdz (105,6 mm)<\/li>\n<\/ul>\n<p>Drukas garums<\/p>\n<ul>\n<li>0,16 \u201d(4 mm) **; Maks. 180 \u201d(4572 mm) \/ min. 0,16 \u201d(4 mm) **; Maks. 85 \u201c(2159 mm) \/ min. 0,16 \u201d(4 mm) **; Maks. 26 \u201c(660 mm)<\/li>\n<\/ul>\n<p>Procesors<\/p>\n<ul>\n<li>32 bitu RISC centr\u0101lais procesors<\/li>\n<\/ul>\n<p>Atmi\u0146as<\/p>\n<ul>\n<li>Zibspuldze: 128 MB zibatmi\u0146a (60 MB lietot\u0101ju glab\u0101\u0161anai), SDRAM: 32 MB<\/li>\n<\/ul>\n<p>Saskarnes<\/p>\n<ul>\n<li>USB 2.0 (B veida)<\/li>\n<li>S\u0113rijas ports<\/li>\n<li>Ethernet ports (RJ-45)<\/li>\n<li>3 x USB resursdators (A tips)<\/li>\n<\/ul>\n<p>Lente<\/p>\n<ul>\n<li>Maksim\u0101lais garums 1476 \u201d(450 m)<\/li>\n<li>Platums Min. 1,18 \u201d(30 mm) &#8211; maks. 4,33 \u201d(110 mm)<\/li>\n<li>Serdes diametrs 1\u201d (25,4 mm)<\/li>\n<\/ul>\n<p>Vad\u012bbas panelis<\/p>\n<ul>\n<li>Fona apgaismojums 3,2 \u201dsk\u0101rienekr\u0101na LCD displejs<\/li>\n<li>1 iesl\u0113g\u0161anas \/ izsl\u0113g\u0161anas poga ar za\u013cas kr\u0101sas LED fona apgaismojumu<\/li>\n<li>1 vad\u012bbas tausti\u0146\u0161: FEED \/ PAUSE \/ CANCEL ar divkr\u0101su LED fona apgaismojumu: gatavs (za\u013c\u0161); K\u013c\u016bda (sarkana)<\/li>\n<li>1 kalibr\u0113\u0161anas poga aizmugur\u0113j\u0101 panel\u012b<\/li>\n<\/ul>\n<div class=\"section__content\" data-v-44ffa332=\"\">\n<div class=\"spec\" data-v-af84bba8=\"\" data-v-44ffa332=\"\">\n<div data-v-af84bba8=\"\"><a class=\"iconfile\" href=\"https:\/\/godex.s3-accelerate.amazonaws.com\/2gpRkwqKo64U6hQMT6X9tA.file?v01\" target=\"_blank\" rel=\"noopener noreferrer\"><span class=\"iconfile__text\" data-v-e0089236=\"\">Brochures<\/span><\/a><\/div>\n<\/div>\n<\/div>\n","protected":false},"excerpt":{"rendered":"<h4>Apbr\u012bnojama sp\u0113ka un precizit\u0101tes kombin\u0101cija.<\/h4>\n<p>Da\u017e\u0101das standarta saskarnes atvieglo integr\u0101ciju vair\u0101k\u0101s vid\u0113s. Kompakts un iztur\u012bgs t\u0113rauda dizains izpild\u012bs j\u016bsu pras\u012bg\u0101k\u0101s lietojumprogrammas.<\/p>\n<ul>\n<li>Lielais intuit\u012bvais sk\u0101rienekr\u0101na LCD \u013cauj lietot\u0101jam b\u016bt kontrol\u0113tam.<\/li>\n<li>Tr\u012bs USB resursdatora porti \u013cauj integr\u0113t ar vair\u0101k\u0101m ier\u012bc\u0113m.<\/li>\n<li>Augstas veiktsp\u0113jas printeris, kas paredz\u0113ts liela apjoma lietojumiem.<\/li>\n<li>L\u012bdz 10 ips druk\u0101\u0161anas \u0101trums.<\/li>\n<li>Vienk\u0101r\u0161a un \u0101tra multivides \/ lentes ievieto\u0161ana.<\/li>\n<li>Jauna aparat\u016bras ideja gan liela apjoma, gan prec\u012bzas druk\u0101\u0161anas lietojumprogramm\u0101m.<\/li>\n<li>203 DPI modelis.<\/li>\n<\/ul>\n","protected":false},"featured_media":2349,"template":"","meta":[],"_links":{"self":[{"href":"http:\/\/opesbaltic.lv\/lv\/wp-json\/wp\/v2\/product\/1641"}],"collection":[{"href":"http:\/\/opesbaltic.lv\/lv\/wp-json\/wp\/v2\/product"}],"about":[{"href":"http:\/\/opesbaltic.lv\/lv\/wp-json\/wp\/v2\/types\/product"}],"wp:featuredmedia":[{"embeddable":true,"href":"http:\/\/opesbaltic.lv\/lv\/wp-json\/wp\/v2\/media\/2349"}],"wp:attachment":[{"href":"http:\/\/opesbaltic.lv\/lv\/wp-json\/wp\/v2\/media?parent=1641"}],"curies":[{"name":"wp","href":"https:\/\/api.w.org\/{rel}","templated":true}]}}