{"id":1635,"date":"2017-09-28T14:07:36","date_gmt":"2017-09-28T11:07:36","guid":{"rendered":"http:\/\/opesbaltic.lv\/product\/h-plus-series-printers\/"},"modified":"2018-02-09T17:57:25","modified_gmt":"2018-02-09T14:57:25","slug":"h-plus-series-printers","status":"publish","type":"product","link":"http:\/\/opesbaltic.lv\/lv\/product\/h-plus-series-printers\/","title":{"rendered":"H-Plus S\u0113rijas printeri"},"content":{"rendered":"<p><a class=\"et_pb_button et_pb_button_0 et_pb_module et_pb_bg_layout_light\" href=\"\/wp-content\/uploads\/catalogue\/Printers\/H-PLUSSERIES\/H-PlusSeriesPrinters_Catalogue.pdf\" target=\"_blank\" rel=\"noopener\">Katalogs<\/a><\/p>\n<ul>\n<li>Augstas kvalit\u0101tes produkcija p\u0113c izv\u0113les &#8211; 203 (H-427 +) vai 300 (H-435 +) DPI.<\/li>\n<li>Druk\u0101jiet ar 203 vai 300 dpi iz\u0161\u0137irtsp\u0113ju ar t\u0101du pa\u0161u H-Plus s\u0113rijas printeri. Vienk\u0101r\u0161i instal\u0113jiet 203 dpi drukas galvi\u0146u vai 300 dpi drukas galvi\u0146u, neizmantojot instrumentus vai veicot konfigur\u0101cijas izmai\u0146as.<\/li>\n<li>Standarta Stripper Sensors H-Plus s\u0113rij\u0101 uztver druk\u0101tas eti\u0137etes vai nu miz\u0101, gan kl\u0101t eso\u0161aj\u0101s vai nopl\u016bsto\u0161aj\u0101s lietojumprogramm\u0101s H-Plus s\u0113rijas printeri ir \u013coti univers\u0101li. Neviens dators nav nepiecie\u0161ams. Lejupiel\u0101d\u0113jiet eti\u0137etes form\u0101tus uz Printera zibatmi\u0146u, atvienojiet printeri no datora, pievienojiet USB tastat\u016bru un p\u0101r\u0146emiet printeri cit\u0101 viet\u0101.<\/li>\n<li>H-Plus s\u0113rijas printeriem ir \u013coti viegli uzst\u0101d\u012bt opcijas, piederumus un apkalpot.<\/li>\n<li>H-Plus s\u0113rijas printeriem ir 450 m (1476 &#8221;) lentes jauda un pilna 203 mm (8 &#8221;) O.D. eti\u0137etes ru\u013c\u013cu ietilp\u012bba, kas padara tos piem\u0113rotu liela apjoma druk\u0101\u0161anas pras\u012bb\u0101m.<\/li>\n<li>H-Plus s\u0113rijas printeri ir paredz\u0113ti, lai pie\u0146emtu lentes veidu gan tintes iek\u0161pus\u0113, gan \u0101rpus tinti, nodro\u0161inot liel\u0101ku elast\u012bbu lentes izv\u0113l\u0113<\/li>\n<li>H-Plus s\u0113rijas printeriem ir Standarta re\u0101llaika pulkste\u0146a laiks, lai apz\u012bm\u0113tu eti\u0137etes.<\/li>\n<li>H-Plus s\u0113rijas printeriem ir vair\u0101kas saskarnes katrai lietojumprogrammai. Ethernet tagad ir standarta, lai j\u016bs var\u0113tu druk\u0101t uz j\u016bsu H-Plus no jebkuras vietas pasaul\u0113! Blazing fast USB 2.0 ir ar\u012b standarts H-Plus s\u0113rijas printeriem \u0101trdarb\u012bgai datu p\u0101rraidei. Iek\u013cauts ar\u012b USB portam un RS232 seri\u0101lais ports. Paral\u0113lais ports ir oblig\u0101ts.<\/li>\n<li>Druk\u0101t no Windows, UNIX, Linux vai Mac! CUPS (kop\u0113j\u0101 UNIX druk\u0101\u0161anas sist\u0113ma) Draiveri un Windows draiveri ir pieejami.<\/li>\n<\/ul>\n","protected":false},"excerpt":{"rendered":"<p>Jaunie THARO H-Plus s\u0113rijas printeri ir eleganti un ir pietiekami iztur\u012bgi komerci\u0101lai lieto\u0161anai. Tiem ir iztur\u012bga visa met\u0101la konstrukcija ar alum\u012bnija centra sienu un vad\u012bbas paneli ar kr\u0101su LCD.<br \/>\n\u2022 H-427 + izdruk\u0101 203 dpi un l\u012bdz 7 ips.<br \/>\n\u2022 H-435 + izdrukas ar 300 dpi un l\u012bdz 5 ips.<\/p>\n","protected":false},"featured_media":578,"template":"","meta":[],"_links":{"self":[{"href":"http:\/\/opesbaltic.lv\/lv\/wp-json\/wp\/v2\/product\/1635"}],"collection":[{"href":"http:\/\/opesbaltic.lv\/lv\/wp-json\/wp\/v2\/product"}],"about":[{"href":"http:\/\/opesbaltic.lv\/lv\/wp-json\/wp\/v2\/types\/product"}],"wp:featuredmedia":[{"embeddable":true,"href":"http:\/\/opesbaltic.lv\/lv\/wp-json\/wp\/v2\/media\/578"}],"wp:attachment":[{"href":"http:\/\/opesbaltic.lv\/lv\/wp-json\/wp\/v2\/media?parent=1635"}],"curies":[{"name":"wp","href":"https:\/\/api.w.org\/{rel}","templated":true}]}}