{"id":1629,"date":"2017-09-28T14:10:45","date_gmt":"2017-09-28T11:10:45","guid":{"rendered":"http:\/\/opesbaltic.lv\/product\/h-600-series-printers\/"},"modified":"2018-02-09T17:51:38","modified_gmt":"2018-02-09T14:51:38","slug":"h-600-series-printers","status":"publish","type":"product","link":"http:\/\/opesbaltic.lv\/lv\/product\/h-600-series-printers\/","title":{"rendered":"H-600 S\u0113rijas printeri"},"content":{"rendered":"<p><a class=\"et_pb_button et_pb_button_0 et_pb_module et_pb_bg_layout_light\" href=\"\/wp-content\/uploads\/catalogue\/Printers\/H-600SERIES\/H-600SeriesPrinters_Catalogue.pdf\" target=\"_blank\" rel=\"noopener\">Katalogs<\/a><\/p>\n<ul>\n<li>6 collu drukas platums!<\/li>\n<li>Augstas kvalit\u0101tes produkcija p\u0113c izv\u0113les: 203 (H-626E) vai 300 (H-634E) DPI.<\/li>\n<li>Druk\u0101jiet ar 203 vai 300 dpi iz\u0161\u0137irtsp\u0113ju ar t\u0101du pa\u0161u H-600E s\u0113rijas printeri. Vienk\u0101r\u0161i instal\u0113jiet 203 dpi drukas galvi\u0146u vai 300 dpi drukas galvi\u0146u, neizmantojot instrumentus vai veicot konfigur\u0101cijas izmai\u0146as.<\/li>\n<li>H-600E s\u0113rijas printeri ir \u013coti univers\u0101li. Neviens dators nav nepiecie\u0161ams. Lejupiel\u0101d\u0113jiet eti\u0137etes form\u0101tus uz Printera zibatmi\u0146as (vai CompactFlash kartes), atvienojiet printeri no datora, pievienojiet standarta datora tastat\u016bru un piespiediet printeri uz citu vietu.<\/li>\n<li>H-600E s\u0113rijas printeriem ir \u013coti viegli uzst\u0101d\u012bt opcijas, piederumus un apkalpot.<\/li>\n<li>H-600E s\u0113rijas printeriem ir 450 m (1476 &#8221;) lentes jauda un pilna 203 mm (8 &#8221;) O.D. eti\u0137etes ru\u013c\u013cu ietilp\u012bba, kas padara tos piem\u0113rotu liela apjoma druk\u0101\u0161anas pras\u012bb\u0101m.<\/li>\n<li>H-600E s\u0113rijas printeri ir izstr\u0101d\u0101ti t\u0101, lai pie\u0146emtu tintes lentes veidu gan tintes iek\u0161pus\u0113, gan \u0101rpus tinti, nodro\u0161inot liel\u0101ku elast\u012bbu lentes izv\u0113l\u0113.<\/li>\n<li>H-600E s\u0113rijas printeri pied\u0101v\u0101 standarta re\u0101llaika pulksteni eti\u0137e\u0161u laika un datuma \u0161tanc\u0113\u0161anai.<\/li>\n<li>H-600E s\u0113rijas printeriem ir vair\u0101kas saskarnes katrai lietojumprogrammai. Ethernet un \u0101trs \u0101trs datu p\u0101rraides \u0101trums USB 2.0 ir H-600E s\u0113rijas printeru standarts. Paral\u0113li un RS232 Serial ar\u012b ir iek\u013cauti<\/li>\n<li>Druk\u0101t no Windows, UNIX, Linux vai Mac! CUPS (kop\u0113j\u0101 UNIX druk\u0101\u0161anas sist\u0113ma) Draiveri un Windows draiveri ir pieejami.<\/li>\n<\/ul>\n","protected":false},"excerpt":{"rendered":"<p>THARO H-626E H-634E printeriem ir elegants dizains un tie ir pietiekami iztur\u012bgi komerci\u0101lai lieto\u0161anai. Vi\u0146iem ir iztur\u012bga visa met\u0101la konstrukcija ar alum\u012bnija centra sienu un lielu multivides logu, kas \u013cauj \u0113rti apskat\u012bt un uzraudz\u012bt pieg\u0101des.<br \/>\n\u2022 H-626E izdruk\u0101 203 dpi un l\u012bdz 6 ips.<br \/>\n\u2022 H-634E izdruka ar 300 dpi un l\u012bdz 4 ips.<\/p>\n","protected":false},"featured_media":577,"template":"","meta":[],"_links":{"self":[{"href":"http:\/\/opesbaltic.lv\/lv\/wp-json\/wp\/v2\/product\/1629"}],"collection":[{"href":"http:\/\/opesbaltic.lv\/lv\/wp-json\/wp\/v2\/product"}],"about":[{"href":"http:\/\/opesbaltic.lv\/lv\/wp-json\/wp\/v2\/types\/product"}],"wp:featuredmedia":[{"embeddable":true,"href":"http:\/\/opesbaltic.lv\/lv\/wp-json\/wp\/v2\/media\/577"}],"wp:attachment":[{"href":"http:\/\/opesbaltic.lv\/lv\/wp-json\/wp\/v2\/media?parent=1629"}],"curies":[{"name":"wp","href":"https:\/\/api.w.org\/{rel}","templated":true}]}}