{"id":1623,"date":"2017-09-28T14:16:51","date_gmt":"2017-09-28T11:16:51","guid":{"rendered":"http:\/\/opesbaltic.lv\/product\/v-series-plus-printers\/"},"modified":"2020-05-27T11:36:58","modified_gmt":"2020-05-27T08:36:58","slug":"godex-g500-g530","status":"publish","type":"product","link":"http:\/\/opesbaltic.lv\/lv\/product\/godex-g500-g530\/","title":{"rendered":"GODEX G500 \/ G530"},"content":{"rendered":"<h4 class=\"page__title product__title\">GODEX G500 \/ G530<\/h4>\n<p><a href=\"http:\/\/opesbaltic.lv\/wp-content\/uploads\/2017\/09\/OWiKr0nEb_wsPCrgAfLczQ.middle.png\"><img decoding=\"async\" loading=\"lazy\" class=\"alignnone size-medium wp-image-2353\" src=\"http:\/\/opesbaltic.lv\/wp-content\/uploads\/2017\/09\/OWiKr0nEb_wsPCrgAfLczQ.middle-300x300.png\" alt=\"\" width=\"300\" height=\"300\" srcset=\"http:\/\/opesbaltic.lv\/wp-content\/uploads\/2017\/09\/OWiKr0nEb_wsPCrgAfLczQ.middle-300x300.png 300w, http:\/\/opesbaltic.lv\/wp-content\/uploads\/2017\/09\/OWiKr0nEb_wsPCrgAfLczQ.middle-150x150.png 150w, http:\/\/opesbaltic.lv\/wp-content\/uploads\/2017\/09\/OWiKr0nEb_wsPCrgAfLczQ.middle.png 600w, http:\/\/opesbaltic.lv\/wp-content\/uploads\/2017\/09\/OWiKr0nEb_wsPCrgAfLczQ.middle-100x100.png 100w\" sizes=\"(max-width: 300px) 100vw, 300px\" \/><\/a><a href=\"http:\/\/opesbaltic.lv\/wp-content\/uploads\/2017\/09\/i2rkJS9lAI0zM1LxIvkEaA.middle.png\"><img decoding=\"async\" loading=\"lazy\" class=\"alignnone size-medium wp-image-2351\" src=\"http:\/\/opesbaltic.lv\/wp-content\/uploads\/2017\/09\/i2rkJS9lAI0zM1LxIvkEaA.middle-300x300.png\" alt=\"\" width=\"300\" height=\"300\" srcset=\"http:\/\/opesbaltic.lv\/wp-content\/uploads\/2017\/09\/i2rkJS9lAI0zM1LxIvkEaA.middle-300x300.png 300w, http:\/\/opesbaltic.lv\/wp-content\/uploads\/2017\/09\/i2rkJS9lAI0zM1LxIvkEaA.middle-150x150.png 150w, http:\/\/opesbaltic.lv\/wp-content\/uploads\/2017\/09\/i2rkJS9lAI0zM1LxIvkEaA.middle.png 600w, http:\/\/opesbaltic.lv\/wp-content\/uploads\/2017\/09\/i2rkJS9lAI0zM1LxIvkEaA.middle-100x100.png 100w\" sizes=\"(max-width: 300px) 100vw, 300px\" \/><\/a><a href=\"http:\/\/opesbaltic.lv\/wp-content\/uploads\/2017\/09\/u2ENMCmEG1fKX84o72O1OA.middle.png\"><img decoding=\"async\" loading=\"lazy\" class=\"alignnone size-medium wp-image-2354\" src=\"http:\/\/opesbaltic.lv\/wp-content\/uploads\/2017\/09\/u2ENMCmEG1fKX84o72O1OA.middle-300x300.png\" alt=\"\" width=\"300\" height=\"300\" srcset=\"http:\/\/opesbaltic.lv\/wp-content\/uploads\/2017\/09\/u2ENMCmEG1fKX84o72O1OA.middle-300x300.png 300w, http:\/\/opesbaltic.lv\/wp-content\/uploads\/2017\/09\/u2ENMCmEG1fKX84o72O1OA.middle-150x150.png 150w, http:\/\/opesbaltic.lv\/wp-content\/uploads\/2017\/09\/u2ENMCmEG1fKX84o72O1OA.middle.png 600w, http:\/\/opesbaltic.lv\/wp-content\/uploads\/2017\/09\/u2ENMCmEG1fKX84o72O1OA.middle-100x100.png 100w\" sizes=\"(max-width: 300px) 100vw, 300px\" \/><\/a><\/p>\n<div class=\"product__brief\" data-v-44ffa332=\"\">\n<p>Augsto tehnolo\u0123iju jauda ar klientiem draudz\u012bgu cenu \u201cTwin-Sensor Technology\u201d padara G500 par ide\u0101lu druk\u0101\u0161anai uz visu veidu speci\u0101lajiem materi\u0101liem, \u012bpa\u0161i mazumtirdzniec\u012bbas un r\u016bpniec\u012bbas vajadz\u012bb\u0101m<\/p>\n<ul>\n<li>300 metru lente un izv\u0113les eti\u0137e\u0161u stat\u012bvs nodro\u0161ina maksim\u0101lu druk\u0101\u0161anas apjomu \u201cTwin-Sensor\u201d tehnolo\u0123ija \u013cauj izmantot pla\u0161u eti\u0137e\u0161u kl\u0101stu<\/li>\n<li>Pieejam\u0101s saskar\u0146u kombin\u0101cijas ietver:<\/li>\n<\/ul>\n<p>USB2.0, seri\u0101lais un Ethernet<\/p>\n<p>USB2.0 un Parallel<\/p>\n<ul>\n<li>Sp\u0113c\u012bga un stabila meh\u0101nisma konstrukcija ilgtermi\u0146a uzticam\u012bbai<\/li>\n<li>203 DPI modelis<\/li>\n<\/ul>\n<\/div>\n","protected":false},"excerpt":{"rendered":"<h4 class=\"section__title\"><a style=\"font-size: 16px;\" href=\"https:\/\/godex.s3-accelerate.amazonaws.com\/sViLo0t0PgYipSa,ex,mng.file?v01\">Specifik\u0101cija:<\/a><\/h4>\n<div class=\"section__content\" data-v-44ffa332=\"\">\n<div class=\"spec\" data-v-af84bba8=\"\" data-v-44ffa332=\"\">\n<div class=\"spec__title\" data-v-af84bba8=\"\">\n<p>Druk\u0101\u0161anas metode<\/p>\n<ul>\n<li>Termisk\u0101 p\u0101rne\u0161ana \/ tie\u0161\u0101 termisk\u0101<\/li>\n<\/ul>\n<p>Iz\u0161\u0137irtsp\u0113ja<\/p>\n<ul>\n<li>203 dpi (8 punkti \/ mm) \/ 300 dpi (12 punkti \/ mm)<\/li>\n<\/ul>\n<p>Druk\u0101\u0161anas \u0101trums<\/p>\n<ul>\n<li>5 ips (127 mm \/ s) \/ 4 ips (102 mm \/ s)<\/li>\n<\/ul>\n<p>Drukas platums<\/p>\n<ul>\n<li>4,25 \u201d(108 mm) \/ 4,16\u201d (105,7 mm)<\/li>\n<\/ul>\n<p>Drukas garums<\/p>\n<ul>\n<li>0,16 \u201d(4 mm) **;<\/li>\n<li>68 \u201d(1727 mm) \/ min. 0,16 \u201d(4 mm) **;<\/li>\n<li>30 \u201c(762 mm)<\/li>\n<\/ul>\n<p>Procesors<\/p>\n<ul>\n<li>32 bitu RISC centr\u0101lais procesors<\/li>\n<\/ul>\n<p>Atmi\u0146a<\/p>\n<ul>\n<li>Flash: 8 MB Flash (4 MB lietot\u0101ju glab\u0101\u0161anai), SDRAM: 16 MB<\/li>\n<\/ul>\n<p>Saskarnes<\/p>\n<ul>\n<li>USB 2.0<\/li>\n<li>RS-232 (DB-9)<\/li>\n<li>Ethernet (RJ45)<\/li>\n<\/ul>\n<p>Lente<\/p>\n<ul>\n<li>Garums: 981 \u201d(300 m)<\/li>\n<li>Platums: 1,18\u201d<\/li>\n<li>Min &#8211; 4,33 \u201d(30 mm &#8211; 110 mm)<\/li>\n<li>Maksim\u0101lais serdes diametrs: 1\u201d (25,4 mm)<\/li>\n<\/ul>\n<p>Vad\u012bbas panelis<\/p>\n<ul>\n<li>Divas divkr\u0101su st\u0101vok\u013ca gaismas diodes: Gatavs, Statusa kontroles tausti\u0146\u0161: FEED<\/li>\n<\/ul>\n<\/div>\n<\/div>\n<div class=\"spec\" data-v-af84bba8=\"\" data-v-44ffa332=\"\">\n<div data-v-af84bba8=\"\"><a class=\"iconfile\" href=\"https:\/\/godex.s3-accelerate.amazonaws.com\/QovWH57QMqYgSQuO4NW65g.file?v01\" target=\"_blank\" rel=\"noopener noreferrer\"><span class=\"iconfile__text\" data-v-e0089236=\"\">Brochures<\/span><\/a><\/div>\n<div data-v-af84bba8=\"\"><\/div>\n<\/div>\n<\/div>\n","protected":false},"featured_media":2352,"template":"","meta":[],"_links":{"self":[{"href":"http:\/\/opesbaltic.lv\/lv\/wp-json\/wp\/v2\/product\/1623"}],"collection":[{"href":"http:\/\/opesbaltic.lv\/lv\/wp-json\/wp\/v2\/product"}],"about":[{"href":"http:\/\/opesbaltic.lv\/lv\/wp-json\/wp\/v2\/types\/product"}],"wp:featuredmedia":[{"embeddable":true,"href":"http:\/\/opesbaltic.lv\/lv\/wp-json\/wp\/v2\/media\/2352"}],"wp:attachment":[{"href":"http:\/\/opesbaltic.lv\/lv\/wp-json\/wp\/v2\/media?parent=1623"}],"curies":[{"name":"wp","href":"https:\/\/api.w.org\/{rel}","templated":true}]}}