{"id":1548,"date":"2017-09-28T15:29:48","date_gmt":"2017-09-28T12:29:48","guid":{"rendered":"http:\/\/opesbaltic.lv\/product\/plutone-125\/"},"modified":"2018-02-06T11:34:45","modified_gmt":"2018-02-06T08:34:45","slug":"plutone-125","status":"publish","type":"product","link":"http:\/\/opesbaltic.lv\/lv\/product\/plutone-125\/","title":{"rendered":"Plutons 125"},"content":{"rendered":"<p>&nbsp;<\/p>\n<table>\n<colgroup>\n<col width=\"325px\" \/>\n<col width=\"602px\" \/> <\/colgroup>\n<tbody>\n<tr>\n<th>\u0100trums<\/th>\n<td>Main\u012bgs no 0 l\u012bdz 20 m<\/td>\n<\/tr>\n<tr>\n<th>Spo\u013cu tinumi<\/th>\n<td>Iek\u0161\u0113jais un \/ vai \u0101r\u0113jais<\/td>\n<\/tr>\n<tr>\n<th>Maks. eti\u0137etes platums<\/th>\n<td>125 mm<\/td>\n<\/tr>\n<tr>\n<th>Min. eti\u0137etes platums<\/th>\n<td>10 mm<\/td>\n<\/tr>\n<tr>\n<th>Motora tips<\/th>\n<td>Solis\/solis<\/td>\n<\/tr>\n<tr>\n<th>Eti\u0137etes aptur\u0113\u0161anas vad\u012bba<\/th>\n<td>Dak\u0161u fotoelementu vai mikrosl\u0113dzi<\/td>\n<\/tr>\n<tr>\n<th>Maks. eti\u0137etes cilindra diametrs<\/th>\n<td>250 mm<\/td>\n<\/tr>\n<tr>\n<th>Min. mar\u0137\u0113juma cilindra diametrs<\/th>\n<td>45 mm (76 mm ar adapteri)<\/td>\n<\/tr>\n<tr>\n<th>Svars<\/th>\n<td>Apm. 5 kg<\/td>\n<\/tr>\n<tr>\n<th>Maks. gabar\u012btu izm\u0113ri<\/th>\n<td>300 mm x 300 mm x 210 mm<\/td>\n<\/tr>\n<tr>\n<th>Baro\u0161anas avots<\/th>\n<td>220 vai 110 V 50\/60 Hz<\/td>\n<\/tr>\n<tr>\n<th>OperaXng temperat\u016bra<\/th>\n<td>No + 40 \u00b0 C l\u012bdz -5 \u00b0 C<\/td>\n<\/tr>\n<\/tbody>\n<\/table>\n","protected":false},"excerpt":{"rendered":"<p>Plutons ir eti\u0137e\u0161u p\u0101rtin\u0113js, ko var kombin\u0113t ar visiem termiskajiem printeriem tirg\u016b (DATAMAX-ZEBRA-SATO-INTERMEC-UBI-TEC TOSHIBA-CITIZEN-CAB).<\/p>\n","protected":false},"featured_media":591,"template":"","meta":[],"_links":{"self":[{"href":"http:\/\/opesbaltic.lv\/lv\/wp-json\/wp\/v2\/product\/1548"}],"collection":[{"href":"http:\/\/opesbaltic.lv\/lv\/wp-json\/wp\/v2\/product"}],"about":[{"href":"http:\/\/opesbaltic.lv\/lv\/wp-json\/wp\/v2\/types\/product"}],"wp:featuredmedia":[{"embeddable":true,"href":"http:\/\/opesbaltic.lv\/lv\/wp-json\/wp\/v2\/media\/591"}],"wp:attachment":[{"href":"http:\/\/opesbaltic.lv\/lv\/wp-json\/wp\/v2\/media?parent=1548"}],"curies":[{"name":"wp","href":"https:\/\/api.w.org\/{rel}","templated":true}]}}