{"id":1542,"date":"2017-09-28T16:26:01","date_gmt":"2017-09-28T13:26:01","guid":{"rendered":"http:\/\/opesbaltic.lv\/product\/alfa\/"},"modified":"2018-02-05T16:39:42","modified_gmt":"2018-02-05T13:39:42","slug":"alfa","status":"publish","type":"product","link":"http:\/\/opesbaltic.lv\/lv\/product\/alfa\/","title":{"rendered":"Alfa"},"content":{"rendered":"<p>&nbsp;<\/p>\n<table>\n<colgroup>\n<col width=\"325px\" \/>\n<col width=\"602px\" \/> <\/colgroup>\n<tbody>\n<tr>\n<th>Eti\u0137e\u0161u platums<\/th>\n<td>No 15 mm l\u012bdz 160 mm<\/td>\n<\/tr>\n<tr>\n<th>Eti\u0137etes garums<\/th>\n<td>No 45 mm l\u012bdz 200 mm<\/td>\n<\/tr>\n<tr>\n<th>Mar\u0137\u0113\u0161anas \u0101trums<\/th>\n<td>No 2 l\u012bdz 30 m \/ min<\/td>\n<\/tr>\n<tr>\n<th>Eti\u0137etes diametrs<\/th>\n<td>270 mm<\/td>\n<\/tr>\n<tr>\n<th>Baro\u0161anas avots<\/th>\n<td>230 V<\/td>\n<\/tr>\n<\/tbody>\n<\/table>\n","protected":false},"excerpt":{"rendered":"<p>Alfa ir ier\u012bce, kas autom\u0101tiski pielieto uzl\u012bm\u0113jamos uzl\u012bm\u0113jamos da\u017e\u0101da veida iepakojumus. Alfa ir ier\u012bce, kas paredz\u0113ta izmanto\u0161anai uz konveijeriem, ide\u0101li piem\u0113rota mar\u0137\u0113\u0161anas vien\u012bbu iepakojumam un vairum\u0101 kast\u0113m. Alfa ir viegli lietojams un aiz\u0146em nelielu vietu, pateicoties t\u0101 integr\u0113tajai strukt\u016brai.<\/p>\n","protected":false},"featured_media":615,"template":"","meta":[],"_links":{"self":[{"href":"http:\/\/opesbaltic.lv\/lv\/wp-json\/wp\/v2\/product\/1542"}],"collection":[{"href":"http:\/\/opesbaltic.lv\/lv\/wp-json\/wp\/v2\/product"}],"about":[{"href":"http:\/\/opesbaltic.lv\/lv\/wp-json\/wp\/v2\/types\/product"}],"wp:featuredmedia":[{"embeddable":true,"href":"http:\/\/opesbaltic.lv\/lv\/wp-json\/wp\/v2\/media\/615"}],"wp:attachment":[{"href":"http:\/\/opesbaltic.lv\/lv\/wp-json\/wp\/v2\/media?parent=1542"}],"curies":[{"name":"wp","href":"https:\/\/api.w.org\/{rel}","templated":true}]}}