{"id":1536,"date":"2017-09-28T16:29:58","date_gmt":"2017-09-28T13:29:58","guid":{"rendered":"http:\/\/opesbaltic.lv\/product\/gamma\/"},"modified":"2018-02-05T16:34:03","modified_gmt":"2018-02-05T13:34:03","slug":"gamma","status":"publish","type":"product","link":"http:\/\/opesbaltic.lv\/lv\/product\/gamma\/","title":{"rendered":"Gamma"},"content":{"rendered":"<p>&nbsp;<\/p>\n<table>\n<colgroup>\n<col width=\"325px\" \/>\n<col width=\"602px\" \/> <\/colgroup>\n<tbody>\n<tr>\n<th>Eti\u0137e\u0161u platums<\/th>\n<td>No 20 mm l\u012bdz 200 mm<\/td>\n<\/tr>\n<tr>\n<th>Eti\u0137etes garums<\/th>\n<td>No 20 mm l\u012bdz 300 mm<\/td>\n<\/tr>\n<tr>\n<th>Mar\u0137\u0113\u0161anas \u0101trums<\/th>\n<td>No 6 l\u012bdz 50 m \/ min<\/td>\n<\/tr>\n<tr>\n<th>Eti\u0137etes diametrs<\/th>\n<td>No 270 mm l\u012bdz 410 mm<\/td>\n<\/tr>\n<tr>\n<th>Motora jauda<\/th>\n<td>6 Nm<\/td>\n<\/tr>\n<tr>\n<th>Baro\u0161anas avots<\/th>\n<td>230 V<\/td>\n<\/tr>\n<\/tbody>\n<\/table>\n","protected":false},"excerpt":{"rendered":"<p>Gamma ir ier\u012bce, kas autom\u0101tiski pielieto uzl\u012bm\u0113jamas eti\u0137etes da\u017e\u0101du veidu iepakojumos kust\u012bb\u0101. Gamma galvi\u0146u darbina 6 Nm stepper motors, kas apr\u012bkots ar elektronisko mikroprocesoru kontrolieri. Gamma ir ier\u012bce, kas paredz\u0113ta izmanto\u0161anai horizont\u0101l\u0101s pl\u016bsmas iepakojuma ma\u0161\u012bn\u0101s un efekt\u012bvos konveijeros. Gamma ir piem\u0113rota sadarboties ar da\u017e\u0101da veida siltuma p\u0101rneses un tintes printeriem.<\/p>\n","protected":false},"featured_media":624,"template":"","meta":[],"_links":{"self":[{"href":"http:\/\/opesbaltic.lv\/lv\/wp-json\/wp\/v2\/product\/1536"}],"collection":[{"href":"http:\/\/opesbaltic.lv\/lv\/wp-json\/wp\/v2\/product"}],"about":[{"href":"http:\/\/opesbaltic.lv\/lv\/wp-json\/wp\/v2\/types\/product"}],"wp:featuredmedia":[{"embeddable":true,"href":"http:\/\/opesbaltic.lv\/lv\/wp-json\/wp\/v2\/media\/624"}],"wp:attachment":[{"href":"http:\/\/opesbaltic.lv\/lv\/wp-json\/wp\/v2\/media?parent=1536"}],"curies":[{"name":"wp","href":"https:\/\/api.w.org\/{rel}","templated":true}]}}