{"id":1530,"date":"2017-09-28T16:35:42","date_gmt":"2017-09-28T13:35:42","guid":{"rendered":"http:\/\/opesbaltic.lv\/product\/golf\/"},"modified":"2018-02-05T16:28:03","modified_gmt":"2018-02-05T13:28:03","slug":"golf","status":"publish","type":"product","link":"http:\/\/opesbaltic.lv\/lv\/product\/golf\/","title":{"rendered":"Golfs"},"content":{"rendered":"<p>&nbsp;<\/p>\n<table>\n<colgroup>\n<col width=\"325px\" \/>\n<col width=\"602px\" \/> <\/colgroup>\n<tbody>\n<tr>\n<th>Eti\u0137e\u0161u platums<\/th>\n<td>No 10 mm l\u012bdz 300 mm<\/td>\n<\/tr>\n<tr>\n<th>Eti\u0137etes garums<\/th>\n<td>No 10 mm l\u012bdz 500 mm<\/td>\n<\/tr>\n<tr>\n<th>Mar\u0137\u0113\u0161anas \u0101trums<\/th>\n<td>No 2 l\u012bdz 100 m \/ min<\/td>\n<\/tr>\n<tr>\n<th>Eti\u0137etes diametrs<\/th>\n<td>No 270 mm l\u012bdz 410 mm<\/td>\n<\/tr>\n<tr>\n<th>Motora jauda<\/th>\n<td>8,5 Nm<\/td>\n<\/tr>\n<tr>\n<th>Baro\u0161anas avots<\/th>\n<td>230 V<\/td>\n<\/tr>\n<\/tbody>\n<\/table>\n","protected":false},"excerpt":{"rendered":"<p>Golfs ir augst\u0101k\u0101 l\u012bme\u0146a mar\u0137\u0113\u0161anas galvi\u0146as modelis, kas paredz\u0113ts autom\u0101tiskai uzl\u012bmju uzlik\u0161anai da\u017e\u0101du veidu iepakojumos. Golfa galvai ir 8,5 nm pak\u0101pju motors. Tas ir apr\u012bkots ar kr\u0101su sk\u0101rienekr\u0101na vad\u012bbas paneli un PLC. Golfs ir ier\u012bce, kas paredz\u0113ta vis\u0101m iesai\u0146o\u0161anas iek\u0101rt\u0101m un efekt\u012bviem konveijeriem. Golfs ir piem\u0113rots sadarboties ar da\u017e\u0101da veida siltuma p\u0101rneses un tintes printeriem.<\/p>\n","protected":false},"featured_media":625,"template":"","meta":[],"_links":{"self":[{"href":"http:\/\/opesbaltic.lv\/lv\/wp-json\/wp\/v2\/product\/1530"}],"collection":[{"href":"http:\/\/opesbaltic.lv\/lv\/wp-json\/wp\/v2\/product"}],"about":[{"href":"http:\/\/opesbaltic.lv\/lv\/wp-json\/wp\/v2\/types\/product"}],"wp:featuredmedia":[{"embeddable":true,"href":"http:\/\/opesbaltic.lv\/lv\/wp-json\/wp\/v2\/media\/625"}],"wp:attachment":[{"href":"http:\/\/opesbaltic.lv\/lv\/wp-json\/wp\/v2\/media?parent=1530"}],"curies":[{"name":"wp","href":"https:\/\/api.w.org\/{rel}","templated":true}]}}