{"id":1524,"date":"2017-09-28T16:41:17","date_gmt":"2017-09-28T13:41:17","guid":{"rendered":"http:\/\/opesbaltic.lv\/product\/compact-ri\/"},"modified":"2018-02-05T16:22:39","modified_gmt":"2018-02-05T13:22:39","slug":"compact-ri","status":"publish","type":"product","link":"http:\/\/opesbaltic.lv\/lv\/product\/compact-ri\/","title":{"rendered":"Kompakts RI"},"content":{"rendered":"<p>&nbsp;<\/p>\n<table>\n<colgroup>\n<col width=\"325px\" \/>\n<col width=\"602px\" \/> <\/colgroup>\n<tbody>\n<tr>\n<th>Eti\u0137etes platums<\/th>\n<td>No 10 mm l\u012bdz 160 mm<\/td>\n<\/tr>\n<tr>\n<th>Eti\u0137etes garums<\/th>\n<td>No 10 mm l\u012bdz 500 mm<\/td>\n<\/tr>\n<tr>\n<th>Efektivit\u0101te<\/th>\n<td>L\u012bdz 4000 vien\u012bb\u0101m \/ stund\u0101<\/td>\n<\/tr>\n<tr>\n<th>Eti\u0137etes diametrs<\/th>\n<td>No 270 mm l\u012bdz 410 mm<\/td>\n<\/tr>\n<tr>\n<th>Str\u0101vas padeve<\/th>\n<td>400 V vai 230 V<\/td>\n<\/tr>\n<\/tbody>\n<\/table>\n","protected":false},"excerpt":{"rendered":"<p>Kompakts RI ir mar\u0137\u0113\u0161anas sist\u0113ma, ko izmanto, lai uzkl\u0101tu uzl\u012bmes pa cilindrisk\u0101 iepakojuma perimetru. Boxer rot\u0101cijas sist\u0113mu raksturo augstas precizit\u0101tes mar\u0137\u0113jums. Kompakts RI var uzst\u0101d\u012bt autom\u0101tiskaj\u0101s vai manu\u0101laj\u0101s ra\u017eo\u0161anas l\u012bnij\u0101s. Kompakts RI ir apr\u012bkots ar augst\u0101k\u0101 l\u012bme\u0146a golfa mar\u0137\u0113\u0161anas galvi\u0146as modeli ar kr\u0101su sk\u0101rienekr\u0101na vad\u012bbas paneli un pa\u0161pietiekamu r\u0101mi ar konveijeru. T\u0101s univers\u0101l\u0101 strukt\u016bra \u013cauj str\u0101d\u0101t garos un \u012bsos ra\u017eo\u0161anas ciklos. Programmas atmi\u0146a un trapecveida v\u0101rpstas piel\u0101go\u0161ana ar m\u0113rier\u012bc\u0113m \u013cauj \u012bslaic\u012bgi p\u0101rt\u012br\u012bt darba laiku. Kompakts RI var b\u016bt apr\u012bkots ar siltuma p\u0101rneses printeri, lai druk\u0101tu papildu inform\u0101ciju uz eti\u0137et\u0113m.<\/p>\n","protected":false},"featured_media":620,"template":"","meta":[],"_links":{"self":[{"href":"http:\/\/opesbaltic.lv\/lv\/wp-json\/wp\/v2\/product\/1524"}],"collection":[{"href":"http:\/\/opesbaltic.lv\/lv\/wp-json\/wp\/v2\/product"}],"about":[{"href":"http:\/\/opesbaltic.lv\/lv\/wp-json\/wp\/v2\/types\/product"}],"wp:featuredmedia":[{"embeddable":true,"href":"http:\/\/opesbaltic.lv\/lv\/wp-json\/wp\/v2\/media\/620"}],"wp:attachment":[{"href":"http:\/\/opesbaltic.lv\/lv\/wp-json\/wp\/v2\/media?parent=1524"}],"curies":[{"name":"wp","href":"https:\/\/api.w.org\/{rel}","templated":true}]}}