{"id":1512,"date":"2017-09-28T17:15:50","date_gmt":"2017-09-28T14:15:50","guid":{"rendered":"http:\/\/opesbaltic.lv\/product\/compact-tbf\/"},"modified":"2018-02-05T16:09:05","modified_gmt":"2018-02-05T13:09:05","slug":"compact-tbf","status":"publish","type":"product","link":"http:\/\/opesbaltic.lv\/lv\/product\/compact-tbf\/","title":{"rendered":"Kompakts TBF"},"content":{"rendered":"<p>&nbsp;<\/p>\n<table>\n<colgroup>\n<col width=\"325px\" \/>\n<col width=\"602px\" \/> <\/colgroup>\n<tbody>\n<tr>\n<th>Eti\u0137etes platums<\/th>\n<td>No 10 mm l\u012bdz 160 mm<\/td>\n<\/tr>\n<tr>\n<th>Eti\u0137etes garums<\/th>\n<td>No 10 mm l\u012bdz 300 mm<\/td>\n<\/tr>\n<tr>\n<th>Mar\u0137\u0113\u0161anas \u0101trums<\/th>\n<td>No 2 l\u012bdz 65 m \/ min<\/td>\n<\/tr>\n<tr>\n<th>Eti\u0137etes diametrs<\/th>\n<td>No 270 mm l\u012bdz 410 mm<\/td>\n<\/tr>\n<tr>\n<th>Str\u0101vas padeve<\/th>\n<td>400 V vai 230 V<\/td>\n<\/tr>\n<\/tbody>\n<\/table>\n","protected":false},"excerpt":{"rendered":"<p>Kompakts TBF ir autom\u0101tiska mar\u0137\u0113\u0161anas sist\u0113ma, ko izmanto, lai uzl\u012bm\u0113tu eti\u0137etes iepakojuma aug\u0161da\u013c\u0101 un apak\u0161\u0101. Kompakts TBF var uzst\u0101d\u012bt autom\u0101tiskaj\u0101s vai manu\u0101laj\u0101s ra\u017eo\u0161anas l\u012bnij\u0101s. Kompakts TBF ir apr\u012bkots ar augst\u0101k\u0101 l\u012bme\u0146a golfa mar\u0137\u0113\u0161anas galvi\u0146as modeli ar kr\u0101su sk\u0101rienekr\u0101nu vad\u012bbas paneli un pa\u0161pietiekamu r\u0101mi ar konveijeru. T\u0101s univers\u0101l\u0101 strukt\u016bra \u013cauj str\u0101d\u0101t garos un \u012bsos ra\u017eo\u0161anas ciklos. Programmas atmi\u0146a un trapecveida v\u0101rpstas piel\u0101go\u0161ana ar m\u0113rier\u012bc\u0113m \u013cauj \u012bslaic\u012bgi p\u0101rt\u012br\u012bt darba laiku. Kompakts TBF var apr\u012bkot ar siltuma p\u0101rneses printeri, lai druk\u0101tu papildu inform\u0101ciju uz eti\u0137et\u0113m.<\/p>\n","protected":false},"featured_media":622,"template":"","meta":[],"_links":{"self":[{"href":"http:\/\/opesbaltic.lv\/lv\/wp-json\/wp\/v2\/product\/1512"}],"collection":[{"href":"http:\/\/opesbaltic.lv\/lv\/wp-json\/wp\/v2\/product"}],"about":[{"href":"http:\/\/opesbaltic.lv\/lv\/wp-json\/wp\/v2\/types\/product"}],"wp:featuredmedia":[{"embeddable":true,"href":"http:\/\/opesbaltic.lv\/lv\/wp-json\/wp\/v2\/media\/622"}],"wp:attachment":[{"href":"http:\/\/opesbaltic.lv\/lv\/wp-json\/wp\/v2\/media?parent=1512"}],"curies":[{"name":"wp","href":"https:\/\/api.w.org\/{rel}","templated":true}]}}