{"id":1451,"date":"2017-09-28T18:00:09","date_gmt":"2017-09-28T15:00:09","guid":{"rendered":"http:\/\/opesbaltic.lv\/product\/pa2000-applicator\/"},"modified":"2018-02-05T12:12:54","modified_gmt":"2018-02-05T09:12:54","slug":"pa2000-applicator","status":"publish","type":"product","link":"http:\/\/opesbaltic.lv\/lv\/product\/pa2000-applicator\/","title":{"rendered":"PA2000 Aplikators"},"content":{"rendered":"<p><a class=\"et_pb_button et_pb_button_0 et_pb_module et_pb_bg_layout_light\" href=\"\/wp-content\/uploads\/catalogue\/LabelDispensers\/PRINTANDAPPLY\/PA2000Applicator\/PA2000Applicator_Catalogue.pdf\" target=\"_blank\" rel=\"noopener\">Katalogs<\/a><\/p>\n<p>&nbsp;<\/p>\n<table>\n<colgroup>\n<col width=\"325px\" \/>\n<col width=\"602px\" \/> <\/colgroup>\n<tbody>\n<tr>\n<th>Minim\u0101lais mar\u0137\u0113juma izm\u0113rs<\/th>\n<td>5mm x 5mm (0,20 &#8220;x 0,20&#8221;) ar speci\u0101lu spraud\u012bti<\/td>\n<\/tr>\n<tr>\n<th>Maksim\u0101lais mar\u0137\u0113juma izm\u0113rs<\/th>\n<td>152,4mm x 203mm (6 &#8220;x 8&#8221;)<\/td>\n<\/tr>\n<tr>\n<th>Izvietojuma precizit\u0101te<\/th>\n<td>&#8211; Stacion\u0101rs: +\/- 0,25 mm (0,01 &#8220;)<br \/>\n&#8211; P\u0101rvieto\u0161ana: +\/- 3mm (0,125 &#8220;) (piem\u0113ram, konveijeru lentes)<\/td>\n<\/tr>\n<tr>\n<th>\u0100trums<\/th>\n<td>L\u012bdz 58 eti\u0137et\u0113m min\u016bt\u0113<\/td>\n<\/tr>\n<tr>\n<th>Aplikatora svars<\/th>\n<td>12-17kg (27-37lbs)<\/td>\n<\/tr>\n<tr>\n<th>Stat\u012bva svars<\/th>\n<td>\u00a055kg (120 lbs)<\/td>\n<\/tr>\n<tr>\n<th>Standarta g\u0101jiena garums<\/th>\n<td>432 mm (17 &#8220;) kopum\u0101 (254 mm (10&#8221;) zem galda) Piel\u0101goti garuma baloni ir pieejami p\u0113c piepras\u012bjuma<\/td>\n<\/tr>\n<tr>\n<th>Gaisa pras\u012bbas<\/th>\n<td>no 5 l\u012bdz 6 b\u0101riem (no 75 l\u012bdz 90 psi)<\/td>\n<\/tr>\n<tr>\n<th>Printera tips:<\/th>\n<td>Tharo H-427, H-436, H-626 vai H-634 tie\u0161ie siltuma vai siltuma p\u0101rneses printeri<\/td>\n<\/tr>\n<tr>\n<th>Baro\u0161anas avots<\/th>\n<td>P\u0101rsl\u0113dzamais: 100V 60Hz vai 230V 50Hz<\/td>\n<\/tr>\n<tr>\n<th>Vides temperat\u016bra<\/th>\n<td>10-35 \u00b0 C (50-95 \u00b0 F) ar 10-85% mitrumu<\/td>\n<\/tr>\n<tr>\n<th>Standarti<\/th>\n<td>veidoti saska\u0146\u0101 ar CE dro\u0161\u012bbas un emisijas standartiem. RoHS atbilst\u012bba p\u0113c piepras\u012bjuma<\/td>\n<\/tr>\n<\/tbody>\n<\/table>\n","protected":false},"excerpt":{"rendered":"<p>PA2000 ir sp\u0113c\u012bgs Tharo H-400 \/ H-600 s\u0113rijas siltuma p\u0101rneses \/ tie\u0161\u0101s siltuma sv\u012btrkoda eti\u0137e\u0161u printeru piederums. PA2000 ir maz\u0101ks nospiedums, 16,5 &#8221; platums x 32 &#8221; gar\u0161 x 30 &#8221; gar\u0161, nek\u0101 citi printeri \/ aplikatori, ar att\u0101lo priek\u0161\u0113jo paneli, kas nodro\u0161ina vieglu piek\u013cuvi, neatkar\u012bgi no aplikatora orient\u0101cijas. Tas \u013cauj instal\u0113t PA2000 viet\u0101s, kur citi Printeri\/ Aplikatori nevar.<\/p>\n","protected":false},"featured_media":635,"template":"","meta":[],"_links":{"self":[{"href":"http:\/\/opesbaltic.lv\/lv\/wp-json\/wp\/v2\/product\/1451"}],"collection":[{"href":"http:\/\/opesbaltic.lv\/lv\/wp-json\/wp\/v2\/product"}],"about":[{"href":"http:\/\/opesbaltic.lv\/lv\/wp-json\/wp\/v2\/types\/product"}],"wp:featuredmedia":[{"embeddable":true,"href":"http:\/\/opesbaltic.lv\/lv\/wp-json\/wp\/v2\/media\/635"}],"wp:attachment":[{"href":"http:\/\/opesbaltic.lv\/lv\/wp-json\/wp\/v2\/media?parent=1451"}],"curies":[{"name":"wp","href":"https:\/\/api.w.org\/{rel}","templated":true}]}}