{"id":1445,"date":"2017-09-28T18:05:58","date_gmt":"2017-09-28T15:05:58","guid":{"rendered":"http:\/\/opesbaltic.lv\/product\/pa500-applicator\/"},"modified":"2018-02-01T12:57:29","modified_gmt":"2018-02-01T09:57:29","slug":"pa500-applicator","status":"publish","type":"product","link":"http:\/\/opesbaltic.lv\/lv\/product\/pa500-applicator\/","title":{"rendered":"PA500 Aplikators"},"content":{"rendered":"<p><a class=\"et_pb_button et_pb_button_0 et_pb_module et_pb_bg_layout_light\" href=\"\/wp-content\/uploads\/catalogue\/LabelDispensers\/PRINTANDAPPLY\/PA500Applicator_Catalogue.pdf\" target=\"_blank\" rel=\"noopener\">Katalogs<\/a><\/p>\n<p>&nbsp;<\/p>\n<table>\n<colgroup>\n<col width=\"325px\" \/>\n<col width=\"602px\" \/> <\/colgroup>\n<tbody>\n<tr>\n<th>Minim\u0101lais eti\u0137etes izm\u0113rs<\/th>\n<td>76,2mm x 25,4mm (3 &#8220;x 1&#8221;)<\/td>\n<\/tr>\n<tr>\n<th>Maksim\u0101lais mar\u0137\u0113juma izm\u0113rs<\/th>\n<td>114mm x 177,8mm (4,5 &#8220;x 7,0&#8221;)<\/td>\n<\/tr>\n<tr>\n<th>Izvietojuma precizit\u0101te<\/th>\n<td>+\/- 3mm (0,125 &#8220;)<\/td>\n<\/tr>\n<tr>\n<th>\u0100trums<\/th>\n<td>l\u012bdz 100 eti\u0137et\u0113m min\u016bt\u0113<\/td>\n<\/tr>\n<tr>\n<th>Aplikatora svars<\/th>\n<td>9,07kg (20 lbs)<\/td>\n<\/tr>\n<tr>\n<th>Svars stat\u012bvs<\/th>\n<td>55kg (120 lbs)<\/td>\n<\/tr>\n<tr>\n<th>Stenda svars<\/th>\n<td>tikai 43kg (95 lbs)<\/td>\n<\/tr>\n<tr>\n<th>Gaisa pras\u012bbas<\/th>\n<td>Nav<\/td>\n<\/tr>\n<tr>\n<th>Pieg\u0101des rullis<\/th>\n<td>200mm (8 &#8220;) maksim\u0101lais O.D.\u00a0uz serde\u0146iem no 39,9mm l\u012bdz 76,2mm (1,57 &#8220;l\u012bdz 3&#8221;)<\/td>\n<\/tr>\n<tr>\n<th>Printera tips<\/th>\n<td>Tharo H s\u0113rijas vai Apollo tie\u0161\u0101s siltuma vai siltuma p\u0101rneses printeri<\/td>\n<\/tr>\n<tr>\n<th>\u00a0Baro\u0161anas avots<\/th>\n<td>P\u0101rsl\u0113dzamais: 100V 60Hz vai 230V 50Hz<\/td>\n<\/tr>\n<tr>\n<th>Vides temperat\u016bra<\/th>\n<td>10-35 \u00b0 C (50-95 \u00b0 F) ar 10-85% mitrumu<\/td>\n<\/tr>\n<tr>\n<th>Standarti<\/th>\n<td>Veidoti saska\u0146\u0101 ar CE dro\u0161\u012bbas un emisijas standartiem. RoHS atbilst\u012bba p\u0113c piepras\u012bjuma<\/td>\n<\/tr>\n<\/tbody>\n<\/table>\n","protected":false},"excerpt":{"rendered":"<p>LIELS \u0100TRUMS<br \/>\nTharo PA500w printeris \/ aplikators var pielietot vair\u0101k nek\u0101 100 eti\u0137etes min\u016bt\u0113. Uzl\u012bmes lielums un pielietojums.<br \/>\nPREC\u012aZS<br \/>\nIzvietojuma precizit\u0101ti nodro\u0161ina printera pak\u0101pju motora vad\u012bba. PA500w tiek pieg\u0101d\u0101ts kop\u0101 ar produkta sensoru un kontrolieri, lai kontrol\u0113tu aplikatora aktiviz\u0113\u0161anu, lai novietotu eti\u0137eti uz izstr\u0101d\u0101juma. Precizit\u0101te ir atkar\u012bga no eti\u0137etes izm\u0113ra un pielietojuma.<br \/>\nEKONOMISKS<br \/>\nAr minim\u0101lu apm\u0101c\u012bbu, \u0101tru integr\u0101ciju un liel\u0101ku produktivit\u0101ti, PA500w ir l\u0113ts risin\u0101jums j\u016bsu pras\u012bgaj\u0101m mar\u0137\u0113\u0161anas pras\u012bb\u0101m. T\u0101 k\u0101 sist\u0113ma ir elektriska, nav nepiecie\u0161ams saspiest\u0101 gaisa, kas padara PA500w par lielisku naudas taup\u012b\u0161anu!<br \/>\nIZTUR\u012aGS<br \/>\nPA500w tika uzb\u016bv\u0113ts t\u0101, lai tiktu izmantoti ar laiku p\u0101rbaud\u012bt\u0101m sast\u0101vda\u013c\u0101m. Pateicoties iztur\u012bgai uzticam\u012bbai, PA500w nodro\u0161ina prec\u012bzu un bezr\u016bp\u012bgu darb\u012bbu ar maksim\u0101lu darba laiku un zemu apkopi.<br \/>\nAUGST\u0100K\u0100 L\u012aME\u0145A DRUKAS VEIKSTSP\u0112JA<br \/>\nTharo siltuma \/ siltuma p\u0101rneses eti\u0137etes printeri druk\u0101 ar 203 vai 300 dpi iz\u0161\u0137irtsp\u0113ju, vienlaikus izmantojot uzlabotas eti\u0137etes apstr\u0101des iesp\u0113jas.<br \/>\nVIEGLI APKALPOT<br \/>\nAr da\u017e\u0101m kust\u012bg\u0101m deta\u013c\u0101m, PA500w ir viegli apkalpojams, un m\u016bsu uzticamais klientu apkalpo\u0161anas p\u0113cp\u0101rdo\u0161anas pakalpojums nodro\u0161ina teicamu tehnisko atbalstu.<br \/>\nIEK\u0100RTAS EFEKTIVIT\u0100TE UN VERSATILIT\u0100TE<br \/>\nNot\u012bra suka nodro\u0161ina pareizu pielietojumu glud\u0101m, plakan\u0101m virsm\u0101m, k\u0101 ar\u012b nel\u012bdzen\u0101m virsm\u0101m. J\u016bs varat uzl\u012bm\u0113t eti\u0137etes no 76,2 mm x 25,4 mm l\u012bdz 114,3 mm x 177,8 mm uz da\u017e\u0101diem priek\u0161metiem, ieskaitot kartona kastes, papl\u0101tes un blistera iepakojumus, somas un k\u0101rbas.<br \/>\nVIEGLI IZMANTOT<br \/>\nKompakts PA500w ir vienk\u0101r\u0161i lietojams. J\u016bs varat \u0101tri uzst\u0101d\u012bt un p\u0101rsl\u0113gt PA500w uz aug\u0161u, vai ar\u012b uz s\u0101niem. PA500w ar\u012b viegli integr\u0113jas eso\u0161aj\u0101s ra\u017eo\u0161anas l\u012bnij\u0101s un iepako\u0161anas sist\u0113m\u0101s.<\/p>\n","protected":false},"featured_media":636,"template":"","meta":[],"_links":{"self":[{"href":"http:\/\/opesbaltic.lv\/lv\/wp-json\/wp\/v2\/product\/1445"}],"collection":[{"href":"http:\/\/opesbaltic.lv\/lv\/wp-json\/wp\/v2\/product"}],"about":[{"href":"http:\/\/opesbaltic.lv\/lv\/wp-json\/wp\/v2\/types\/product"}],"wp:featuredmedia":[{"embeddable":true,"href":"http:\/\/opesbaltic.lv\/lv\/wp-json\/wp\/v2\/media\/636"}],"wp:attachment":[{"href":"http:\/\/opesbaltic.lv\/lv\/wp-json\/wp\/v2\/media?parent=1445"}],"curies":[{"name":"wp","href":"https:\/\/api.w.org\/{rel}","templated":true}]}}