{"id":1439,"date":"2017-09-28T18:11:49","date_gmt":"2017-09-28T15:11:49","guid":{"rendered":"http:\/\/opesbaltic.lv\/product\/moderato\/"},"modified":"2018-02-01T11:51:52","modified_gmt":"2018-02-01T08:51:52","slug":"moderato","status":"publish","type":"product","link":"http:\/\/opesbaltic.lv\/lv\/product\/moderato\/","title":{"rendered":"Moderato"},"content":{"rendered":"<p>&nbsp;<\/p>\n<table>\n<colgroup>\n<col width=\"325px\" \/>\n<col width=\"602px\" \/> <\/colgroup>\n<tbody>\n<tr>\n<th>Eti\u0137etes platums<\/th>\n<td>No 20 mm l\u012bdz 104 mm<\/td>\n<\/tr>\n<tr>\n<th>Eti\u0137etes garums<\/th>\n<td>No 20 mm l\u012bdz 250 mm<\/td>\n<\/tr>\n<tr>\n<th>Iz\u0161\u0137irtsp\u0113ja<\/th>\n<td>No 200 l\u012bdz 300 dpi<\/td>\n<\/tr>\n<tr>\n<th>Eti\u0137etes diametrs<\/th>\n<td>L\u012bdz 300 mm<\/td>\n<\/tr>\n<tr>\n<th>Darb\u012bba<\/th>\n<td>Tie\u0161saist\u0113 vai bezsaist\u0113<\/td>\n<\/tr>\n<tr>\n<th>Sv\u012btru kodu apstr\u0101de<\/th>\n<td>Ieskaitot 2D<\/td>\n<\/tr>\n<tr>\n<th>Baro\u0161anas avots<\/th>\n<td>230 V<\/td>\n<\/tr>\n<\/tbody>\n<\/table>\n","protected":false},"excerpt":{"rendered":"<p>Moderato ir iespiesta druk\u0101\u0161anas un pielieto\u0161anas ier\u012bce:<\/p>\n<ol>\n<li>Main\u012bg\u0101 inform\u0101cija:<br \/>\n&#8211; Sv\u012btrkodi;<br \/>\n&#8211; ra\u017eo\u0161anas kodi;<br \/>\n&#8211; Laiks;<br \/>\n&#8211; sec\u012bbu numuri<\/li>\n<li>Fiks\u0113t\u0101 inform\u0101cija:<br \/>\n&#8211; v\u0101rdi;<br \/>\n&#8211; kompoz\u012bcijas;<br \/>\n&#8211; Grafika<br \/>\nuz l\u012bm\u0113jo\u0161\u0101m eti\u0137et\u0113m un p\u0113c tam uz eti\u0137et\u0113m uz produktu vien\u012bb\u0101m vai lielapjoma iepakojumiem.<\/li>\n<\/ol>\n","protected":false},"featured_media":634,"template":"","meta":[],"_links":{"self":[{"href":"http:\/\/opesbaltic.lv\/lv\/wp-json\/wp\/v2\/product\/1439"}],"collection":[{"href":"http:\/\/opesbaltic.lv\/lv\/wp-json\/wp\/v2\/product"}],"about":[{"href":"http:\/\/opesbaltic.lv\/lv\/wp-json\/wp\/v2\/types\/product"}],"wp:featuredmedia":[{"embeddable":true,"href":"http:\/\/opesbaltic.lv\/lv\/wp-json\/wp\/v2\/media\/634"}],"wp:attachment":[{"href":"http:\/\/opesbaltic.lv\/lv\/wp-json\/wp\/v2\/media?parent=1439"}],"curies":[{"name":"wp","href":"https:\/\/api.w.org\/{rel}","templated":true}]}}