{"id":1433,"date":"2017-09-28T18:15:14","date_gmt":"2017-09-28T15:15:14","guid":{"rendered":"http:\/\/opesbaltic.lv\/product\/presto\/"},"modified":"2018-02-01T11:43:28","modified_gmt":"2018-02-01T08:43:28","slug":"presto","status":"publish","type":"product","link":"http:\/\/opesbaltic.lv\/lv\/product\/presto\/","title":{"rendered":"Presto"},"content":{"rendered":"<p>&nbsp;<\/p>\n<table>\n<colgroup>\n<col width=\"325px\" \/>\n<col width=\"602px\" \/> <\/colgroup>\n<tbody>\n<tr>\n<th>Eti\u0137etes platums<\/th>\n<td>No 10 mm l\u012bdz 160 mm<\/td>\n<\/tr>\n<tr>\n<th>Eti\u0137etes garums<\/th>\n<td>No 10 mm l\u012bdz 300 mm<\/td>\n<\/tr>\n<tr>\n<th>Drukas platums<\/th>\n<td>L\u012bdz 128 mm<\/td>\n<\/tr>\n<tr>\n<th>Drukas garums<\/th>\n<td>L\u012bdz 75 mm<\/td>\n<\/tr>\n<tr>\n<th>Iz\u0161\u0137irtsp\u0113ja<\/th>\n<td>300 dpi<\/td>\n<\/tr>\n<tr>\n<th>Mar\u0137\u0113\u0161anas \u0101trums<\/th>\n<td>No 2 l\u012bdz 65 m \/ min<\/td>\n<\/tr>\n<tr>\n<th>Eti\u0137etes diametrs<\/th>\n<td>No 270 mm l\u012bdz 410 mm<\/td>\n<\/tr>\n<tr>\n<th>Baro\u0161anas avots<\/th>\n<td>230 V<\/td>\n<\/tr>\n<\/tbody>\n<\/table>\n","protected":false},"excerpt":{"rendered":"<p>Presto ir iespiesta un uzl\u012bm\u0113jama ier\u012bce eti\u0137e\u0161u vai iepakojuma iepako\u0161anai, druk\u0101jot un izmantojot eti\u0137etes. Presto ir ier\u012bce, kuras pamat\u0101 ir liel\u0101kais eti\u0137et\u0113\u0161anas galvas modelis &#8211; &#8220;Golf&#8221; &#8211; un uzticami siltuma p\u0101rneses printeri. Presto galvenok\u0101rt tiek pied\u0101v\u0101ts uzl\u012bmju eti\u0137et\u0113m, kas s\u0101kotn\u0113ji druk\u0101tas drukas darbn\u012bc\u0101, un pieteikuma laik\u0101 tuk\u0161a vieta atst\u0101ta papildu main\u012bgas inform\u0101cijas druk\u0101\u0161anai.<\/p>\n","protected":false},"featured_media":638,"template":"","meta":[],"_links":{"self":[{"href":"http:\/\/opesbaltic.lv\/lv\/wp-json\/wp\/v2\/product\/1433"}],"collection":[{"href":"http:\/\/opesbaltic.lv\/lv\/wp-json\/wp\/v2\/product"}],"about":[{"href":"http:\/\/opesbaltic.lv\/lv\/wp-json\/wp\/v2\/types\/product"}],"wp:featuredmedia":[{"embeddable":true,"href":"http:\/\/opesbaltic.lv\/lv\/wp-json\/wp\/v2\/media\/638"}],"wp:attachment":[{"href":"http:\/\/opesbaltic.lv\/lv\/wp-json\/wp\/v2\/media?parent=1433"}],"curies":[{"name":"wp","href":"https:\/\/api.w.org\/{rel}","templated":true}]}}