{"id":1427,"date":"2017-10-03T16:55:54","date_gmt":"2017-10-03T13:55:54","guid":{"rendered":"http:\/\/opesbaltic.lv\/product\/sigma-flex\/"},"modified":"2018-02-01T11:31:11","modified_gmt":"2018-02-01T08:31:11","slug":"sigma-flex","status":"publish","type":"product","link":"http:\/\/opesbaltic.lv\/lv\/product\/sigma-flex\/","title":{"rendered":"Sigma Flex"},"content":{"rendered":"<p>&nbsp;<\/p>\n<table>\n<colgroup>\n<col width=\"325px\" \/>\n<col width=\"602px\" \/> <\/colgroup>\n<tbody>\n<tr>\n<th>Ievade<\/th>\n<td>230 V AC, vienf\u0101zes<\/td>\n<\/tr>\n<tr>\n<th>Plomb\u0113\u0161anas jauda (vid\u0113j\u0101 izlaide)<\/th>\n<td>\u00a04 &#8211; 6 pudeles \/ min\u016bt\u0113<\/td>\n<\/tr>\n<tr>\n<th>Cepures izm\u0113rs<\/th>\n<td>20 mm &#8211; 120 mm<\/td>\n<\/tr>\n<\/tbody>\n<\/table>\n","protected":false},"excerpt":{"rendered":"<p>Tas ir \u012bpa\u0161i izstr\u0101d\u0101ts rokas gala nosl\u0113g\u0161anai zemas ra\u017eo\u0161anas vajadz\u012bb\u0101m.<br \/>\n<strong>P\u0101rn\u0113s\u0101jams:<\/strong> sist\u0113ma ir pietiekami maza, lai to var\u0113tu n\u0113s\u0101t un aizz\u012bmogot jebkur. Viegla p\u0101rvieto\u0161ana.<br \/>\n<strong>Nepiecie\u0161amais \u016bdens:<\/strong> bez\u016bdens, 100% ar gaisa dzes\u0113\u0161anu univers\u0101la spole, kas sp\u0113j nosl\u0113gt pla\u0161u sl\u0113g\u0161anas diametru kl\u0101stu.<br \/>\n<strong>Digit\u0101lais mikst\u016bras piesk\u0101riena membr\u0101nas vad\u012bbas panelis:<\/strong> \u0113rtai lietot\u0101ja saskarnei.<br \/>\nKoaksi\u0101lais kabelis. Augstas efektivit\u0101tes, zemu zudumu kabelis \u013cauj pagarin\u0101t garumu un \u012bs\u0101kus siltuma ciklus.<br \/>\n<strong>Digit\u0101lais UP \/ Down taimeris:<\/strong> prec\u012bzs laika uzskaite un optim\u0101ls bl\u012bv\u0113jums.<br \/>\n<strong>Lietot\u0101jam draudz\u012bgs:<\/strong> nav t\u016bnings, nav instrumentu, vienk\u0101r\u0161i pievienojiet to 230 V vienai str\u0101vas padevei, iestatiet taimeri un bl\u012bvi.<br \/>\n<strong>Turpina lietot:<\/strong> Rugged, built to last. \u0160o ma\u0161\u012bnu var past\u0101v\u012bgi izmantot 24 stundas. ra\u017eo\u0161ana.<br \/>\n<strong>Univers\u0101ls:<\/strong> mazs izm\u0113rs, bet liels p\u0113c snieguma, Sigma Flex aizz\u012bmogos sl\u0113gumus no 15 mm l\u012bdz 60 mm vai no 60 mm l\u012bdz 120 mm.<br \/>\n\u0100tri un viegli uzst\u0101d\u012bt<\/p>\n","protected":false},"featured_media":681,"template":"","meta":[],"_links":{"self":[{"href":"http:\/\/opesbaltic.lv\/lv\/wp-json\/wp\/v2\/product\/1427"}],"collection":[{"href":"http:\/\/opesbaltic.lv\/lv\/wp-json\/wp\/v2\/product"}],"about":[{"href":"http:\/\/opesbaltic.lv\/lv\/wp-json\/wp\/v2\/types\/product"}],"wp:featuredmedia":[{"embeddable":true,"href":"http:\/\/opesbaltic.lv\/lv\/wp-json\/wp\/v2\/media\/681"}],"wp:attachment":[{"href":"http:\/\/opesbaltic.lv\/lv\/wp-json\/wp\/v2\/media?parent=1427"}],"curies":[{"name":"wp","href":"https:\/\/api.w.org\/{rel}","templated":true}]}}